{"id":16673,"date":"2024-08-30T14:29:36","date_gmt":"2024-08-30T12:29:36","guid":{"rendered":"https:\/\/mm-live.digilicious.cloud\/our-organisation\/"},"modified":"2025-11-05T14:38:35","modified_gmt":"2025-11-05T13:38:35","slug":"unsere-organisation","status":"publish","type":"page","link":"https:\/\/mm-test.digilicious.cloud\/de\/unternehmen\/unsere-organisation\/","title":{"rendered":"Unsere Organisation"},"content":{"rendered":"<section id=\"block_07a95184352d52b125cc1b591d283270\" data-block_07a95184352d52b125cc1b591d283270 class=\"hero-page align light-green  container-bg  page-child\">\n  <div class=\"container-big\">\n    <div class=\"container\">\n      <div class=\"col-info\">\n                                  <h1 class=\"title mb-2\">Unsere Organisation<\/h1>\n                          <div class=\"text\"><p>MM ist in drei Divisionen gegliedert: MM Board &amp; Paper, MM Food &amp; Premium und MM Pharma &amp; Healthcare Packaging.<\/p>\n<\/div>\n                      <\/div>\n    <\/div>\n    <div class=\"col-imgs \">\n              <picture class=\"patterns\">\n          <source media=\"(min-width:1280px)\" srcset=\"https:\/\/mm-test.digilicious.cloud\/wp-content\/uploads\/header-pattern-image-inside-desktop.webp\">\n          <source media=\"(min-width:768px)\" srcset=\"https:\/\/mm-test.digilicious.cloud\/wp-content\/uploads\/header-pattern-image-inside-tablet.webp\">\n          <img fetchpriority=\"high\" src=\"https:\/\/mm-test.digilicious.cloud\/wp-content\/uploads\/header-pattern-image-inside-mobile-1.webp\" alt=\"\" width=\"1538\" height=\"512\" loading=\"eager\" decoding=\"async\" >\n        <\/picture>      \n                    <picture class=\"background-image\">\n          <source media=\"(min-width:1280px)\" srcset=\"https:\/\/mm-test.digilicious.cloud\/wp-content\/uploads\/header-background-our-organisation-desktop.webp\">\n          <source media=\"(min-width:768px)\" srcset=\"https:\/\/mm-test.digilicious.cloud\/wp-content\/uploads\/header-background-our-organisation-tablet.webp\">\n          <img src=\"https:\/\/mm-test.digilicious.cloud\/wp-content\/uploads\/header-background-our-organisation-mobile.webp\" alt=\"\" width=\"1516\" height=\"512\" loading=\"eager\" decoding=\"async\" >\n        <\/picture> \n          <\/div>\n  <\/div>\n<\/section>\n<section class=\"section-breadcrumb container-bg\">\n        <div class=\"container\">\n            <nav aria-label=\"breadcrumbs\" class=\"rank-math-breadcrumb\"><p><a href=\"https:\/\/mm-test.digilicious.cloud\/de\/\">MM Group<\/a><span class=\"separator\"> \/ <\/span><a href=\"https:\/\/mm-test.digilicious.cloud\/de\/wp-json\/\">Wp Json<\/a><span class=\"separator\"> \/ <\/span><a href=\"https:\/\/mm-test.digilicious.cloud\/de\/wp-json\/wp\/\">Wp<\/a><span class=\"separator\"> \/ <\/span><a href=\"https:\/\/mm-test.digilicious.cloud\/de\/wp-json\/wp\/v2\/\">V2<\/a><span class=\"separator\"> \/ <\/span><a href=\"https:\/\/mm-test.digilicious.cloud\/de\/wp-json\/wp\/v2\/pages\/\">Pages<\/a><span class=\"separator\"> \/ <\/span><span class=\"last\">16673<\/span><\/p><\/nav>    \n        <\/div>\n    <\/section>\n\n\n<section id=\"block_84795a737cb0d9b38ac46acdf8618bea\" data-block_84795a737cb0d9b38ac46acdf8618bea class=\"content-basic align transparent  container-bg \">\n  <div class=\"container\">\n    <div class=\"info_basic \">\n      <div class=\"section-info mb-10 max-w-[833px] \">\n                    <div class=\"pretitle accent-color mb-3\">Divisionen<\/div>\n                                    <div class=\"section_text \"><p>Als Marktf\u00fchrer sowohl in der Produktion als auch in der Verarbeitung von Karton ist die MM Gruppe in Europa einzigartig aufgestellt. Ein umfassendes Produktportfolio und die breite geographische Pr\u00e4senz bieten Balance und Potential.<br \/>\nDie Segmente MM Board &amp; Paper, MM Food &amp; Premium Packaging und MM Pharma &amp; Healthcare Packaging sind eigenst\u00e4ndige Profit-Center, die untereinander zu Marktkonditionen verkehren.<\/p>\n<\/div>\n                \n            <\/div>\n    <\/div>\n  <\/div>\n<\/section>\n\n<section id=\"block_e5727ce370b84c435e13ff961f68e3fe\" data-block_e5727ce370b84c435e13ff961f68e3fe class=\"side-by-side-charts align container-bg light-green\">\n  <div class=\"charts-lists\">\n                 <div class=\"chart color-mm-group\">\n        <div class=\"chart-heading\">\n          <p class=\"chart-title title-small\">% Sales<\/p>\n          <p class=\"chart-subtitle\">(Werte Q3 2025, LTM)<\/p>\n        <\/div>\n        <div class=\"highcharts-container \">\n                                   <div class=\"chart-data \" data-chart-title=\"Board &#038; Paper\" data-chart-value=\"44\" data-chart-color=\"#75ad94\"><\/div>\n                                   <div class=\"chart-data \" data-chart-title=\"Food &#038; Premium Packaging\" data-chart-value=\"41\" data-chart-color=\"#014c3c\"><\/div>\n                                   <div class=\"chart-data \" data-chart-title=\"Pharma &#038; Healthcare Packaging\" data-chart-value=\"15\" data-chart-color=\"#18764c\"><\/div>\n                  <\/div>\n      <\/div>\n                 <div class=\"chart color-mm-group\">\n        <div class=\"chart-heading\">\n          <p class=\"chart-title title-small\">% adj. EBITDA<\/p>\n          <p class=\"chart-subtitle\">(Werte Q2 2025)<\/p>\n        <\/div>\n        <div class=\"highcharts-container \">\n                                   <div class=\"chart-data \" data-chart-title=\"Food &#038; Premium Packaging\" data-chart-value=\"54\" data-chart-color=\"#75ad94\"><\/div>\n                                   <div class=\"chart-data \" data-chart-title=\"Pharma &#038; Healthcare Packaging\" data-chart-value=\"17\" data-chart-color=\"#014c3c\"><\/div>\n                                   <div class=\"chart-data \" data-chart-title=\"Board &#038; Paper\" data-chart-value=\"29\" data-chart-color=\"#18764c\"><\/div>\n                  <\/div>\n      <\/div>\n      <\/div>\n<\/section>\n\n<section id=\"block_84b335285bfb257ce7e581dc2348f310\" data-block_84b335285bfb257ce7e581dc2348f310 class=\"card-bg-image-grid-list align white  container-bg \">\n    <div class=\"container\">\n      <div class=\"section-info mb-10 max-w-[833px] \">\n                            <h2 class=\"title mb-4\">Unsere Divisionen<\/h2>\n                        \n            <\/div>\n      <div class=\"grid-list\" style=\"--gridColumns: 3\">\n                             <div class=\"card-w-bg-image \" style=\"--bgColor: black; --textColor:#ffffff;\">\n            <a href=\"https:\/\/mm-test.digilicious.cloud\/de\/unternehmen\/unsere-organisation\/mm-board-paper\/\" class=\"card-inner\" title=\"MM Board &#038; Paper\"  target=\"\">\n      \n          \n                    <h3 class=\"card-w-bg-image-title\">MM Board &#038; Paper<\/h3>\n          \n        <div class=\"card-w-bg-image-footer\">\n                                        <div class=\"card-w-bg-image-svg-wrapper animation-rounded-scale\">\n                    <svg width=\"60\" height=\"60\" viewBox=\"0 0 60 60\" fill=\"none\" xmlns=\"http:\/\/www.w3.org\/2000\/svg\">\n<path d=\"M24.42 52.4961L26.7484 49.8621L6.26789 31.7579L60 31.7579L60 28.2423L6.26789 28.2423L26.7484 10.1381L24.42 7.50406L2.04617e-06 29.0906L1.88715e-06 30.9096L24.42 52.4961Z\" fill=\"currentColor\"\/>\n<\/svg>\n                <\/div>\n                    <\/div>\n            <\/a>\n        \n            <img src=\"https:\/\/mm-test.digilicious.cloud\/wp-content\/uploads\/BP-1024x1024px.jpg\" alt=\"MM Board &amp; Paper product\" width=\"1024\" height=\"1024\" loading=\"lazy\" decoding=\"async\" class=\"bg-image\">\n    <\/div>                             <div class=\"card-w-bg-image \" style=\"--bgColor: black; --textColor:#ffffff;\">\n            <a href=\"https:\/\/mm-test.digilicious.cloud\/de\/unternehmen\/unsere-organisation\/mm-food-premium-packaging\/\" class=\"card-inner\" title=\"MM Food &#038; Premium Packaging\"  target=\"\">\n      \n          \n                    <h3 class=\"card-w-bg-image-title\">MM Food &#038; Premium Packaging<\/h3>\n          \n        <div class=\"card-w-bg-image-footer\">\n                                        <div class=\"card-w-bg-image-svg-wrapper animation-rounded-scale\">\n                    <svg width=\"60\" height=\"60\" viewBox=\"0 0 60 60\" fill=\"none\" xmlns=\"http:\/\/www.w3.org\/2000\/svg\">\n<path d=\"M24.42 52.4961L26.7484 49.8621L6.26789 31.7579L60 31.7579L60 28.2423L6.26789 28.2423L26.7484 10.1381L24.42 7.50406L2.04617e-06 29.0906L1.88715e-06 30.9096L24.42 52.4961Z\" fill=\"currentColor\"\/>\n<\/svg>\n                <\/div>\n                    <\/div>\n            <\/a>\n        \n            <img src=\"https:\/\/mm-test.digilicious.cloud\/wp-content\/uploads\/MMP-placeholder_2.jpg\" alt=\"mm packaging beauty &amp; personal care\" width=\"1000\" height=\"1000\" loading=\"lazy\" decoding=\"async\" class=\"bg-image\">\n    <\/div>                             <div class=\"card-w-bg-image \" style=\"--bgColor: black; --textColor:#ffffff;\">\n            <a href=\"https:\/\/mm-test.digilicious.cloud\/de\/unternehmen\/unsere-organisation\/mm-pharma-healthcare-packaging\/\" class=\"card-inner\" title=\"MM Pharma &#038; Healthcare Packaging\"  target=\"\">\n      \n          \n                    <h3 class=\"card-w-bg-image-title\">MM Pharma &#038; Healthcare Packaging<\/h3>\n          \n        <div class=\"card-w-bg-image-footer\">\n                                        <div class=\"card-w-bg-image-svg-wrapper animation-rounded-scale\">\n                    <svg width=\"60\" height=\"60\" viewBox=\"0 0 60 60\" fill=\"none\" xmlns=\"http:\/\/www.w3.org\/2000\/svg\">\n<path d=\"M24.42 52.4961L26.7484 49.8621L6.26789 31.7579L60 31.7579L60 28.2423L6.26789 28.2423L26.7484 10.1381L24.42 7.50406L2.04617e-06 29.0906L1.88715e-06 30.9096L24.42 52.4961Z\" fill=\"currentColor\"\/>\n<\/svg>\n                <\/div>\n                    <\/div>\n            <\/a>\n        \n            <img src=\"https:\/\/mm-test.digilicious.cloud\/wp-content\/uploads\/header-background-packaging-markets-pharma-packaging-desktop.webp\" alt=\"Healthcare &amp; Pharmaceutical packaging\" width=\"1024\" height=\"1024\" loading=\"lazy\" decoding=\"async\" class=\"bg-image\">\n    <\/div>              <\/div>\n    <\/div>\n  <\/section>\n\n\n<section id=\"block_6313a0eccae2ef76b9e142a967d53fd2\" data-block_6313a0eccae2ef76b9e142a967d53fd2 class=\"separator-w-icon align white position-right  container-bg  \">\n  <div class=\"container\">\n    <div class=\"inner relative\" data-aos=\"fade-up\" data-aos-duration=\"1000\">\n      <picture>\n                  <source media=\"(min-width: 1024px)\" srcset=\"https:\/\/mm-test.digilicious.cloud\/wp-content\/uploads\/icon-3.svg\">\n                <img src=\"https:\/\/mm-test.digilicious.cloud\/wp-content\/uploads\/icon-3.svg\" alt=\"\" width=\"300\" height=\"200\" loading=\"lazy\" decoding=\"async\" class=\"bg-image\">\n    <\/picture>\n    <\/div>\n  <\/div>\n<\/section>\n\n<section id=\"block_bba1b72f8ad754bdf6304052f08922e6\" data-block_bba1b72f8ad754bdf6304052f08922e6 class=\"banner-cta-side-by-side align transparent  transparent container-bg  style-investors\">\n  <div class=\"container-big\">\n                 <div class=\"cta-col\">\n        <p class=\"cta-col-pretitle pretitle\">Investoren<\/p>\n        <h2 class=\"cta-col-title title\">Nehmen Sie Kontakt mit Investor Relations auf!<\/h2>\n        <div class=\"cta-col-text section_text\"><p>Wir freuen uns auf Ihre Nachricht und sind stets um eine schnelle Antwort bem\u00fcht.<\/p>\n<\/div>\n        <a href=\"https:\/\/mm-test.digilicious.cloud\/de\/investoren\/kontaktieren-sie-uns\/\" class=\"btn btn-primary\" target=\"\" title=\"Jetzt kontaktieren\">\n          <span>\n            Jetzt kontaktieren\n                      <\/span>\n        <\/a>\n      <\/div>\n                 <div class=\"cta-col\">\n        <p class=\"cta-col-pretitle pretitle\">IR News<\/p>\n        <h2 class=\"cta-col-title title\"> Publikationsmailing<\/h2>\n        <div class=\"cta-col-text section_text\"><p>Zum laufenden Erhalt von Unternehmensberichten sowie Pressemitteilungen der Gesellschaft bieten wir f\u00fcr Aktion\u00e4r:innen und Interessenten die M\u00f6glichkeit einer diesbez\u00fcglichen Registrierung.<\/p>\n<\/div>\n        <a href=\"#form-id-12\" class=\"btn btn-primary\" target=\"\" title=\"Jetzt anfragen\">\n          <span>\n            Jetzt anfragen\n                      <\/span>\n        <\/a>\n      <\/div>\n      <\/div>\n<\/section>","protected":false},"excerpt":{"rendered":"","protected":false},"author":1,"featured_media":0,"parent":16679,"menu_order":61,"comment_status":"closed","ping_status":"closed","template":"","meta":{"_acf_changed":false,"inline_featured_image":false,"footnotes":""},"page-category":[],"class_list":["post-16673","page","type-page","status-publish","hentry"],"acf":[],"_links":{"self":[{"href":"https:\/\/mm-test.digilicious.cloud\/de\/wp-json\/wp\/v2\/pages\/16673","targetHints":{"allow":["GET"]}}],"collection":[{"href":"https:\/\/mm-test.digilicious.cloud\/de\/wp-json\/wp\/v2\/pages"}],"about":[{"href":"https:\/\/mm-test.digilicious.cloud\/de\/wp-json\/wp\/v2\/types\/page"}],"author":[{"embeddable":true,"href":"https:\/\/mm-test.digilicious.cloud\/de\/wp-json\/wp\/v2\/users\/1"}],"replies":[{"embeddable":true,"href":"https:\/\/mm-test.digilicious.cloud\/de\/wp-json\/wp\/v2\/comments?post=16673"}],"version-history":[{"count":1,"href":"https:\/\/mm-test.digilicious.cloud\/de\/wp-json\/wp\/v2\/pages\/16673\/revisions"}],"predecessor-version":[{"id":67467,"href":"https:\/\/mm-test.digilicious.cloud\/de\/wp-json\/wp\/v2\/pages\/16673\/revisions\/67467"}],"up":[{"embeddable":true,"href":"https:\/\/mm-test.digilicious.cloud\/de\/wp-json\/wp\/v2\/pages\/16679"}],"wp:attachment":[{"href":"https:\/\/mm-test.digilicious.cloud\/de\/wp-json\/wp\/v2\/media?parent=16673"}],"wp:term":[{"taxonomy":"page-category","embeddable":true,"href":"https:\/\/mm-test.digilicious.cloud\/de\/wp-json\/wp\/v2\/page-category?post=16673"}],"curies":[{"name":"wp","href":"https:\/\/api.w.org\/{rel}","templated":true}]}}