{"id":16674,"date":"2024-08-30T14:51:20","date_gmt":"2024-08-30T12:51:20","guid":{"rendered":"https:\/\/mm-live.digilicious.cloud\/our-organisation\/mm-board-paper\/"},"modified":"2025-11-05T14:35:59","modified_gmt":"2025-11-05T13:35:59","slug":"mm-board-paper","status":"publish","type":"page","link":"https:\/\/mm-test.digilicious.cloud\/de\/unternehmen\/unsere-organisation\/mm-board-paper\/","title":{"rendered":"MM Board &#038; Paper"},"content":{"rendered":"<section id=\"block_e6f1b6ad3085e3eddde169fe9cff926c\" data-block_e6f1b6ad3085e3eddde169fe9cff926c class=\"hero-page align light-green  container-bg  page-subchild\">\n  <div class=\"container-big\">\n    <div class=\"container\">\n      <div class=\"col-info\">\n                                  <h1 class=\"title mb-2\">MM Board &#038; Paper<\/h1>\n                          <div class=\"text\"><p>MM Board &amp; Paper ist f\u00fchrender Kartonproduzent in Europa* mit einer attraktiven Position bei Kraftpapier und ungestrichenem Feinpapier.<\/p>\n<\/div>\n                      <\/div>\n    <\/div>\n    <div class=\"col-imgs \">\n              <picture class=\"patterns\">\n          <source media=\"(min-width:1280px)\" srcset=\"https:\/\/mm-test.digilicious.cloud\/wp-content\/uploads\/header-pattern-image-inside-desktop.webp\">\n          <source media=\"(min-width:768px)\" srcset=\"https:\/\/mm-test.digilicious.cloud\/wp-content\/uploads\/header-pattern-image-inside-tablet.webp\">\n          <img fetchpriority=\"high\" src=\"https:\/\/mm-test.digilicious.cloud\/wp-content\/uploads\/header-pattern-image-inside-mobile-1.webp\" alt=\"\" width=\"1538\" height=\"512\" loading=\"eager\" decoding=\"async\" >\n        <\/picture>      \n                    <picture class=\"background-image\">\n          <source media=\"(min-width:1280px)\" srcset=\"https:\/\/mm-test.digilicious.cloud\/wp-content\/uploads\/header-background-company-our-organisational-structure-mm-board-paper-desktop.webp\">\n          <source media=\"(min-width:768px)\" srcset=\"https:\/\/mm-test.digilicious.cloud\/wp-content\/uploads\/header-background-company-our-organisational-structure-mm-board-paper-tablet.webp\">\n          <img src=\"https:\/\/mm-test.digilicious.cloud\/wp-content\/uploads\/header-background-company-our-organisational-structure-mm-board-paper-mobile.webp\" alt=\"\" width=\"1516\" height=\"512\" loading=\"eager\" decoding=\"async\" >\n        <\/picture> \n          <\/div>\n  <\/div>\n<\/section>\n<section class=\"section-breadcrumb container-bg\">\n        <div class=\"container\">\n            <nav aria-label=\"breadcrumbs\" class=\"rank-math-breadcrumb\"><p><a href=\"https:\/\/mm-test.digilicious.cloud\/de\/\">MM Group<\/a><span class=\"separator\"> \/ <\/span><a href=\"https:\/\/mm-test.digilicious.cloud\/de\/wp-json\/\">Wp Json<\/a><span class=\"separator\"> \/ <\/span><a href=\"https:\/\/mm-test.digilicious.cloud\/de\/wp-json\/wp\/\">Wp<\/a><span class=\"separator\"> \/ <\/span><a href=\"https:\/\/mm-test.digilicious.cloud\/de\/wp-json\/wp\/v2\/\">V2<\/a><span class=\"separator\"> \/ <\/span><a href=\"https:\/\/mm-test.digilicious.cloud\/de\/wp-json\/wp\/v2\/pages\/\">Pages<\/a><span class=\"separator\"> \/ <\/span><span class=\"last\">16674<\/span><\/p><\/nav>    \n        <\/div>\n    <\/section>\n\n\n<section id=\"block_478ef7264ae622c30c3e386596a63eb3\" data-block_478ef7264ae622c30c3e386596a63eb3 class=\"basic-info align white  container-bg   text-center \">\n  <div class=\"container\">\n    <div class=\"info_wrapper\" data-aos=\"fade-up\" data-aos-duration=\"1000\">\n                    <div class=\"basic_text title-small\"><p>MM Board &amp; Paper stellt eine breite Palette von Kartonprodukten f\u00fcr ein vielf\u00e4ltiges Einsatzspektrum mit Schwerpunkt im Verpackungsbereich her.<\/p>\n<p>Ziel ist es, durch eine starke Wettbewerbsposition, basierend auf Standortgr\u00f6\u00dfe, Innovation und Nachhaltigkeit, schneller als der Markt zu wachsen.<\/p>\n<\/div>\n                <\/div>\n  <\/div>\n<\/section>\n\n<section id=\"block_7d64293266b46815333a079769f6b9b8\" data-block_7d64293266b46815333a079769f6b9b8 class=\"side-by-side-charts align container-bg transparent\">\n  <div class=\"charts-lists\">\n                 <div class=\"chart color-mm-group\">\n        <div class=\"chart-heading\">\n          <p class=\"chart-title title-small\">B&#038;P Anteil Konzernumsatz<\/p>\n          <p class=\"chart-subtitle\">Werte Q2 2025 (LTM)<\/p>\n        <\/div>\n        <div class=\"highcharts-container  first_highlighted \">\n                                   <div class=\"chart-data \" data-chart-title=\"\" data-chart-value=\"44\" data-chart-color=\"#18764c\"><\/div>\n                                   <div class=\"chart-data \" data-chart-title=\"\" data-chart-value=\"56\" data-chart-color=\"#75ad94\"><\/div>\n                  <\/div>\n      <\/div>\n                 <div class=\"chart color-mm-group\">\n        <div class=\"chart-heading\">\n          <p class=\"chart-title title-small\">B&#038;P Anteil bereinigtes EBITDA Konzern<\/p>\n          <p class=\"chart-subtitle\">Werte Q2 2025 (LTM)<\/p>\n        <\/div>\n        <div class=\"highcharts-container  first_highlighted \">\n                                   <div class=\"chart-data \" data-chart-title=\"\" data-chart-value=\"29\" data-chart-color=\"#18764c\"><\/div>\n                                   <div class=\"chart-data \" data-chart-title=\"\" data-chart-value=\"71\" data-chart-color=\"#75ad94\"><\/div>\n                  <\/div>\n      <\/div>\n      <\/div>\n<\/section>\n\n<section id=\"block_27da61f556d8514df7009c0742ee3feb\" data-block_27da61f556d8514df7009c0742ee3feb\n    class=\"banner-xl align transparent  container-bg  \">\n    <div class=\"container\">\n            <\/div>\n    <div class=\"container container-wrapper \">\n                    <div class=\"col-image\">\n                <div class=\"swiper\">\n                    <div class=\"swiper-wrapper\">\n                                                                                                            <div class=\"swiper-slide \">\n                                                                    <img decoding=\"async\" loading=\"lazy\" width=\"550\" height=\"550\"\n                                        src=\"https:\/\/mm-test.digilicious.cloud\/wp-content\/uploads\/company-divisions-mmboardpaper-1.webp\" alt=\"\"\n                                        >\n                                                            <\/div>\n                                            <\/div>\n                <\/div>\n            <\/div> <!-- Cierre de la col-image -->\n            <div class=\"col-content\">\n                                <div class=\"swiper-container\">\n                    <div class=\"swiper\">\n                        <div class=\"swiper-wrapper\">\n                                                                                             <div class=\"swiper-slide\">\n                                    <div class=\"banner-info-content\"  data-aos=\"fade-up\" data-aos-duration=\"1000\">\n                                                                                                                            <h2\n                                                class=\"mb-4  title \">\n                                                Produkte<\/h2>\n                                                                                                                            <div class=\"banner_text custom-list\"><p>MM Board &amp; Paper produziert Frischfaserkarton, Recyclingkarton Karton, Liner, Verpackungskraftpapier, Saturating Kraftpapier, Barrierekarton und ungestrichene Feinpapiere in sechs europ\u00e4ischen Werken in Kwidzyn (PL), Kotka (FI), Frohnleiten (AT), Gernsbach (DE), Kolicevo (SI) und Neuss (DE).<br \/>\nDieses Netzwerk garantiert durch die geographisch g\u00fcnstige Lage im europ\u00e4ischen Hauptmarkt kurze Transportwege, flexiblen Service und h\u00f6chste Versorgungssicherheit. Unser norwegisches Zellstoffwerk FollaCell produziert mechanischen Zellstoff (CTMP), der weltweit verkauft wird.<\/p>\n<\/div>\n                                                                                                                                                            <\/div>\n                                <\/div>\n                                                    <\/div>\n                    <\/div>\n                                    <\/div>\n            <\/div>\n            <\/div>\n<\/section>\n\n\n<section id=\"block_165853a659280841b3c09908b1e823f3\" data-block_165853a659280841b3c09908b1e823f3 class=\"info-w-charts align\">\n  <div class=\"container\">\n    <div class=\"charts-w-info\">\n      <div class=\"max-w-[606px]\">\n        <div class=\"section-info mb-10 max-w-[833px] \">\n                            <h2 class=\"title mb-4\">Markt<\/h2>\n                            <div class=\"section_text \"><p>Die Produkte von MM Board &amp; Paper werden im Wesentlichen als Rohstoff f\u00fcr die Erzeugung von Verpackungen f\u00fcr Konsumg\u00fcter des t\u00e4glichen Bedarfes eingesetzt und zeichnen sich durch hohe Funktionalit\u00e4t und Nachhaltigkeit aus. Die faserbasierten Produkte von MM Board &amp; Paper bieten dabei optimale L\u00f6sungen f\u00fcr eine Vielzahl von Anwendungen wie Lebensmittelverpackungen, Verpackungen\u00a0f\u00fcr Haushalts-, Hygiene- und Pharmaprodukte sowie B\u00fcro- und Laminatpapiere. Hauptkunden sind Hersteller von Kartonverpackungen in der stark fragmentierten europ\u00e4ischen Faltschachtelindustrie sowie Markeninhaber und H\u00e4ndler.<\/p>\n<\/div>\n                \n            <\/div>\n      <\/div>\n      <div class=\"chart\">\n        <div class=\"chart-heading\">\n                      <p class=\"chart-title title-small\">Umsatz nach Regionen (2024)<\/p>\n            \n        <\/div>\n        <div class=\"highcharts-container\">\n                                   \n            <div class=\"chart-data\" data-chart-title=\"Europa\" data-chart-value=\"91\" data-chart-color=\"#18764c\" data-chart-donut=\"75\"><\/div>\n                                   \n            <div class=\"chart-data\" data-chart-title=\"Amerika\" data-chart-value=\"3\" data-chart-color=\"#75ad94\" data-chart-donut=\"75\"><\/div>\n                                   \n            <div class=\"chart-data\" data-chart-title=\"\u00dcbrige Welt\" data-chart-value=\"6\" data-chart-color=\"#014c3c\" data-chart-donut=\"75\"><\/div>\n                  <\/div>\n      <\/div>\n    <\/div>\n  <\/div>  \n<\/section>\n\n\n<section id=\"block_c8e98d5476392124a55907245fbe2539\" data-block_c8e98d5476392124a55907245fbe2539\n    class=\"banner-xl align transparent  container-bg  \">\n    <div class=\"container\">\n            <\/div>\n    <div class=\"container container-wrapper  reverse \">\n                    <div class=\"col-image\">\n                <div class=\"swiper\">\n                    <div class=\"swiper-wrapper\">\n                                                                                                            <div class=\"swiper-slide \">\n                                                                    <img decoding=\"async\" loading=\"lazy\" width=\"2560\" height=\"2560\"\n                                        src=\"https:\/\/mm-test.digilicious.cloud\/wp-content\/uploads\/MMBP-Gernsbach-Employee-40-1-scaled-1.webp\" alt=\"MMBP_Company_Strategy_Employees\"\n                                        >\n                                                            <\/div>\n                                            <\/div>\n                <\/div>\n            <\/div> <!-- Cierre de la col-image -->\n            <div class=\"col-content\">\n                                <div class=\"swiper-container\">\n                    <div class=\"swiper\">\n                        <div class=\"swiper-wrapper\">\n                                                                                             <div class=\"swiper-slide\">\n                                    <div class=\"banner-info-content\"  data-aos=\"fade-up\" data-aos-duration=\"1000\">\n                                                                                                                            <h2\n                                                class=\"mb-4  title \">\n                                                Strategie<\/h2>\n                                                                                                                            <div class=\"banner_text custom-list\"><p>MM Board &amp; Paper verfolgt eine Wachstumsstrategie, die Aspekte aus der gesamten Wertsch\u00f6pfungskette ber\u00fccksichtigt, um sich auf dem Markt zu differenzieren und \u00fcberproportional zu wachsen.<br \/>\nHohe Qualit\u00e4t, Funktionalit\u00e4t, Sicherheit, Nachhaltigkeit und kontinuierliche Innovation unserer Produkte sowie umfassende Kompetenz und modernste Serviceleistungen zeichnen das Angebot von MM Board &amp; Paper aus, welches auf hocheffizienten modernen Anlagen gefertigt wird. Ein harmonisierter Prozess zwischen Innovationst\u00e4tigkeit, Produktentwicklung und kommerzielle Umsetzung verfolgt die kontinuierliche Verbesserung unserer L\u00f6sungen und Prozesse sowie die Erschlie\u00dfung neuer Einsatzm\u00f6glichkeiten und Marktpotentiale.<\/p>\n<\/div>\n                                                                                                                                                            <\/div>\n                                <\/div>\n                                                    <\/div>\n                    <\/div>\n                                    <\/div>\n            <\/div>\n            <\/div>\n<\/section>\n\n\n<section id=\"block_52395b567b2b883955c5de936c02ae94\" data-block_52395b567b2b883955c5de936c02ae94\n    class=\"banner-cta-full align    light-green  container-bg\"\n        >\n    <div class=\"container\">\n                    <div class=\"section-info mb-10 max-w-[833px]\">\n                                                    <h2 class=\"title mb-4\">Mehr \u00fcber<br>MM Board &#038; Paper<\/h2>\n                                                    <div class=\"section_text mb-4\"><p>Sie interessieren sich f\u00fcr die Produkte und Anwendungsm\u00f6glichkeiten von MM Board &amp; Paper? Dann besuchen Sie die Website von MM Board &amp; Paper, um mehr zu erfahren.<\/p>\n<\/div>\n                            <\/div>\n                            <div class=\"banner-links\">\n                                                                                                    <a class=\"btn  btn-primary \"\n                            href=\"https:\/\/mm-test.digilicious.cloud\/de\/board-paper\/\" target=\"\">\n                            <span>\n                                Mehr erfahren\n                                                            <\/span>\n                        <\/a>\n                                                                    <\/div>\n            <\/div>\n<\/section>\n\n\n\n\n<section id=\"block_4ad2daa09a6e475c415bf9d9816a20d4\" data-block_4ad2daa09a6e475c415bf9d9816a20d4 class=\"banner-cta-side-by-side align transparent  transparent container-bg  style-investors\">\n  <div class=\"container-big\">\n                 <div class=\"cta-col\">\n        <p class=\"cta-col-pretitle pretitle\">Investoren<\/p>\n        <h2 class=\"cta-col-title title\">Nehmen Sie Kontakt mit Investor Relations auf<\/h2>\n        <div class=\"cta-col-text section_text\"><p>Wir freuen uns auf Ihre Nachricht und sind stets um eine schnelle Antwort bem\u00fcht.<\/p>\n<\/div>\n        <a href=\"https:\/\/mm-test.digilicious.cloud\/de\/investoren\/kontaktieren-sie-uns\/\" class=\"btn btn-primary\" target=\"\" title=\"Kontakt aufnehmen\">\n          <span>\n            Kontakt aufnehmen\n                      <\/span>\n        <\/a>\n      <\/div>\n                 <div class=\"cta-col\">\n        <p class=\"cta-col-pretitle pretitle\">IR News<\/p>\n        <h2 class=\"cta-col-title title\">Publikationsmailing<\/h2>\n        <div class=\"cta-col-text section_text\"><p>Zum laufenden Erhalt von Unternehmensberichten sowie Pressemitteilungen der Gesellschaft bieten wir f\u00fcr Aktion\u00e4r:innen und Interessenten die M\u00f6glichkeit einer diesbez\u00fcglichen Registrierung.<\/p>\n<\/div>\n        <a href=\"#form-id-12\" class=\"btn btn-primary\" target=\"\" title=\"Jetzt anfragen\">\n          <span>\n            Jetzt anfragen\n                      <\/span>\n        <\/a>\n      <\/div>\n      <\/div>\n<\/section>","protected":false},"excerpt":{"rendered":"","protected":false},"author":1,"featured_media":0,"parent":16673,"menu_order":0,"comment_status":"closed","ping_status":"closed","template":"","meta":{"_acf_changed":false,"inline_featured_image":false,"footnotes":""},"page-category":[],"class_list":["post-16674","page","type-page","status-publish","hentry"],"acf":[],"_links":{"self":[{"href":"https:\/\/mm-test.digilicious.cloud\/de\/wp-json\/wp\/v2\/pages\/16674","targetHints":{"allow":["GET"]}}],"collection":[{"href":"https:\/\/mm-test.digilicious.cloud\/de\/wp-json\/wp\/v2\/pages"}],"about":[{"href":"https:\/\/mm-test.digilicious.cloud\/de\/wp-json\/wp\/v2\/types\/page"}],"author":[{"embeddable":true,"href":"https:\/\/mm-test.digilicious.cloud\/de\/wp-json\/wp\/v2\/users\/1"}],"replies":[{"embeddable":true,"href":"https:\/\/mm-test.digilicious.cloud\/de\/wp-json\/wp\/v2\/comments?post=16674"}],"version-history":[{"count":1,"href":"https:\/\/mm-test.digilicious.cloud\/de\/wp-json\/wp\/v2\/pages\/16674\/revisions"}],"predecessor-version":[{"id":67463,"href":"https:\/\/mm-test.digilicious.cloud\/de\/wp-json\/wp\/v2\/pages\/16674\/revisions\/67463"}],"up":[{"embeddable":true,"href":"https:\/\/mm-test.digilicious.cloud\/de\/wp-json\/wp\/v2\/pages\/16673"}],"wp:attachment":[{"href":"https:\/\/mm-test.digilicious.cloud\/de\/wp-json\/wp\/v2\/media?parent=16674"}],"wp:term":[{"taxonomy":"page-category","embeddable":true,"href":"https:\/\/mm-test.digilicious.cloud\/de\/wp-json\/wp\/v2\/page-category?post=16674"}],"curies":[{"name":"wp","href":"https:\/\/api.w.org\/{rel}","templated":true}]}}