{"id":16676,"date":"2024-08-30T16:44:49","date_gmt":"2024-08-30T14:44:49","guid":{"rendered":"https:\/\/mm-live.digilicious.cloud\/our-organisation\/mm-pharma-healthcare-packaging\/"},"modified":"2025-11-05T14:45:26","modified_gmt":"2025-11-05T13:45:26","slug":"mm-pharma-healthcare-packaging","status":"publish","type":"page","link":"https:\/\/mm-test.digilicious.cloud\/de\/unternehmen\/unsere-organisation\/mm-pharma-healthcare-packaging\/","title":{"rendered":"MM Pharma &amp; Healthcare Packaging"},"content":{"rendered":"<section id=\"block_373aae070e4d5e46e105f136a0b30664\" data-block_373aae070e4d5e46e105f136a0b30664 class=\"hero-page align light-green  container-bg  page-subchild\">\n  <div class=\"container-big\">\n    <div class=\"container\">\n      <div class=\"col-info\">\n                                  <h1 class=\"title mb-2\">MM Pharma &#038; Healthcare Packaging<\/h1>\n                          <div class=\"text\"><p>MM Pharma &#038; Healthcare Packaging ist Marktf\u00fchrer in Europa und den USA mit einer attraktiven Position bei GLP-1-Analoga (z. B. gegen Diabetes oder Adipositas).<\/p>\n<\/div>\n                      <\/div>\n    <\/div>\n    <div class=\"col-imgs \">\n              <picture class=\"patterns\">\n          <source media=\"(min-width:1280px)\" srcset=\"https:\/\/mm-test.digilicious.cloud\/wp-content\/uploads\/header-pattern-image-inside-desktop.webp\">\n          <source media=\"(min-width:768px)\" srcset=\"https:\/\/mm-test.digilicious.cloud\/wp-content\/uploads\/header-pattern-image-inside-tablet.webp\">\n          <img fetchpriority=\"high\" src=\"https:\/\/mm-test.digilicious.cloud\/wp-content\/uploads\/header-pattern-image-inside-mobile-1.webp\" alt=\"\" width=\"1538\" height=\"512\" loading=\"eager\" decoding=\"async\" >\n        <\/picture>      \n                    <picture class=\"background-image\">\n          <source media=\"(min-width:1280px)\" srcset=\"https:\/\/mm-test.digilicious.cloud\/wp-content\/uploads\/header-background-company-our-organisational-structure-mm-pharma-healthcare-packaging-desktop.webp\">\n          <source media=\"(min-width:768px)\" srcset=\"https:\/\/mm-test.digilicious.cloud\/wp-content\/uploads\/header-background-company-our-organisational-structure-mm-pharma-healthcare-packaging-tablet.webp\">\n          <img src=\"https:\/\/mm-test.digilicious.cloud\/wp-content\/uploads\/header-background-company-our-organisational-structure-mm-pharma-healthcare-packaging-mobile.webp\" alt=\"\" width=\"1516\" height=\"512\" loading=\"eager\" decoding=\"async\" >\n        <\/picture> \n          <\/div>\n  <\/div>\n<\/section>\n<section class=\"section-breadcrumb container-bg\">\n        <div class=\"container\">\n            <nav aria-label=\"breadcrumbs\" class=\"rank-math-breadcrumb\"><p><a href=\"https:\/\/mm-test.digilicious.cloud\/de\/\">MM Group<\/a><span class=\"separator\"> \/ <\/span><a href=\"https:\/\/mm-test.digilicious.cloud\/de\/wp-json\/\">Wp Json<\/a><span class=\"separator\"> \/ <\/span><a href=\"https:\/\/mm-test.digilicious.cloud\/de\/wp-json\/wp\/\">Wp<\/a><span class=\"separator\"> \/ <\/span><a href=\"https:\/\/mm-test.digilicious.cloud\/de\/wp-json\/wp\/v2\/\">V2<\/a><span class=\"separator\"> \/ <\/span><a href=\"https:\/\/mm-test.digilicious.cloud\/de\/wp-json\/wp\/v2\/pages\/\">Pages<\/a><span class=\"separator\"> \/ <\/span><span class=\"last\">16676<\/span><\/p><\/nav>    \n        <\/div>\n    <\/section>\n\n\n<section id=\"block_f40a70211a9c629debf4bbe57a4d54eb\" data-block_f40a70211a9c629debf4bbe57a4d54eb class=\"basic-info align white  container-bg   text-center \">\n  <div class=\"container\">\n    <div class=\"info_wrapper\" data-aos=\"fade-up\" data-aos-duration=\"1000\">\n                    <div class=\"basic_text title-small\"><p>Das Angebot von MM konzentriert sich auf Sekund\u00e4rverpackungsl\u00f6sungen aus einem globalen Produktionsnetzwerk und umfasst Faltschachteln, Packungsbeilagen und Etiketten.<\/p>\n<\/div>\n                <\/div>\n  <\/div>\n<\/section>\n\n<section id=\"block_95b3d3f50393072584e74761e1c8583e\" data-block_95b3d3f50393072584e74761e1c8583e class=\"side-by-side-charts align container-bg transparent\">\n  <div class=\"charts-lists\">\n                 <div class=\"chart color-mm-group\">\n        <div class=\"chart-heading\">\n          <p class=\"chart-title title-small\">Anteil Konzernumsatz<\/p>\n          <p class=\"chart-subtitle\">Werte Q3 2025 (LTM)<\/p>\n        <\/div>\n        <div class=\"highcharts-container  first_highlighted \">\n                                   <div class=\"chart-data \" data-chart-title=\"\" data-chart-value=\"15\" data-chart-color=\"#19764c\"><\/div>\n                                   <div class=\"chart-data \" data-chart-title=\"\" data-chart-value=\"85\" data-chart-color=\"#75ad94\"><\/div>\n                  <\/div>\n      <\/div>\n                 <div class=\"chart color-mm-group\">\n        <div class=\"chart-heading\">\n          <p class=\"chart-title title-small\">Anteil bereinigtes EBITDA Konzern<\/p>\n          <p class=\"chart-subtitle\">Werte Q3 2025 (LTM)<\/p>\n        <\/div>\n        <div class=\"highcharts-container  first_highlighted \">\n                                   <div class=\"chart-data \" data-chart-title=\"\" data-chart-value=\"17\" data-chart-color=\"#19764c\"><\/div>\n                                   <div class=\"chart-data \" data-chart-title=\"\" data-chart-value=\"83\" data-chart-color=\"#75ad94\"><\/div>\n                  <\/div>\n      <\/div>\n      <\/div>\n<\/section>\n\n<section id=\"block_e45f93bb54cb51360f86bb0cec3590eb\" data-block_e45f93bb54cb51360f86bb0cec3590eb class=\"info-w-charts align\">\n  <div class=\"container\">\n    <div class=\"charts-w-info\">\n      <div class=\"max-w-[606px]\">\n        <div class=\"section-info mb-10 max-w-[833px] \">\n                            <h2 class=\"title mb-4\">Hochspezialisiertes Angebot<\/h2>\n                            <div class=\"section_text \"><p>Das internationale Netzwerk von 26 Standorten in Europa und Amerika beliefert rund 80 % der gr\u00f6\u00dften Pharmaunternehmen sowie CMOs (Contract Manufacturing Organisations) und eine Vielzahl mittelgro\u00dfer Pharmaunternehmen.<\/p>\n<p>Pharmakunden erwarten eine herausragende Lieferzuverl\u00e4ssigkeit und Flexibilit\u00e4t, um ihr zuk\u00fcnftiges Wachstum zu unterst\u00fctzen. MM ist einzigartig positioniert, um diese Anforderungen mit seinem globalen und skalierbaren Verpackungsproduktionsnetzwerk sowie den Vorteilen des \u00fcberzeugenden Frischfaserkartons von MM Board &amp; Paper speziell f\u00fcr pharmazeutische Anwendungen zu erf\u00fcllen.<\/p>\n<p>Dar\u00fcber hinaus bieten wir unseren Kunden durch lokale Kapazit\u00e4ten ma\u00dfgeschneiderte Dienstleistungen wie die Verbesserung der Abl\u00e4ufe in ihren Verpackungslinien und die Optimierung von Supply-Chain-Prozessen.<\/p>\n<p>Als Marktf\u00fchrer sind wir bestrebt, unseren Kunden f\u00fchrende Innovationen in den f\u00fcr sie wichtigsten Bereichen wie Patientensicherheit und Nachhaltigkeit zu bieten.<\/p>\n<\/div>\n                \n            <\/div>\n      <\/div>\n      <div class=\"chart\">\n        <div class=\"chart-heading\">\n                      <p class=\"chart-title title-small\">Umsatz nach Region (Werte 2024)<\/p>\n            \n        <\/div>\n        <div class=\"highcharts-container\">\n                                   \n            <div class=\"chart-data\" data-chart-title=\"Amerika\" data-chart-value=\"37\" data-chart-color=\"#75ad94\" data-chart-donut=\"75\"><\/div>\n                                   \n            <div class=\"chart-data\" data-chart-title=\"\u00dcbrige Welt\" data-chart-value=\"1\" data-chart-color=\"#014c3c\" data-chart-donut=\"75\"><\/div>\n                                   \n            <div class=\"chart-data\" data-chart-title=\"Europa\" data-chart-value=\"62\" data-chart-color=\"#19764c\" data-chart-donut=\"75\"><\/div>\n                  <\/div>\n      <\/div>\n    <\/div>\n  <\/div>  \n<\/section>\n\n\n<section id=\"block_f2661365b47e57f1465107895482051b\" data-block_f2661365b47e57f1465107895482051b\n    class=\"banner-xl align transparent  container-bg  \">\n    <div class=\"container\">\n            <\/div>\n    <div class=\"container container-wrapper  reverse \">\n                    <div class=\"col-image\">\n                <div class=\"swiper\">\n                    <div class=\"swiper-wrapper\">\n                                                                                                            <div class=\"swiper-slide \">\n                                                                    <img decoding=\"async\" loading=\"lazy\" width=\"1100\" height=\"1100\"\n                                        src=\"https:\/\/mm-test.digilicious.cloud\/wp-content\/uploads\/MMP-P_HC-Fitment-06.webp\" alt=\"\"\n                                        >\n                                                            <\/div>\n                                            <\/div>\n                <\/div>\n            <\/div> <!-- Cierre de la col-image -->\n            <div class=\"col-content\">\n                                <div class=\"swiper-container\">\n                    <div class=\"swiper\">\n                        <div class=\"swiper-wrapper\">\n                                                                                             <div class=\"swiper-slide\">\n                                    <div class=\"banner-info-content\"  data-aos=\"fade-up\" data-aos-duration=\"1000\">\n                                                                                                                            <h2\n                                                class=\"mb-4  title \">\n                                                Fit f\u00fcr k\u00fcnftiges Wachstum<\/h2>\n                                                                                                                            <div class=\"banner_text custom-list\"><p>F\u00fcr die Zukunft sehen wir herausragende Wachstumschancen f\u00fcr MM, getrieben durch das dynamische Marktwachstum in Bereichen wie Medikamenten zur Gewichtsreduktion, Onkologie und medizinischen Ger\u00e4ten.<br \/>\nZur Unterst\u00fctzung dieses Wachstums haben wir j\u00fcngst mehr als 100 Millionen Euro in Maschinen und Infrastruktur f\u00fcr unser Pharmagesch\u00e4ft investiert und unsere Teams in allen Bereichen verst\u00e4rkt. Dadurch sind wir gut ger\u00fcstet, um unsere Position als f\u00fchrender Anbieter von Pharma-Sekund\u00e4rverpackungen in Europa und Nordamerika zu festigen.<\/p>\n<\/div>\n                                                                                                                                                            <\/div>\n                                <\/div>\n                                                    <\/div>\n                    <\/div>\n                                    <\/div>\n            <\/div>\n            <\/div>\n<\/section>\n\n\n<section id=\"block_3fe9c533b00245aaf21889ce1969aa58\" data-block_3fe9c533b00245aaf21889ce1969aa58\n    class=\"banner-cta-full align    light-green  container-bg\"\n        >\n    <div class=\"container\">\n                    <div class=\"section-info mb-10 max-w-[833px]\">\n                                                    <h2 class=\"title mb-4\">Mehr \u00fcber MM Pharma <br>&#038; Healthcare Packaging<\/h2>\n                                                    <div class=\"section_text mb-4\"><p>Sie interessieren sich f\u00fcr die Produkte und Anwendungsm\u00f6glichkeiten? Dann klicken Sie hier, um mehr zu erfahren.<\/p>\n<\/div>\n                            <\/div>\n                            <div class=\"banner-links\">\n                                                                                                    <a class=\"btn  btn-primary \"\n                            href=\"https:\/\/mm-test.digilicious.cloud\/de\/packaging\/\" target=\"\">\n                            <span>\n                                Mehr erfahren\n                                                            <\/span>\n                        <\/a>\n                                                                    <\/div>\n            <\/div>\n<\/section>\n\n\n\n\n<section id=\"block_1c6351168ef4b4a9874b9300a6e6f171\" data-block_1c6351168ef4b4a9874b9300a6e6f171 class=\"banner-cta-side-by-side align transparent  transparent container-bg  style-investors\">\n  <div class=\"container-big\">\n                 <div class=\"cta-col\">\n        <p class=\"cta-col-pretitle pretitle\">Investors<\/p>\n        <h2 class=\"cta-col-title title\">Nehmen Sie Kontakt mit Investor Relations auf<\/h2>\n        <div class=\"cta-col-text section_text\"><p>Wir freuen uns auf Ihre Nachricht und sind stets um eine schnelle Antwort bem\u00fcht.<\/p>\n<\/div>\n        <a href=\"https:\/\/mm-test.digilicious.cloud\/de\/investoren\/kontaktieren-sie-uns\/\" class=\"btn btn-primary\" target=\"\" title=\"Kontakt aufnehmen\">\n          <span>\n            Kontakt aufnehmen\n                      <\/span>\n        <\/a>\n      <\/div>\n                 <div class=\"cta-col\">\n        <p class=\"cta-col-pretitle pretitle\">IR News<\/p>\n        <h2 class=\"cta-col-title title\">Publikationsmailing<\/h2>\n        <div class=\"cta-col-text section_text\"><p>Zum laufenden Erhalt von Unternehmensberichten sowie Pressemitteilungen der Gesellschaft bieten wir f\u00fcr Aktion\u00e4re und Interessenten die M\u00f6glichkeit einer diesbez\u00fcglichen Registrierung.<\/p>\n<\/div>\n        <a href=\"#form-id-12\" class=\"btn btn-primary\" target=\"\" title=\"Jetzt anfragen\">\n          <span>\n            Jetzt anfragen\n                      <\/span>\n        <\/a>\n      <\/div>\n      <\/div>\n<\/section>","protected":false},"excerpt":{"rendered":"","protected":false},"author":1,"featured_media":0,"parent":16673,"menu_order":0,"comment_status":"closed","ping_status":"closed","template":"","meta":{"_acf_changed":false,"inline_featured_image":false,"footnotes":""},"page-category":[],"class_list":["post-16676","page","type-page","status-publish","hentry"],"acf":[],"_links":{"self":[{"href":"https:\/\/mm-test.digilicious.cloud\/de\/wp-json\/wp\/v2\/pages\/16676","targetHints":{"allow":["GET"]}}],"collection":[{"href":"https:\/\/mm-test.digilicious.cloud\/de\/wp-json\/wp\/v2\/pages"}],"about":[{"href":"https:\/\/mm-test.digilicious.cloud\/de\/wp-json\/wp\/v2\/types\/page"}],"author":[{"embeddable":true,"href":"https:\/\/mm-test.digilicious.cloud\/de\/wp-json\/wp\/v2\/users\/1"}],"replies":[{"embeddable":true,"href":"https:\/\/mm-test.digilicious.cloud\/de\/wp-json\/wp\/v2\/comments?post=16676"}],"version-history":[{"count":1,"href":"https:\/\/mm-test.digilicious.cloud\/de\/wp-json\/wp\/v2\/pages\/16676\/revisions"}],"predecessor-version":[{"id":67479,"href":"https:\/\/mm-test.digilicious.cloud\/de\/wp-json\/wp\/v2\/pages\/16676\/revisions\/67479"}],"up":[{"embeddable":true,"href":"https:\/\/mm-test.digilicious.cloud\/de\/wp-json\/wp\/v2\/pages\/16673"}],"wp:attachment":[{"href":"https:\/\/mm-test.digilicious.cloud\/de\/wp-json\/wp\/v2\/media?parent=16676"}],"wp:term":[{"taxonomy":"page-category","embeddable":true,"href":"https:\/\/mm-test.digilicious.cloud\/de\/wp-json\/wp\/v2\/page-category?post=16676"}],"curies":[{"name":"wp","href":"https:\/\/api.w.org\/{rel}","templated":true}]}}