{"id":16702,"date":"2024-08-06T13:07:24","date_gmt":"2024-08-06T11:07:24","guid":{"rendered":"https:\/\/mm-live.digilicious.cloud\/ir-news-reports\/reports\/"},"modified":"2025-08-14T09:06:39","modified_gmt":"2025-08-14T07:06:39","slug":"reports","status":"publish","type":"page","link":"https:\/\/mm-test.digilicious.cloud\/de\/investoren\/ir-news-reports\/reports\/","title":{"rendered":"Reports"},"content":{"rendered":"<section id=\"block_d2ebb03dd4c590a3f03041039f1eb306\" data-block_d2ebb03dd4c590a3f03041039f1eb306 class=\"hero-page align light-green  container-bg  page-subchild\">\n  <div class=\"container-big\">\n    <div class=\"container\">\n      <div class=\"col-info\">\n                                  <h1 class=\"title mb-2\">Berichte<\/h1>\n                              <\/div>\n    <\/div>\n    <div class=\"col-imgs  patterns-full \">\n              <picture class=\"patterns\">\n          <source media=\"(min-width:1280px)\" srcset=\"https:\/\/mm-test.digilicious.cloud\/wp-content\/uploads\/header-pattern-full-desktop-1-3.webp\">\n          <source media=\"(min-width:768px)\" srcset=\"https:\/\/mm-test.digilicious.cloud\/wp-content\/uploads\/header-pattern-full-tablet.svg\">\n          <img fetchpriority=\"high\" src=\"https:\/\/mm-test.digilicious.cloud\/wp-content\/uploads\/header-pattern-full-mobile-1.png\" alt=\"\" width=\"776\" height=\"310\" loading=\"eager\" decoding=\"async\" >\n        <\/picture>      \n                <\/div>\n  <\/div>\n<\/section>\n<section class=\"section-breadcrumb container-bg\">\n        <div class=\"container\">\n            <nav aria-label=\"breadcrumbs\" class=\"rank-math-breadcrumb\"><p><a href=\"https:\/\/mm-test.digilicious.cloud\/de\/\">MM Group<\/a><span class=\"separator\"> \/ <\/span><a href=\"https:\/\/mm-test.digilicious.cloud\/de\/wp-json\/\">Wp Json<\/a><span class=\"separator\"> \/ <\/span><a href=\"https:\/\/mm-test.digilicious.cloud\/de\/wp-json\/wp\/\">Wp<\/a><span class=\"separator\"> \/ <\/span><a href=\"https:\/\/mm-test.digilicious.cloud\/de\/wp-json\/wp\/v2\/\">V2<\/a><span class=\"separator\"> \/ <\/span><a href=\"https:\/\/mm-test.digilicious.cloud\/de\/wp-json\/wp\/v2\/pages\/\">Pages<\/a><span class=\"separator\"> \/ <\/span><span class=\"last\">16702<\/span><\/p><\/nav>    \n        <\/div>\n    <\/section>\n\n\n<section id=\"block_6e57e147db0579e06138d8373d60e35c\" data-block_6e57e147db0579e06138d8373d60e35c class=\"reports-list align pb-20 md:pb-[100px]\">\n  <div class=\"report-header bg-light_grey py-[50px]\">\n    <div class=\"container\">\n              <div class=\"pretitle accent-color\">Berichte<\/div>\n                    <div class=\"title mt-[11px]\">Alle Berichte<\/div>\n                    <div class=\"swiper-general-wrapper\">\n          <button class=\"swiper-button swiper-button-prev accent-color\"><svg width=\"60\" height=\"60\" viewBox=\"0 0 60 60\" fill=\"none\" xmlns=\"http:\/\/www.w3.org\/2000\/svg\">\n<path d=\"M24.42 52.4961L26.7484 49.8621L6.26789 31.7579L60 31.7579L60 28.2423L6.26789 28.2423L26.7484 10.1381L24.42 7.50406L2.04617e-06 29.0906L1.88715e-06 30.9096L24.42 52.4961Z\" fill=\"currentColor\"\/>\n<\/svg><\/button>\n          <div class=\"filter-year-links swiper\">\n            <div class=\"facetwp-facet facetwp-facet-years facetwp-type-radio\" data-name=\"years\" data-type=\"radio\"><\/div>\n          <\/div>\n          <button class=\"swiper-button swiper-button-next accent-color\"><svg width=\"60\" height=\"60\" viewBox=\"0 0 60 60\" fill=\"none\" xmlns=\"http:\/\/www.w3.org\/2000\/svg\">\n<path d=\"M24.42 52.4961L26.7484 49.8621L6.26789 31.7579L60 31.7579L60 28.2423L6.26789 28.2423L26.7484 10.1381L24.42 7.50406L2.04617e-06 29.0906L1.88715e-06 30.9096L24.42 52.4961Z\" fill=\"currentColor\"\/>\n<\/svg><\/button>\n        <\/div>\n          <\/div>\n\n  <\/div>\n  <div class=\"container\">\n    <div class=\"reports-wrapper mt-10 md:mt-[64px]\">\n      <div class=\" facetwp-template \">\n        <div class=\"grid-reports mt-10 md:mt-[100px] grid gap-x-8 gap-y-10 auto-rows-fr grid-cols-1 md:grid-cols-2\">\n                                   <a href=\"https:\/\/mm-test.digilicious.cloud\/wp-content\/uploads\/Q3_2025_Quartalsbericht_de_04112025_Online-1.pdf\" class=\"card-download \" target=\"\" >\n        <div class=\"top-download\">\n                            <div class=\"download-title\">Bericht zum 3. Quartal 2025<\/div>\n                        <div class=\"download-icon\">\n                                    <svg width=\"20\" height=\"20\" viewBox=\"0 0 20 20\" fill=\"none\" xmlns=\"http:\/\/www.w3.org\/2000\/svg\">\n<mask id=\"mask0_3969_27664\" style=\"mask-type:luminance\" maskUnits=\"userSpaceOnUse\" x=\"0\" y=\"0\" width=\"20\" height=\"20\">\n<path d=\"M0 1.90735e-06H20V20H0V1.90735e-06Z\" fill=\"white\"\/>\n<\/mask>\n<g mask=\"url(#mask0_3969_27664)\">\n<path fill-rule=\"evenodd\" clip-rule=\"evenodd\" d=\"M1.21094 20H18.7891V14.1406H17.6172V18.8281H2.38281V14.1406H1.21094V20Z\" fill=\"currentColor\"\/>\n<\/g>\n<path d=\"M10.0795 13.2427L10.0795 0.832031L10.2513 0.832031L10.2513 13.2427L10.2513 14.5633L11.1259 13.5739L16.8295 7.12167L16.9583 7.2355L10.2432 14.832L10.0876 14.832L3.37249 7.2355L3.50126 7.12167L9.20483 13.5739L10.0795 14.5633L10.0795 13.2427Z\" fill=\"currentColor\" stroke=\"currentColor\"\/>\n<\/svg>\n                            <\/div>\n        <\/div>\n            <\/a>\n                                   <a href=\"https:\/\/mm-test.digilicious.cloud\/wp-content\/uploads\/Halbjahresfinanzbericht_2025_DE.pdf\" class=\"card-download \" target=\"\" >\n        <div class=\"top-download\">\n                            <div class=\"download-title\">Halbjahresfinanzbericht 2025<\/div>\n                        <div class=\"download-icon\">\n                                    <svg width=\"20\" height=\"20\" viewBox=\"0 0 20 20\" fill=\"none\" xmlns=\"http:\/\/www.w3.org\/2000\/svg\">\n<mask id=\"mask0_3969_27664\" style=\"mask-type:luminance\" maskUnits=\"userSpaceOnUse\" x=\"0\" y=\"0\" width=\"20\" height=\"20\">\n<path d=\"M0 1.90735e-06H20V20H0V1.90735e-06Z\" fill=\"white\"\/>\n<\/mask>\n<g mask=\"url(#mask0_3969_27664)\">\n<path fill-rule=\"evenodd\" clip-rule=\"evenodd\" d=\"M1.21094 20H18.7891V14.1406H17.6172V18.8281H2.38281V14.1406H1.21094V20Z\" fill=\"currentColor\"\/>\n<\/g>\n<path d=\"M10.0795 13.2427L10.0795 0.832031L10.2513 0.832031L10.2513 13.2427L10.2513 14.5633L11.1259 13.5739L16.8295 7.12167L16.9583 7.2355L10.2432 14.832L10.0876 14.832L3.37249 7.2355L3.50126 7.12167L9.20483 13.5739L10.0795 14.5633L10.0795 13.2427Z\" fill=\"currentColor\" stroke=\"currentColor\"\/>\n<\/svg>\n                            <\/div>\n        <\/div>\n            <\/a>\n                                   <a href=\"https:\/\/mm-test.digilicious.cloud\/wp-content\/uploads\/Q1_2025_Quartalsbericht_de_Online.pdf\" class=\"card-download \" target=\"_blank\" >\n        <div class=\"top-download\">\n                            <div class=\"download-title\">Bericht zum 1. Quartal 2025<\/div>\n                        <div class=\"download-icon\">\n                                    <svg width=\"20\" height=\"20\" viewBox=\"0 0 20 20\" fill=\"none\" xmlns=\"http:\/\/www.w3.org\/2000\/svg\">\n<mask id=\"mask0_3969_27664\" style=\"mask-type:luminance\" maskUnits=\"userSpaceOnUse\" x=\"0\" y=\"0\" width=\"20\" height=\"20\">\n<path d=\"M0 1.90735e-06H20V20H0V1.90735e-06Z\" fill=\"white\"\/>\n<\/mask>\n<g mask=\"url(#mask0_3969_27664)\">\n<path fill-rule=\"evenodd\" clip-rule=\"evenodd\" d=\"M1.21094 20H18.7891V14.1406H17.6172V18.8281H2.38281V14.1406H1.21094V20Z\" fill=\"currentColor\"\/>\n<\/g>\n<path d=\"M10.0795 13.2427L10.0795 0.832031L10.2513 0.832031L10.2513 13.2427L10.2513 14.5633L11.1259 13.5739L16.8295 7.12167L16.9583 7.2355L10.2432 14.832L10.0876 14.832L3.37249 7.2355L3.50126 7.12167L9.20483 13.5739L10.0795 14.5633L10.0795 13.2427Z\" fill=\"currentColor\" stroke=\"currentColor\"\/>\n<\/svg>\n                            <\/div>\n        <\/div>\n            <\/a>\n                                   <a href=\"https:\/\/mm-test.digilicious.cloud\/wp-content\/uploads\/MM_Geschaeftsbericht-2024.pdf\" class=\"card-download \" target=\"_blank\" >\n        <div class=\"top-download\">\n                            <div class=\"download-title\">Gesch\u00e4ftsbericht 2024<\/div>\n                        <div class=\"download-icon\">\n                                    <svg width=\"20\" height=\"20\" viewBox=\"0 0 20 20\" fill=\"none\" xmlns=\"http:\/\/www.w3.org\/2000\/svg\">\n<mask id=\"mask0_3969_27664\" style=\"mask-type:luminance\" maskUnits=\"userSpaceOnUse\" x=\"0\" y=\"0\" width=\"20\" height=\"20\">\n<path d=\"M0 1.90735e-06H20V20H0V1.90735e-06Z\" fill=\"white\"\/>\n<\/mask>\n<g mask=\"url(#mask0_3969_27664)\">\n<path fill-rule=\"evenodd\" clip-rule=\"evenodd\" d=\"M1.21094 20H18.7891V14.1406H17.6172V18.8281H2.38281V14.1406H1.21094V20Z\" fill=\"currentColor\"\/>\n<\/g>\n<path d=\"M10.0795 13.2427L10.0795 0.832031L10.2513 0.832031L10.2513 13.2427L10.2513 14.5633L11.1259 13.5739L16.8295 7.12167L16.9583 7.2355L10.2432 14.832L10.0876 14.832L3.37249 7.2355L3.50126 7.12167L9.20483 13.5739L10.0795 14.5633L10.0795 13.2427Z\" fill=\"currentColor\" stroke=\"currentColor\"\/>\n<\/svg>\n                            <\/div>\n        <\/div>\n            <\/a>\n                                   <a href=\"https:\/\/mm-test.digilicious.cloud\/wp-content\/uploads\/MM_Jahresfinanzbericht_2024.pdf\" class=\"card-download \" target=\"_blank\" >\n        <div class=\"top-download\">\n                            <div class=\"download-title\">Jahresfinanzbericht 2024<\/div>\n                        <div class=\"download-icon\">\n                                    <svg width=\"20\" height=\"20\" viewBox=\"0 0 20 20\" fill=\"none\" xmlns=\"http:\/\/www.w3.org\/2000\/svg\">\n<mask id=\"mask0_3969_27664\" style=\"mask-type:luminance\" maskUnits=\"userSpaceOnUse\" x=\"0\" y=\"0\" width=\"20\" height=\"20\">\n<path d=\"M0 1.90735e-06H20V20H0V1.90735e-06Z\" fill=\"white\"\/>\n<\/mask>\n<g mask=\"url(#mask0_3969_27664)\">\n<path fill-rule=\"evenodd\" clip-rule=\"evenodd\" d=\"M1.21094 20H18.7891V14.1406H17.6172V18.8281H2.38281V14.1406H1.21094V20Z\" fill=\"currentColor\"\/>\n<\/g>\n<path d=\"M10.0795 13.2427L10.0795 0.832031L10.2513 0.832031L10.2513 13.2427L10.2513 14.5633L11.1259 13.5739L16.8295 7.12167L16.9583 7.2355L10.2432 14.832L10.0876 14.832L3.37249 7.2355L3.50126 7.12167L9.20483 13.5739L10.0795 14.5633L10.0795 13.2427Z\" fill=\"currentColor\" stroke=\"currentColor\"\/>\n<\/svg>\n                            <\/div>\n        <\/div>\n            <\/a>\n                                   <a href=\"https:\/\/mm-test.digilicious.cloud\/wp-content\/uploads\/5299001AMHDLKUM80611-2024-12-31-0-de.zip\" class=\"card-download \" target=\"_blank\" >\n        <div class=\"top-download\">\n                            <div class=\"download-title\">Jahresfinanzbericht 2024 (ESEF-Format)<\/div>\n                        <div class=\"download-icon\">\n                                    <svg width=\"20\" height=\"20\" viewBox=\"0 0 20 20\" fill=\"none\" xmlns=\"http:\/\/www.w3.org\/2000\/svg\">\n<mask id=\"mask0_3969_27664\" style=\"mask-type:luminance\" maskUnits=\"userSpaceOnUse\" x=\"0\" y=\"0\" width=\"20\" height=\"20\">\n<path d=\"M0 1.90735e-06H20V20H0V1.90735e-06Z\" fill=\"white\"\/>\n<\/mask>\n<g mask=\"url(#mask0_3969_27664)\">\n<path fill-rule=\"evenodd\" clip-rule=\"evenodd\" d=\"M1.21094 20H18.7891V14.1406H17.6172V18.8281H2.38281V14.1406H1.21094V20Z\" fill=\"currentColor\"\/>\n<\/g>\n<path d=\"M10.0795 13.2427L10.0795 0.832031L10.2513 0.832031L10.2513 13.2427L10.2513 14.5633L11.1259 13.5739L16.8295 7.12167L16.9583 7.2355L10.2432 14.832L10.0876 14.832L3.37249 7.2355L3.50126 7.12167L9.20483 13.5739L10.0795 14.5633L10.0795 13.2427Z\" fill=\"currentColor\" stroke=\"currentColor\"\/>\n<\/svg>\n                            <\/div>\n        <\/div>\n            <\/a>\n                            <\/div>\n      <\/div>\n              <div class=\"mt-[60px]\">\n          <div class=\"pagination\">\n            <div class=\"facetwp-facet facetwp-facet-pagination facetwp-type-pager\" data-name=\"pagination\" data-type=\"pager\"><\/div>\n          <\/div>\n        <\/div>\n          <\/div>\n  <\/div>\n<\/section>\n\n\n<section id=\"block_1fd7786c28561f90ae0874e6f04c845b\" data-block_1fd7786c28561f90ae0874e6f04c845b class=\"separator-w-icon align transparent position-right  container-bg  \">\n  <div class=\"container\">\n    <div class=\"inner relative\" data-aos=\"fade-up\" data-aos-duration=\"1000\">\n      <picture>\n                  <source media=\"(min-width: 1024px)\" srcset=\"https:\/\/mm-test.digilicious.cloud\/wp-content\/uploads\/icon-1.svg\">\n                <img src=\"https:\/\/mm-test.digilicious.cloud\/wp-content\/uploads\/icon-1.svg\" alt=\"\" width=\"400\" height=\"200\" loading=\"lazy\" decoding=\"async\" class=\"bg-image\">\n    <\/picture>\n    <\/div>\n  <\/div>\n<\/section>\n\n<section id=\"block_a62c2b3a1286378ed8d56a944596de54\" data-block_a62c2b3a1286378ed8d56a944596de54 class=\"related-news align light-green  container-bg \">\n  <div class=\"container\">\n    <div class=\"section-info mb-10 max-w-[833px] \">\n                            <h2 class=\"title mb-4\">Aktuelle IR News<\/h2>\n                        \n            <\/div>\n    <div class=\"related-news\">\n                      <article\n    class=\"new-card  division-mmgroup  \">\n    <a href=\"https:\/\/mm-test.digilicious.cloud\/de\/news\/mmgroup\/bewertung-naturbezogener-risiken-und-chancen-bei-der-mm-group-im-einklang-mit-esrs\/\" title=\"Bewertung naturbezogener Risiken und Chancen bei der MM Group\u00a0&#8211;\u00a0im Einklang mit ESRS\">\n        <div class=\"image-wrapper\">\n                            <div class=\"new-card-sectors\">\n                                            <div class=\"category sector-mmgroup\">MM Group<\/div>\n                                    <\/div>\n                                        <img src=\"https:\/\/mm-test.digilicious.cloud\/wp-content\/uploads\/Square-1024x1024px-5.jpg\" alt=\"\" width=\"1024\" height=\"1024\" loading=\"lazy\" decoding=\"async\" >\n                    <\/div>\n        <div class=\"new-card-meta\">\n            <time datetime=\"22\/01\/26\">22\/01\/26<\/time>\n                            <div class=\"tag-news swiper\">\n                    <div class=\"swiper-wrapper\">\n                                                    <div class=\"tag sector-nachhaltigkeit swiper-slide\">Nachhaltigkeit<\/div>\n                            <span class=\"separator swiper-slide\">\u00b7<\/span>\n                                            <\/div>\n                <\/div>\n                        <p class=\"new-card-title\">Bewertung naturbezogener Risiken und Chancen bei der MM Group\u00a0&#8211;\u00a0im Einklang mit ESRS<\/p>\n        <\/div>\n    <\/a>\n<\/article>\n                      <article\n    class=\"new-card  division-mmgroup  \">\n    <a href=\"https:\/\/mm-test.digilicious.cloud\/de\/news\/mmgroup\/adventskalender-kreativitaet-und-nachhaltigkeit-in-der-verpackung-begeistert-und-beeindruckt\/\" title=\"Adventskalender: Kreativit\u00e4t und Nachhaltigkeit in der Verpackung\u00a0\u2013 begeistert\u00a0und\u00a0beeindruckt\">\n        <div class=\"image-wrapper\">\n                            <div class=\"new-card-sectors\">\n                                            <div class=\"category sector-mmgroup\">MM Group<\/div>\n                                    <\/div>\n                                        <img src=\"https:\/\/mm-test.digilicious.cloud\/wp-content\/uploads\/Beatuy-advent-calendar.jpg\" alt=\"beauty advent calendar packaging\" width=\"1024\" height=\"1024\" loading=\"lazy\" decoding=\"async\" >\n                    <\/div>\n        <div class=\"new-card-meta\">\n            <time datetime=\"18\/12\/25\">18\/12\/25<\/time>\n                            <div class=\"tag-news swiper\">\n                    <div class=\"swiper-wrapper\">\n                                                    <div class=\"tag sector-kundenstories swiper-slide\">Kundenstories<\/div>\n                            <span class=\"separator swiper-slide\">\u00b7<\/span>\n                                                    <div class=\"tag sector-customer-stories-de swiper-slide\">Customer Stories<\/div>\n                            <span class=\"separator swiper-slide\">\u00b7<\/span>\n                                            <\/div>\n                <\/div>\n                        <p class=\"new-card-title\">Adventskalender: Kreativit\u00e4t und Nachhaltigkeit in der Verpackung\u00a0\u2013 begeistert\u00a0und\u00a0beeindruckt<\/p>\n        <\/div>\n    <\/a>\n<\/article>\n                      <article\n    class=\"new-card  division-mmgroup  \">\n    <a href=\"https:\/\/mm-test.digilicious.cloud\/de\/news\/mmgroup\/mm-group-als-top-performer-im-pwc-oesterreich-esg-report-2025-ausgezeichnet\/\" title=\"MM Group als Top-Performer im PwC \u00d6sterreich ESG-Report 2025 ausgezeichnet\">\n        <div class=\"image-wrapper\">\n                            <div class=\"new-card-sectors\">\n                                            <div class=\"category sector-mmgroup\">MM Group<\/div>\n                                    <\/div>\n                                        <img src=\"https:\/\/mm-test.digilicious.cloud\/wp-content\/uploads\/image-9-1.png\" alt=\"\" width=\"430\" height=\"430\" loading=\"lazy\" decoding=\"async\" >\n                    <\/div>\n        <div class=\"new-card-meta\">\n            <time datetime=\"17\/12\/25\">17\/12\/25<\/time>\n                            <div class=\"tag-news swiper\">\n                    <div class=\"swiper-wrapper\">\n                                                    <div class=\"tag sector-nachhaltigkeit swiper-slide\">Nachhaltigkeit<\/div>\n                            <span class=\"separator swiper-slide\">\u00b7<\/span>\n                                                    <div class=\"tag sector-awards swiper-slide\">Awards<\/div>\n                            <span class=\"separator swiper-slide\">\u00b7<\/span>\n                                            <\/div>\n                <\/div>\n                        <p class=\"new-card-title\">MM Group als Top-Performer im PwC \u00d6sterreich ESG-Report 2025 ausgezeichnet<\/p>\n        <\/div>\n    <\/a>\n<\/article>\n                <\/div>\n  <\/div>\n<\/section>\n\n<section id=\"block_de4286952b9d98efa6fb085ef5bcbadb\" data-block_de4286952b9d98efa6fb085ef5bcbadb class=\"button-centered align light-green  container-bg  relative pb-10 lg:pb-20 lg:-mt-10\">\n    <div class=\"container flex justify-center\">\n      <a class=\"btn  btn-secondary \" href=\"https:\/\/mm-test.digilicious.cloud\/de\/news\/mmgroup\/\" target=\"\">\n        <span>\n          Gehe zu\n                      <svg width=\"20\" height=\"20\" viewBox=\"0 0 20 20\" fill=\"none\" xmlns=\"http:\/\/www.w3.org\/2000\/svg\">\n<path d=\"M17.9107 10.2096H0.375V9.78773H17.9107H18.9011L18.1591 9.13177L11.6132 3.34541L11.8926 3.02933L19.625 9.86453V10.1328L11.8926 16.968L11.6132 16.6519L18.1591 10.8656L18.9011 10.2096H17.9107Z\" fill=\"currentColor\" stroke=\"currentColor\" stroke-width=\"0.75\"\/>\n<\/svg>\n                  <\/span>\n      <\/a>\n    <\/div>\n  <\/section>\n\n\n<section id=\"block_e8c8278df429cd6d1b4966a99d7f3b53\" data-block_e8c8278df429cd6d1b4966a99d7f3b53 class=\"separator-w-icon align light-green position-right  container-bg  \">\n  <div class=\"container\">\n    <div class=\"inner relative\" data-aos=\"fade-up\" data-aos-duration=\"1000\">\n      <picture>\n                  <source media=\"(min-width: 1024px)\" srcset=\"https:\/\/mm-test.digilicious.cloud\/wp-content\/uploads\/icon-1.svg\">\n                <img src=\"https:\/\/mm-test.digilicious.cloud\/wp-content\/uploads\/icon-1.svg\" alt=\"\" width=\"400\" height=\"200\" loading=\"lazy\" decoding=\"async\" class=\"bg-image\">\n    <\/picture>\n    <\/div>\n  <\/div>\n<\/section>\n\n<section id=\"block_87a45ec536f02b78cc4c7626d6e0d567\" data-block_87a45ec536f02b78cc4c7626d6e0d567 class=\"banner-cta-side-by-side align transparent  transparent container-bg  style-investors\">\n  <div class=\"container-big\">\n                 <div class=\"cta-col\">\n        <p class=\"cta-col-pretitle pretitle\">INVESTORS<\/p>\n        <h2 class=\"cta-col-title title\">Nehmen Sie Kontakt mit Investor Relations auf<\/h2>\n        <div class=\"cta-col-text section_text\"><p>Wir freuen uns auf Ihre Nachricht und bem\u00fchen uns stets um eine schnelle Antwort.<\/p>\n<\/div>\n        <a href=\"https:\/\/mm-test.digilicious.cloud\/de\/investoren\/kontaktieren-sie-uns\/\" class=\"btn btn-primary\" target=\"\" title=\"Kontaktieren Sie uns\">\n          <span>\n            Kontaktieren Sie uns\n                      <\/span>\n        <\/a>\n      <\/div>\n                 <div class=\"cta-col\">\n        <p class=\"cta-col-pretitle pretitle\">INVESTORS<\/p>\n        <h2 class=\"cta-col-title title\">Publikationsmailing<\/h2>\n        <div class=\"cta-col-text section_text\"><p>Um Sie regelm\u00e4\u00dfig \u00fcber unsere Berichte und Pressemitteilungen auf dem Laufenden zu halten, bieten wir unseren Aktion\u00e4ren und Stakeholdern an, sich in unseren Publikationsverteiler einzutragen.<\/p>\n<\/div>\n        <a href=\"#form-id-12\" class=\"btn btn-primary\" target=\"\" title=\"Jetzt anmelden\">\n          <span>\n            Jetzt anmelden\n                      <\/span>\n        <\/a>\n      <\/div>\n      <\/div>\n<\/section>","protected":false},"excerpt":{"rendered":"","protected":false},"author":1,"featured_media":0,"parent":16690,"menu_order":0,"comment_status":"closed","ping_status":"closed","template":"","meta":{"_acf_changed":false,"inline_featured_image":false,"footnotes":""},"page-category":[],"class_list":["post-16702","page","type-page","status-publish","hentry"],"acf":[],"_links":{"self":[{"href":"https:\/\/mm-test.digilicious.cloud\/de\/wp-json\/wp\/v2\/pages\/16702","targetHints":{"allow":["GET"]}}],"collection":[{"href":"https:\/\/mm-test.digilicious.cloud\/de\/wp-json\/wp\/v2\/pages"}],"about":[{"href":"https:\/\/mm-test.digilicious.cloud\/de\/wp-json\/wp\/v2\/types\/page"}],"author":[{"embeddable":true,"href":"https:\/\/mm-test.digilicious.cloud\/de\/wp-json\/wp\/v2\/users\/1"}],"replies":[{"embeddable":true,"href":"https:\/\/mm-test.digilicious.cloud\/de\/wp-json\/wp\/v2\/comments?post=16702"}],"version-history":[{"count":1,"href":"https:\/\/mm-test.digilicious.cloud\/de\/wp-json\/wp\/v2\/pages\/16702\/revisions"}],"predecessor-version":[{"id":50178,"href":"https:\/\/mm-test.digilicious.cloud\/de\/wp-json\/wp\/v2\/pages\/16702\/revisions\/50178"}],"up":[{"embeddable":true,"href":"https:\/\/mm-test.digilicious.cloud\/de\/wp-json\/wp\/v2\/pages\/16690"}],"wp:attachment":[{"href":"https:\/\/mm-test.digilicious.cloud\/de\/wp-json\/wp\/v2\/media?parent=16702"}],"wp:term":[{"taxonomy":"page-category","embeddable":true,"href":"https:\/\/mm-test.digilicious.cloud\/de\/wp-json\/wp\/v2\/page-category?post=16702"}],"curies":[{"name":"wp","href":"https:\/\/api.w.org\/{rel}","templated":true}]}}