{"id":17491,"date":"2024-07-24T11:23:24","date_gmt":"2024-07-24T09:23:24","guid":{"rendered":"https:\/\/mm-live.digilicious.cloud\/board-paper\/applications\/"},"modified":"2024-11-19T14:02:23","modified_gmt":"2024-11-19T13:02:23","slug":"anwendungen","status":"publish","type":"page","link":"https:\/\/mm-test.digilicious.cloud\/de\/board-paper\/anwendungen\/","title":{"rendered":"Anwendungen"},"content":{"rendered":"<section id=\"block_3fe09dbb738d4756c3c33a189198624e\" data-block_3fe09dbb738d4756c3c33a189198624e class=\"hero-page align dark-blue  container-bg  page-child\">\n  <div class=\"container-big\">\n    <div class=\"container\">\n      <div class=\"col-info\">\n                                  <h1 class=\"title mb-2\">Anwendungen<\/h1>\n                          <div class=\"text\"><p><span data-sheets-root=\"1\">MM Board &amp; Paper hat die richtigen Produkte f\u00fcr Ihre Anwendung &#8211; ob den idealen Karton, Liner oder Verpackungskraftpapier f\u00fcr Verpackungen, Papier f\u00fcr Akzidenz- bzw. B\u00fcrodruck oder Saturating Kraftpapier f\u00fcr Laminate.<\/span><\/p>\n<\/div>\n                          <div class=\"mt-4\">\n            <a class=\"btn btn-secondary\" href=\"https:\/\/mm-test.digilicious.cloud\/de\/board-paper\/\" target=\"\">\n              <span>\n                Zum Produktkatalog\n                                  <svg width=\"20\" height=\"20\" viewBox=\"0 0 20 20\" fill=\"none\" xmlns=\"http:\/\/www.w3.org\/2000\/svg\">\n<path d=\"M17.9107 10.2096H0.375V9.78773H17.9107H18.9011L18.1591 9.13177L11.6132 3.34541L11.8926 3.02933L19.625 9.86453V10.1328L11.8926 16.968L11.6132 16.6519L18.1591 10.8656L18.9011 10.2096H17.9107Z\" fill=\"currentColor\" stroke=\"currentColor\" stroke-width=\"0.75\"\/>\n<\/svg>\n                              <\/span>\n            <\/a>\n          <\/div>\n              <\/div>\n    <\/div>\n    <div class=\"col-imgs \">\n              <picture class=\"patterns\">\n          <source media=\"(min-width:1280px)\" srcset=\"https:\/\/mm-test.digilicious.cloud\/wp-content\/uploads\/header-pattern-blue-applications-v1-desktop.svg\">\n          <source media=\"(min-width:768px)\" srcset=\"https:\/\/mm-test.digilicious.cloud\/wp-content\/uploads\/header-pattern-blue-applications-v1-tablet.svg\">\n          <img fetchpriority=\"high\" src=\"https:\/\/mm-test.digilicious.cloud\/wp-content\/uploads\/header-pattern-blue-v1-mobile.svg\" alt=\"pattern blue icon\" width=\"769\" height=\"256\" loading=\"eager\" decoding=\"async\" >\n        <\/picture>      \n                    <picture class=\"background-image\">\n          <source media=\"(min-width:1280px)\" srcset=\"https:\/\/mm-test.digilicious.cloud\/wp-content\/uploads\/header-background-board-paper-applications-desktop.webp\">\n          <source media=\"(min-width:768px)\" srcset=\"https:\/\/mm-test.digilicious.cloud\/wp-content\/uploads\/header-background-board-paper-applications-tablet.webp\">\n          <img src=\"https:\/\/mm-test.digilicious.cloud\/wp-content\/uploads\/header-background-board-paper-applications-mobile.webp\" alt=\"Cartonboard, liner or packaging kraft paper applications\" width=\"1516\" height=\"512\" loading=\"eager\" decoding=\"async\" >\n        <\/picture> \n          <\/div>\n  <\/div>\n<\/section>\n<section class=\"section-breadcrumb container-bg\">\n        <div class=\"container\">\n            <nav aria-label=\"breadcrumbs\" class=\"rank-math-breadcrumb\"><p><a href=\"https:\/\/mm-test.digilicious.cloud\/de\/\">MM Group<\/a><span class=\"separator\"> \/ <\/span><a href=\"https:\/\/mm-test.digilicious.cloud\/de\/wp-json\/\">Wp Json<\/a><span class=\"separator\"> \/ <\/span><a href=\"https:\/\/mm-test.digilicious.cloud\/de\/wp-json\/wp\/\">Wp<\/a><span class=\"separator\"> \/ <\/span><a href=\"https:\/\/mm-test.digilicious.cloud\/de\/wp-json\/wp\/v2\/\">V2<\/a><span class=\"separator\"> \/ <\/span><a href=\"https:\/\/mm-test.digilicious.cloud\/de\/wp-json\/wp\/v2\/pages\/\">Pages<\/a><span class=\"separator\"> \/ <\/span><span class=\"last\">17491<\/span><\/p><\/nav>    \n        <\/div>\n    <\/section>\n\n\n<section id=\"block_d22daf413d381d830477e80a97fb1eea\" data-block_d22daf413d381d830477e80a97fb1eea class=\"anchors-menu align\">\n  <div class=\"container\">\n    <div class=\"swiper\">\n              <div class=\"anchor-wrapper swiper-wrapper\">\n                                                 <a class=\"anchor swiper-slide\" href=\"#food\" href=\"\">\n                <span>\n                  FOOD \n                                  <span>\n              <\/a>\n                                                             <a class=\"anchor swiper-slide\" href=\"#non-food\" href=\"\">\n                <span>\n                  NON-FOOD \n                                  <span>\n              <\/a>\n                              <\/div>\n          <\/div>\n  <\/div>\n<\/section>\n\n\n\n\n\n<section id=\"block_179c59613d67ffbf6b92294e12c6ae0a\" data-block_179c59613d67ffbf6b92294e12c6ae0a\n    class=\"banner-xl align white  container-bg   banner-xl-slider \">\n    <div class=\"container\">\n        <div class=\"section-info mb-10 max-w-[833px] \">\n                    <div class=\"pretitle accent-color mb-3\">ERFOLGSGESCHICHTEN<\/div>\n                            <h2 class=\"title mb-4\">Preisgekr\u00f6nte Verpackungsl\u00f6sungen<\/h2>\n                        \n            <\/div>\n    <\/div>\n    <div class=\"container container-wrapper \">\n                    <div class=\"col-image\">\n                <div class=\"swiper\">\n                    <div class=\"swiper-wrapper\">\n                                                                                                            <div class=\"swiper-slide \">\n                                                                    <img decoding=\"async\" loading=\"lazy\" width=\"550\" height=\"550\"\n                                        src=\"https:\/\/mm-test.digilicious.cloud\/wp-content\/uploads\/McD_Delivery_Cuff_square_550x550.jpg\" alt=\"TOPCOLOR PURE BROWN Recyclingkarton f\u00fcr McDonald's Verpackung\"\n                                        >\n                                                            <\/div>\n                                                                                                            <div class=\"swiper-slide \">\n                                                                    <img decoding=\"async\" loading=\"lazy\" width=\"550\" height=\"550\"\n                                        src=\"https:\/\/mm-test.digilicious.cloud\/wp-content\/uploads\/Spirit-Brothers-Gin-Belles-Rives_square_550x550.jpg\" alt=\"ALASKA STRONG Frischfaserkarton f\u00fcr Belle Rive Gin Verpackung\"\n                                        >\n                                                            <\/div>\n                                                                                                            <div class=\"swiper-slide \">\n                                                                    <img decoding=\"async\" loading=\"lazy\" width=\"1350\" height=\"900\"\n                                        src=\"https:\/\/mm-test.digilicious.cloud\/wp-content\/uploads\/csm_Kelloggs_Coco_Pops_final_7f023d46c0-e1723133819808.webp\" alt=\"Recyclingkarton von MM f\u00fcr Kelloggs Coco Pops Verpackung\"\n                                        >\n                                                            <\/div>\n                                                                                                            <div class=\"swiper-slide \">\n                                                                    <img decoding=\"async\" loading=\"lazy\" width=\"550\" height=\"550\"\n                                        src=\"https:\/\/mm-test.digilicious.cloud\/wp-content\/uploads\/Hofer_Basket_square.jpg\" alt=\"TOPCOLOR PURE BROWN Recyclingkarton f\u00fcr Hofer Obstkorb\"\n                                        >\n                                                            <\/div>\n                                            <\/div>\n                <\/div>\n            <\/div> <!-- Cierre de la col-image -->\n            <div class=\"col-content\">\n                                    <div class=\"swiper-pagination\"><\/div>\n                                <div class=\"swiper-container\">\n                    <div class=\"swiper\">\n                        <div class=\"swiper-wrapper\">\n                                                                                             <div class=\"swiper-slide\">\n                                    <div class=\"banner-info-content\"  data-aos=\"fade-up\" data-aos-duration=\"1000\">\n                                                                                    <div class=\"pretitle mb-[11px] accent-color\">McDonald\u2019s Delivery Cuff<\/div>\n                                                                                                                            <h2\n                                                class=\"mb-4  title-small \">\n                                                Produziert mit TOPCOLOR\u00ae PURE BROWN<\/h2>\n                                                                                                                            <div class=\"banner_text custom-list\"><p><span data-sheets-root=\"1\">In den britischen McDonald&#8217;s Filialen gehen t\u00e4glich hunderttausende Online-Bestellungen ein. F\u00fcr die fertig gepackten Liefert\u00fcten wird ein funktionaler Verschluss aus unserem Recyclingkarton TOPCOLOR\u00ae PURE BROWN, produziert in MM Kolicevo, verwendet, um die Ware vor Manipulation zu sch\u00fctzen. Die von Huhtamaki entwickelte L\u00f6sung ersetzt die urspr\u00fcnglich verwendeten Kunststoffaufkleber.<\/span><\/p>\n<p>&nbsp;<\/p>\n<p><strong>Awards:<\/strong><\/p>\n<ul>\n<li>2024 \u2013 World Star Award in der Kategorie &#8222;Food&#8220;<\/li>\n<li>2023 \u2013 European Carton Excellence Award: Winner Food &amp; Drink Packaging &#8211; Recycled Fibre<\/li>\n<\/ul>\n<p><span data-sheets-root=\"1\">\u00a0<\/span><\/p>\n<\/div>\n                                                                                                                                                                    <div class=\"mt-9 mb-3\">\n                                                <a class=\"btn btn-secondary\" href=\"https:\/\/www.mm-boardpaper.com\/news-unfolded\/aller-guten-dinge-sind-4-european-carton-excellence-awards-fuer-mm-board-paper\/\" target=\"_blank\" rel=\"nofollow noopener\">\n                                                    <span>\n                                                        Mehr erfahren\n                                                                                                            <\/span>\n                                                <\/a>\n                                            <\/div>\n                                                                            <\/div>\n                                <\/div>\n                                                                                             <div class=\"swiper-slide\">\n                                    <div class=\"banner-info-content\"  data-aos=\"fade-up\" data-aos-duration=\"1000\">\n                                                                                    <div class=\"pretitle mb-[11px] accent-color\">Belle Rive Gin<\/div>\n                                                                                                                            <h2\n                                                class=\"mb-4  title-small \">\n                                                Verpackung aus ALASKA\u00ae STRONG <\/h2>\n                                                                                                                            <div class=\"banner_text custom-list\"><p>Der Belle Rive Gin von Spirit Brothers \u00fcberzeugt durch eine von Lucaprint durchdachte Verpackungskonstruktion und ein aufmerksamkeitsstarkes Design: Der Gin wird als Blickfang am Point of Sale inszeniert, gleichzeitig garantiert die Verpackung auch Produktschutz und kann \u2013 dank eingearbeiteter Kordel \u2013 mit einer praktischen Tragefunktion aufwarten. Die glatte Oberfl\u00e4che des Frischfaserkartons ALASKA\u00ae STRONG von MM Kotkamills erm\u00f6glicht eine pr\u00e4zise Bedruckung.<\/p>\n<p><strong>Awards<\/strong>:<\/p>\n<ul>\n<li>2024 \u2013 World Star Award in der Kategorie \u201eAlcoholic Beverages&#8220;<\/li>\n<li>2023 \u2013 European Carton Excellence Award: Gold Award<\/li>\n<li>2023 \u2013 \u201eMarkenmagnet\u201d der deutschen Fachzeitschrift Lebensmittel-Praxis in Gold in der Kategorie \u201eImpuls\u201c<\/li>\n<\/ul>\n<\/div>\n                                                                                                                                                                    <div class=\"mt-9 mb-3\">\n                                                <a class=\"btn btn-secondary\" href=\"https:\/\/www.mm-boardpaper.com\/news-unfolded\/markenmagnet-fuer-gin-verpackung-aus-alaskar-strong\/\" target=\"\" rel=\"nofollow noopener\">\n                                                    <span>\n                                                        Mehr erfahren\n                                                                                                            <\/span>\n                                                <\/a>\n                                            <\/div>\n                                                                            <\/div>\n                                <\/div>\n                                                                                             <div class=\"swiper-slide\">\n                                    <div class=\"banner-info-content\"  data-aos=\"fade-up\" data-aos-duration=\"1000\">\n                                                                                    <div class=\"pretitle mb-[11px] accent-color\">Kellogg&#8217;s Coco Pops<\/div>\n                                                                                                                            <h2\n                                                class=\"mb-4  title-small \">\n                                                Produziert aus Recyclingkarton von MM Board &#038; Paper<\/h2>\n                                                                                                                            <div class=\"banner_text custom-list\"><p>Die innovative Verpackungsl\u00f6sung f\u00fcr Kellogg\u2019s Coco Pops ist die erste Lebensmittelverpackung mit dem neuen NaviLens-System, das Blinden und Sehschwachen \u00fcber farbige QR-\u00e4hnliche Codes auf der Verpackung Produktinformationen bereitstellt und ihnen damit das Leben erleichtert.<\/p>\n<p>&nbsp;<\/p>\n<p><strong>Awards:<\/strong><\/p>\n<ul>\n<li>2022 \u2013 Silver \u201eMarken-Magnet\u201c in der Kategorie \u201eImpulse at the POS\u201d<\/li>\n<li>2022 \u2013 \u201eExcellent Communications Design &#8211; Packaging \/ Special Mention&#8220; beim German Design Award<\/li>\n<\/ul>\n<\/div>\n                                                                                                                                                                    <div class=\"mt-9 mb-3\">\n                                                <a class=\"btn btn-secondary\" href=\"https:\/\/www.mm-boardpaper.com\/news-unfolded\/welttag-des-sehens-kelloggs-punktet-mit-spezieller-verpackung\/\" target=\"\" rel=\"nofollow noopener\">\n                                                    <span>\n                                                        Mehr erfahren\n                                                                                                            <\/span>\n                                                <\/a>\n                                            <\/div>\n                                                                            <\/div>\n                                <\/div>\n                                                                                             <div class=\"swiper-slide\">\n                                    <div class=\"banner-info-content\"  data-aos=\"fade-up\" data-aos-duration=\"1000\">\n                                                                                    <div class=\"pretitle mb-[11px] accent-color\">Hofer Obstk\u00f6rbchen<\/div>\n                                                                                                                            <h2\n                                                class=\"mb-4  title-small \">\n                                                Produziert aus TOPCOLOR\u00ae PURE BROWN<\/h2>\n                                                                                                                            <div class=\"banner_text custom-list\"><p>Der &#8222;Fruit Basket&#8220; wurde f\u00fcr die Lagerung und den Transport von Steinobst als Alternative zu herk\u00f6mmlichen Tiefziehschalen aus Kunststoff entwickelt, wird flach angeliefert und l\u00e4sst sich mit einer einfachen Handbewegung aufrichten. Verbraucher, die Obst in dieser Verpackung kaufen, erhalten eine plastikfreie, nachhaltige Verpackungsl\u00f6sung, die das Produkt sowohl von oben als auch durch die integrierten Luftl\u00f6cher pr\u00e4sentiert. Diese Verpackung aus TOPCOLOR\u00ae PURE BROWN, produziert in MM Kolicevo, kann leicht an verschiedene Obstgr\u00f6\u00dfen und individuelle Kundenw\u00fcnsche angepasst werden. Die integrierten runden Griffe verleihen der Verackung das Aussehen eines kleinen Tragekorbs.<\/p>\n<p>&nbsp;<\/p>\n<p style=\"padding-left: 40px;\"><strong>Awards:<\/strong><\/p>\n<ul>\n<li>2022 \u2013 \u201eMarken-Magnet\u201c in Gold in der Kategorie \u201eNachhaltigkeit\u201c<\/li>\n<li>2022 \u2013\u201eExcellent Communications Design &#8211; Packaging \/ Special Mention&#8220; beim German Design Award<\/li>\n<li>2021 \u2013 European Carton Excellence Award: Gewinner Food &amp; Drink Packaging &#8211; Recycled Fibre<\/li>\n<\/ul>\n<\/div>\n                                                                                                                                                                    <div class=\"mt-9 mb-3\">\n                                                <a class=\"btn btn-secondary\" href=\"https:\/\/www.mm-boardpaper.com\/news-unfolded\/die-cleveren-koerbchen\/\" target=\"\" rel=\"nofollow noopener\">\n                                                    <span>\n                                                        Mehr erfahren\n                                                                                                            <\/span>\n                                                <\/a>\n                                            <\/div>\n                                                                            <\/div>\n                                <\/div>\n                                                    <\/div>\n                    <\/div>\n                                            <div class=\"navigation-buttons\">\n                            <button title=\"Previous slide\" class=\"swiper-button-prev accent-color\"><svg width=\"60\" height=\"60\" viewBox=\"0 0 60 60\" fill=\"none\" xmlns=\"http:\/\/www.w3.org\/2000\/svg\">\n<path d=\"M24.42 52.4961L26.7484 49.8621L6.26789 31.7579L60 31.7579L60 28.2423L6.26789 28.2423L26.7484 10.1381L24.42 7.50406L2.04617e-06 29.0906L1.88715e-06 30.9096L24.42 52.4961Z\" fill=\"currentColor\"\/>\n<\/svg><\/button>\n                            <button title=\"Next slide\" class=\"swiper-button-next accent-color\"><svg width=\"60\" height=\"60\" viewBox=\"0 0 60 60\" fill=\"none\" xmlns=\"http:\/\/www.w3.org\/2000\/svg\">\n<path d=\"M24.42 52.4961L26.7484 49.8621L6.26789 31.7579L60 31.7579L60 28.2423L6.26789 28.2423L26.7484 10.1381L24.42 7.50406L2.04617e-06 29.0906L1.88715e-06 30.9096L24.42 52.4961Z\" fill=\"currentColor\"\/>\n<\/svg><\/button>\n                        <\/div>\n                                    <\/div>\n            <\/div>\n            <\/div>\n<\/section>\n\n\n<section id=\"block_19ca9a92148379728f98877d0bf22ac6\" data-block_19ca9a92148379728f98877d0bf22ac6 class=\"related-news align light-blue  container-bg \">\n  <div class=\"container\">\n    <div class=\"section-info mb-10 max-w-[833px] \">\n                    <div class=\"pretitle accent-color mb-3\">MM BOARD &#038; PAPER<\/div>\n                            <h2 class=\"title mb-4\">News<\/h2>\n                            <div class=\"section_text \"><p>Informieren Sie sich \u00fcber die aktuellsten Neuigkeiten in der Kartonindustrie und MM Board &amp; Paper.<\/p>\n<\/div>\n                \n            <\/div>\n    <div class=\"related-news\">\n                      <article\n    class=\"new-card  division-board-paper  \">\n    <a href=\"https:\/\/mm-test.digilicious.cloud\/de\/news\/board-paper\/otg-setzt-mit-foodboard-auf-hoechste-standards-in-der-produktsicherheit\/\" title=\"OTG setzt mit FOODBOARD\u00ae auf h\u00f6chste Standards in der Produktsicherheit\">\n        <div class=\"image-wrapper\">\n                            <div class=\"new-card-sectors\">\n                                            <div class=\"category sector-board-paper\">Board &amp; Paper<\/div>\n                                    <\/div>\n                                        <img src=\"https:\/\/mm-test.digilicious.cloud\/wp-content\/uploads\/BP-square-.jpg\" alt=\"\" width=\"1024\" height=\"1024\" loading=\"lazy\" decoding=\"async\" >\n                    <\/div>\n        <div class=\"new-card-meta\">\n            <time datetime=\"09\/02\/26\">09\/02\/26<\/time>\n                            <div class=\"tag-news swiper\">\n                    <div class=\"swiper-wrapper\">\n                                                    <div class=\"tag sector-kundenstories swiper-slide\">Kundenstories<\/div>\n                            <span class=\"separator swiper-slide\">\u00b7<\/span>\n                                                    <div class=\"tag sector-customer-stories-de swiper-slide\">Customer Stories<\/div>\n                            <span class=\"separator swiper-slide\">\u00b7<\/span>\n                                            <\/div>\n                <\/div>\n                        <p class=\"new-card-title\">OTG setzt mit FOODBOARD\u00ae auf h\u00f6chste Standards in der Produktsicherheit<\/p>\n        <\/div>\n    <\/a>\n<\/article>\n                      <article\n    class=\"new-card  division-board-paper  \">\n    <a href=\"https:\/\/mm-test.digilicious.cloud\/de\/news\/board-paper\/bctmp-birch-von-mm-follacell-hohes-volumen-hohe-helligkeit\/\" title=\"BCTMP Birch von MM FollaCell: Hohes Volumen &amp; hohe Helligkeit\">\n        <div class=\"image-wrapper\">\n                            <div class=\"new-card-sectors\">\n                                            <div class=\"category sector-board-paper\">Board &amp; Paper<\/div>\n                                    <\/div>\n                                        <img src=\"https:\/\/mm-test.digilicious.cloud\/wp-content\/uploads\/Follafoss-BCTMP_Website-Article_Visual-Pulp-1-Preview-1000x1000-1.jpg\" alt=\"\" width=\"1000\" height=\"1000\" loading=\"lazy\" decoding=\"async\" >\n                    <\/div>\n        <div class=\"new-card-meta\">\n            <time datetime=\"02\/02\/26\">02\/02\/26<\/time>\n                            <div class=\"tag-news swiper\">\n                    <div class=\"swiper-wrapper\">\n                                                    <div class=\"tag sector-unternehmen-werke swiper-slide\">Unternehmen \/ Werke<\/div>\n                            <span class=\"separator swiper-slide\">\u00b7<\/span>\n                                            <\/div>\n                <\/div>\n                        <p class=\"new-card-title\">BCTMP Birch von MM FollaCell: Hohes Volumen &amp; hohe Helligkeit<\/p>\n        <\/div>\n    <\/a>\n<\/article>\n                      <article\n    class=\"new-card  division-board-paper  \">\n    <a href=\"https:\/\/mm-test.digilicious.cloud\/de\/news\/board-paper\/mm-kwidzyn-benennt-seine-packaging-kraft-paper-marke-in-mm-polar-um\/\" title=\"MM Kwidzyn benennt seine Packaging Kraft Paper Marke in MM POLAR\u00ae um\">\n        <div class=\"image-wrapper\">\n                            <div class=\"new-card-sectors\">\n                                            <div class=\"category sector-board-paper\">Board &amp; Paper<\/div>\n                                    <\/div>\n                                        <img src=\"https:\/\/mm-test.digilicious.cloud\/wp-content\/uploads\/mm-polar-Folder-outside-2-square.jpg\" alt=\"\" width=\"1024\" height=\"1024\" loading=\"lazy\" decoding=\"async\" >\n                    <\/div>\n        <div class=\"new-card-meta\">\n            <time datetime=\"07\/01\/26\">07\/01\/26<\/time>\n                        <p class=\"new-card-title\">MM Kwidzyn benennt seine Packaging Kraft Paper Marke in MM POLAR\u00ae um<\/p>\n        <\/div>\n    <\/a>\n<\/article>\n                <\/div>\n  <\/div>\n<\/section>\n\n<section id=\"block_0d7a883d67044493dbf33ad3e50c5e8a\" data-block_0d7a883d67044493dbf33ad3e50c5e8a class=\"button-centered align light-blue  container-bg  relative pb-10 lg:pb-20 lg:-mt-10\">\n    <div class=\"container flex justify-center\">\n      <a class=\"btn  btn-secondary \" href=\"https:\/\/mm-test.digilicious.cloud\/de\/news\/board-paper\/\" target=\"\">\n        <span>\n          Weitere Board &amp; Paper News\n                  <\/span>\n      <\/a>\n    <\/div>\n  <\/section>\n\n\n\n<p><\/p>\n","protected":false},"excerpt":{"rendered":"","protected":false},"author":1,"featured_media":0,"parent":17467,"menu_order":0,"comment_status":"closed","ping_status":"closed","template":"","meta":{"_acf_changed":false,"inline_featured_image":false,"footnotes":""},"page-category":[],"class_list":["post-17491","page","type-page","status-publish","hentry"],"acf":[],"_links":{"self":[{"href":"https:\/\/mm-test.digilicious.cloud\/de\/wp-json\/wp\/v2\/pages\/17491","targetHints":{"allow":["GET"]}}],"collection":[{"href":"https:\/\/mm-test.digilicious.cloud\/de\/wp-json\/wp\/v2\/pages"}],"about":[{"href":"https:\/\/mm-test.digilicious.cloud\/de\/wp-json\/wp\/v2\/types\/page"}],"author":[{"embeddable":true,"href":"https:\/\/mm-test.digilicious.cloud\/de\/wp-json\/wp\/v2\/users\/1"}],"replies":[{"embeddable":true,"href":"https:\/\/mm-test.digilicious.cloud\/de\/wp-json\/wp\/v2\/comments?post=17491"}],"version-history":[{"count":1,"href":"https:\/\/mm-test.digilicious.cloud\/de\/wp-json\/wp\/v2\/pages\/17491\/revisions"}],"predecessor-version":[{"id":35161,"href":"https:\/\/mm-test.digilicious.cloud\/de\/wp-json\/wp\/v2\/pages\/17491\/revisions\/35161"}],"up":[{"embeddable":true,"href":"https:\/\/mm-test.digilicious.cloud\/de\/wp-json\/wp\/v2\/pages\/17467"}],"wp:attachment":[{"href":"https:\/\/mm-test.digilicious.cloud\/de\/wp-json\/wp\/v2\/media?parent=17491"}],"wp:term":[{"taxonomy":"page-category","embeddable":true,"href":"https:\/\/mm-test.digilicious.cloud\/de\/wp-json\/wp\/v2\/page-category?post=17491"}],"curies":[{"name":"wp","href":"https:\/\/api.w.org\/{rel}","templated":true}]}}