{"id":17607,"date":"2024-07-04T10:24:33","date_gmt":"2024-07-04T08:24:33","guid":{"rendered":"https:\/\/mm-live.digilicious.cloud\/packaging\/added-value-services\/serialization-pre-serialization\/"},"modified":"2024-09-19T13:21:52","modified_gmt":"2024-09-19T11:21:52","slug":"serialisierung-variablencodierung","status":"publish","type":"page","link":"https:\/\/mm-test.digilicious.cloud\/de\/packaging\/mehrwert-dienstleistungen\/serialisierung-variablencodierung\/","title":{"rendered":"Serialisierung und Variablencodierung"},"content":{"rendered":"<section id=\"block_65f4d52ecbd7b3ab3218f3721aa71d1f\" data-block_65f4d52ecbd7b3ab3218f3721aa71d1f class=\"hero-page align light-pink  container-bg  page-subchild\">\n  <div class=\"container-big\">\n    <div class=\"container\">\n      <div class=\"col-info\">\n                          <div class=\"pretitle mb-2\">Einzigartige Codierung<\/div>\n                          <h1 class=\"title mb-2\"> Serialisierung und Variablencodierung<\/h1>\n                          <div class=\"text\"><p><span data-sheets-root=\"1\">MM hat sich auf fortschrittliche Serialisierungs- und Codierungsl\u00f6sungen f\u00fcr Kartons und Etiketten spezialisiert. Mit unseren Dienstleistungen stellen wir sicher, dass die Produkte unserer Kunden alle gesetzlichen Anforderungen erf\u00fcllen und die Integrit\u00e4t ihrer Lieferketten gewahrt bleibt.<\/span><\/p>\n<\/div>\n                      <\/div>\n    <\/div>\n    <div class=\"col-imgs \">\n              <picture class=\"patterns\">\n          <source media=\"(min-width:1280px)\" srcset=\"https:\/\/mm-test.digilicious.cloud\/wp-content\/uploads\/header-pattern-red-service-v3-desktop.svg\">\n          <source media=\"(min-width:768px)\" srcset=\"https:\/\/mm-test.digilicious.cloud\/wp-content\/uploads\/header-pattern-red-service-v3-v1-tablet.svg\">\n          <img fetchpriority=\"high\" src=\"https:\/\/mm-test.digilicious.cloud\/wp-content\/uploads\/header-pattern-red-service-v3-mobile.svg\" alt=\"\" width=\"769\" height=\"256\" loading=\"eager\" decoding=\"async\" >\n        <\/picture>      \n                    <picture class=\"background-image\">\n          <source media=\"(min-width:1280px)\" srcset=\"https:\/\/mm-test.digilicious.cloud\/wp-content\/uploads\/2.4.2-Serialization-Variable-Coding-hero-scaled-e1723037072452.webp\">\n          <source media=\"(min-width:768px)\" srcset=\"https:\/\/mm-test.digilicious.cloud\/wp-content\/uploads\/2.4.2-Serialization-Variable-Coding-hero-1-scaled-e1723037147322.webp\">\n          <img src=\"https:\/\/mm-test.digilicious.cloud\/wp-content\/uploads\/2.4.2-Serialization-Variable-Coding-hero-2-scaled-e1723037181906.webp\" alt=\"\" width=\"2560\" height=\"1024\" loading=\"eager\" decoding=\"async\" >\n        <\/picture> \n          <\/div>\n  <\/div>\n<\/section>\n<section class=\"section-breadcrumb container-bg\">\n        <div class=\"container\">\n            <nav aria-label=\"breadcrumbs\" class=\"rank-math-breadcrumb\"><p><a href=\"https:\/\/mm-test.digilicious.cloud\/de\/\">MM Group<\/a><span class=\"separator\"> \/ <\/span><a href=\"https:\/\/mm-test.digilicious.cloud\/de\/wp-json\/\">Wp Json<\/a><span class=\"separator\"> \/ <\/span><a href=\"https:\/\/mm-test.digilicious.cloud\/de\/wp-json\/wp\/\">Wp<\/a><span class=\"separator\"> \/ <\/span><a href=\"https:\/\/mm-test.digilicious.cloud\/de\/wp-json\/wp\/v2\/\">V2<\/a><span class=\"separator\"> \/ <\/span><a href=\"https:\/\/mm-test.digilicious.cloud\/de\/wp-json\/wp\/v2\/pages\/\">Pages<\/a><span class=\"separator\"> \/ <\/span><span class=\"last\">17607<\/span><\/p><\/nav>    \n        <\/div>\n    <\/section>\n\n\n<section id=\"block_263f4642aba6dcdbecf4e7d509bff9d1\" data-block_263f4642aba6dcdbecf4e7d509bff9d1\n    class=\"banner-xl align transparent  container-bg  \">\n    <div class=\"container\">\n            <\/div>\n    <div class=\"container container-wrapper  reverse \">\n                    <div class=\"col-image\">\n                <div class=\"swiper\">\n                    <div class=\"swiper-wrapper\">\n                                                                                                            <div class=\"swiper-slide \">\n                                                                    <img decoding=\"async\" loading=\"lazy\" width=\"1706\" height=\"1706\"\n                                        src=\"https:\/\/mm-test.digilicious.cloud\/wp-content\/uploads\/2.4.2-Serialization-Variable-Coding-1-scaled-e1723036857932.webp\" alt=\"\"\n                                        >\n                                                            <\/div>\n                                            <\/div>\n                <\/div>\n            <\/div> <!-- Cierre de la col-image -->\n            <div class=\"col-content\">\n                                <div class=\"swiper-container\">\n                    <div class=\"swiper\">\n                        <div class=\"swiper-wrapper\">\n                                                                                             <div class=\"swiper-slide\">\n                                    <div class=\"banner-info-content\"  data-aos=\"fade-up\" data-aos-duration=\"1000\">\n                                                                                    <div class=\"pretitle mb-[11px] accent-color\">Modernste Technologien<\/div>\n                                                                                                                            <h2\n                                                class=\"mb-4  title \">\n                                                Technische L\u00f6sungen f\u00fcr jede Herausforderung<\/h2>\n                                                                                                                            <div class=\"banner_text custom-list\"><p><span data-sheets-root=\"1\">Wir verwenden eine Reihe von Technologien, die auf die spezifischen Herausforderungen unserer Kunden zugeschnitten sind. Ob Drop on Demand, Digital oder Clear Code, wir k\u00fcmmern uns um Einstufungsfragen, komplexe Kodierungsanforderungen, Werbeaktionen und Effizienzprobleme. Unsere Standorte sind mit sachkundigen Teams ausgestattet und verf\u00fcgen \u00fcber die n\u00f6tige Erfahrung, um jedes Problem unserer Kunden zu l\u00f6sen.<\/span><\/p>\n<\/div>\n                                                                                                                                                            <\/div>\n                                <\/div>\n                                                    <\/div>\n                    <\/div>\n                                    <\/div>\n            <\/div>\n            <\/div>\n<\/section>\n\n\n<section id=\"block_a31f3b4ffa24a2e2eecc38ef97fcd7c5\" data-block_a31f3b4ffa24a2e2eecc38ef97fcd7c5\n    class=\"banner-xl align light-pink  container-bg  \">\n    <div class=\"container\">\n            <\/div>\n    <div class=\"container container-wrapper \">\n                    <div class=\"col-image\">\n                <div class=\"swiper\">\n                    <div class=\"swiper-wrapper\">\n                                                                                                            <div class=\"swiper-slide \">\n                                                                    <img decoding=\"async\" loading=\"lazy\" width=\"2560\" height=\"2560\"\n                                        src=\"https:\/\/mm-test.digilicious.cloud\/wp-content\/uploads\/MMP-P_HC-Crane-TestLabel-11_b-1-1-scaled.jpg\" alt=\"\"\n                                        >\n                                                            <\/div>\n                                            <\/div>\n                <\/div>\n            <\/div> <!-- Cierre de la col-image -->\n            <div class=\"col-content\">\n                                <div class=\"swiper-container\">\n                    <div class=\"swiper\">\n                        <div class=\"swiper-wrapper\">\n                                                                                             <div class=\"swiper-slide\">\n                                    <div class=\"banner-info-content\"  data-aos=\"fade-up\" data-aos-duration=\"1000\">\n                                                                                    <div class=\"pretitle mb-[11px] accent-color\">Verbesserung der Produktivit\u00e4t in den Verpackungslinien unserer Kunden<\/div>\n                                                                                                                            <h2\n                                                class=\"mb-4  title \">\n                                                Optimierte L\u00f6sungen f\u00fcr Serialisierung und variable Codierung<\/h2>\n                                                                                                                            <div class=\"banner_text custom-list\"><p><span data-sheets-root=\"1\">Unsere sicheren Serialisierungs- und Codierungsl\u00f6sungen sind so konzipiert, dass sie sich nahtlos in Ihre Prozesse integrieren lassen und die Komplexit\u00e4t des Druckens von Codes auf Kartons und Etiketten vereinfachen. Wir verstehen die damit verbundenen Herausforderungen und die Auswirkungen, die dieser Prozess auf die Effizienz der Verpackungslinie hat. Deshalb bieten wir erg\u00e4nzende Codierungs- und variable Druckl\u00f6sungen an, um die Produktivit\u00e4t in Ihrer Lieferkette zu unterst\u00fctzen.<\/span><\/p>\n<\/div>\n                                                                                                                                                            <\/div>\n                                <\/div>\n                                                    <\/div>\n                    <\/div>\n                                    <\/div>\n            <\/div>\n            <\/div>\n<\/section>\n\n\n<section id=\"block_8ddac755b24aa2917c522f2ff7029490\" data-block_8ddac755b24aa2917c522f2ff7029490\n    class=\"banner-xl align transparent  container-bg  \">\n    <div class=\"container\">\n            <\/div>\n    <div class=\"container container-wrapper  reverse \">\n                    <div class=\"col-image\">\n                <div class=\"swiper\">\n                    <div class=\"swiper-wrapper\">\n                                                                                                            <div class=\"swiper-slide \">\n                                                                    <img decoding=\"async\" loading=\"lazy\" width=\"1706\" height=\"1706\"\n                                        src=\"https:\/\/mm-test.digilicious.cloud\/wp-content\/uploads\/2.4.2-Serialization-Variable-Coding-3-scaled-e1723036893241.webp\" alt=\"\"\n                                        >\n                                                            <\/div>\n                                            <\/div>\n                <\/div>\n            <\/div> <!-- Cierre de la col-image -->\n            <div class=\"col-content\">\n                                <div class=\"swiper-container\">\n                    <div class=\"swiper\">\n                        <div class=\"swiper-wrapper\">\n                                                                                             <div class=\"swiper-slide\">\n                                    <div class=\"banner-info-content\"  data-aos=\"fade-up\" data-aos-duration=\"1000\">\n                                                                                    <div class=\"pretitle mb-[11px] accent-color\">Zuverl\u00e4ssiger Partner f\u00fcr Codierl\u00f6sungen<\/div>\n                                                                                                                            <h2\n                                                class=\"mb-4  title \">\n                                                Wann Sie Ihre Serialisierung oder Variablencodierung auslagern sollten<\/h2>\n                                                                                                                            <div class=\"banner_text custom-list\"><ul>\n<li><span data-sheets-root=\"1\">Kleinserienbestellungen<\/span><\/li>\n<li><span data-sheets-root=\"1\">Unterst\u00fctzung Ihrer Spitzenvolumina oder besonderen Saisons<\/span><\/li>\n<li><span data-sheets-root=\"1\">Komplexe Code-Anforderungen<\/span><\/li>\n<li><span data-sheets-root=\"1\">Komplexe Kartongr\u00f6\u00dfen oder Codeplatzierungen<\/span><\/li>\n<\/ul>\n<\/div>\n                                                                                                                                                            <\/div>\n                                <\/div>\n                                                    <\/div>\n                    <\/div>\n                                    <\/div>\n            <\/div>\n            <\/div>\n<\/section>\n\n\n<section id=\"block_1867ffcba608fec3f537f54e9604d389\" data-block_1867ffcba608fec3f537f54e9604d389 class=\"separator-w-icon align white position-right  container-bg  \">\n  <div class=\"container\">\n    <div class=\"inner relative\" data-aos=\"fade-up\" data-aos-duration=\"1000\">\n      <picture>\n                  <source media=\"(min-width: 1024px)\" srcset=\"https:\/\/mm-test.digilicious.cloud\/wp-content\/uploads\/Group-1000004977-2.png\">\n                <img src=\"https:\/\/mm-test.digilicious.cloud\/wp-content\/uploads\/Group-1000004977-2.png\" alt=\"\" width=\"300\" height=\"200\" loading=\"lazy\" decoding=\"async\" class=\"bg-image\">\n    <\/picture>\n    <\/div>\n  <\/div>\n<\/section>\n\n<section id=\"block_985120bfa699e57c713fc7b4a61d32cb\" data-block_985120bfa699e57c713fc7b4a61d32cb\n    class=\"banner-cta-full align    dark-pink  container-bg\"\n        >\n    <div class=\"container\">\n                    <div class=\"section-info mb-10 max-w-[833px]\">\n                                                    <h2 class=\"title mb-4\">Brauchen Sie Hilfe?<\/h2>\n                                            <\/div>\n                            <div class=\"banner-links\">\n                                                                                                    <a class=\"btn  btn-primary \"\n                            href=\"https:\/\/mm-test.digilicious.cloud\/de\/kontakt\/\" target=\"\">\n                            <span>\n                                Kontaktieren Sie uns\n                                                            <\/span>\n                        <\/a>\n                                                                    <\/div>\n            <\/div>\n<\/section>\n","protected":false},"excerpt":{"rendered":"","protected":false},"author":1,"featured_media":0,"parent":17605,"menu_order":0,"comment_status":"closed","ping_status":"closed","template":"","meta":{"_acf_changed":false,"inline_featured_image":false,"footnotes":""},"page-category":[],"class_list":["post-17607","page","type-page","status-publish","hentry"],"acf":[],"_links":{"self":[{"href":"https:\/\/mm-test.digilicious.cloud\/de\/wp-json\/wp\/v2\/pages\/17607","targetHints":{"allow":["GET"]}}],"collection":[{"href":"https:\/\/mm-test.digilicious.cloud\/de\/wp-json\/wp\/v2\/pages"}],"about":[{"href":"https:\/\/mm-test.digilicious.cloud\/de\/wp-json\/wp\/v2\/types\/page"}],"author":[{"embeddable":true,"href":"https:\/\/mm-test.digilicious.cloud\/de\/wp-json\/wp\/v2\/users\/1"}],"replies":[{"embeddable":true,"href":"https:\/\/mm-test.digilicious.cloud\/de\/wp-json\/wp\/v2\/comments?post=17607"}],"version-history":[{"count":1,"href":"https:\/\/mm-test.digilicious.cloud\/de\/wp-json\/wp\/v2\/pages\/17607\/revisions"}],"predecessor-version":[{"id":28594,"href":"https:\/\/mm-test.digilicious.cloud\/de\/wp-json\/wp\/v2\/pages\/17607\/revisions\/28594"}],"up":[{"embeddable":true,"href":"https:\/\/mm-test.digilicious.cloud\/de\/wp-json\/wp\/v2\/pages\/17605"}],"wp:attachment":[{"href":"https:\/\/mm-test.digilicious.cloud\/de\/wp-json\/wp\/v2\/media?parent=17607"}],"wp:term":[{"taxonomy":"page-category","embeddable":true,"href":"https:\/\/mm-test.digilicious.cloud\/de\/wp-json\/wp\/v2\/page-category?post=17607"}],"curies":[{"name":"wp","href":"https:\/\/api.w.org\/{rel}","templated":true}]}}