{"id":17611,"date":"2024-07-03T11:35:08","date_gmt":"2024-07-03T09:35:08","guid":{"rendered":"https:\/\/mm-live.digilicious.cloud\/packaging\/responsible-production\/"},"modified":"2024-09-19T13:30:45","modified_gmt":"2024-09-19T11:30:45","slug":"verantwortungsvolle-produktion","status":"publish","type":"page","link":"https:\/\/mm-test.digilicious.cloud\/de\/packaging\/verantwortungsvolle-produktion\/","title":{"rendered":"Verantwortungsvolle Produktion"},"content":{"rendered":"<section id=\"block_34ffc8df2dfd9d3f8c3d9cc1f3d914e3\" data-block_34ffc8df2dfd9d3f8c3d9cc1f3d914e3 class=\"hero-page align dark-pink  container-bg  page-child\">\n  <div class=\"container-big\">\n    <div class=\"container\">\n      <div class=\"col-info\">\n                                  <h1 class=\"title mb-2\">Verantwortungsvolle Produktion<\/h1>\n                              <\/div>\n    <\/div>\n    <div class=\"col-imgs \">\n              <picture class=\"patterns\">\n          <source media=\"(min-width:1280px)\" srcset=\"https:\/\/mm-test.digilicious.cloud\/wp-content\/uploads\/header-pattern-red-v1-desktop.svg\">\n          <source media=\"(min-width:768px)\" srcset=\"https:\/\/mm-test.digilicious.cloud\/wp-content\/uploads\/header-pattern-red-v1-tablet.svg\">\n          <img fetchpriority=\"high\" src=\"https:\/\/mm-test.digilicious.cloud\/wp-content\/uploads\/header-pattern-red-v1-mobile.svg\" alt=\"\" width=\"769\" height=\"256\" loading=\"eager\" decoding=\"async\" >\n        <\/picture>      \n                    <picture class=\"background-image\">\n          <source media=\"(min-width:1280px)\" srcset=\"https:\/\/mm-test.digilicious.cloud\/wp-content\/uploads\/header-background-packaging_responsible-production-desktop.webp\">\n          <source media=\"(min-width:768px)\" srcset=\"https:\/\/mm-test.digilicious.cloud\/wp-content\/uploads\/header-background-packaging_responsible-production-tablet.webp\">\n          <img src=\"https:\/\/mm-test.digilicious.cloud\/wp-content\/uploads\/header-background-packaging_responsible-production-mobile.webp\" alt=\"\" width=\"1516\" height=\"512\" loading=\"eager\" decoding=\"async\" >\n        <\/picture> \n          <\/div>\n  <\/div>\n<\/section>\n<section class=\"section-breadcrumb container-bg\">\n        <div class=\"container\">\n            <nav aria-label=\"breadcrumbs\" class=\"rank-math-breadcrumb\"><p><a href=\"https:\/\/mm-test.digilicious.cloud\/de\/\">MM Group<\/a><span class=\"separator\"> \/ <\/span><a href=\"https:\/\/mm-test.digilicious.cloud\/de\/wp-json\/\">Wp Json<\/a><span class=\"separator\"> \/ <\/span><a href=\"https:\/\/mm-test.digilicious.cloud\/de\/wp-json\/wp\/\">Wp<\/a><span class=\"separator\"> \/ <\/span><a href=\"https:\/\/mm-test.digilicious.cloud\/de\/wp-json\/wp\/v2\/\">V2<\/a><span class=\"separator\"> \/ <\/span><a href=\"https:\/\/mm-test.digilicious.cloud\/de\/wp-json\/wp\/v2\/pages\/\">Pages<\/a><span class=\"separator\"> \/ <\/span><span class=\"last\">17611<\/span><\/p><\/nav>    \n        <\/div>\n    <\/section>\n\n\n<section id=\"block_98f0daa4124196e1dabe031ad4fa0293\" data-block_98f0daa4124196e1dabe031ad4fa0293\n    class=\"banner-xl align transparent  container-bg  \">\n    <div class=\"container\">\n            <\/div>\n    <div class=\"container container-wrapper \">\n                    <div class=\"col-image\">\n                <div class=\"swiper\">\n                    <div class=\"swiper-wrapper\">\n                                                                                                            <div class=\"swiper-slide \">\n                                                                    <img decoding=\"async\" loading=\"lazy\" width=\"549\" height=\"551\"\n                                        src=\"https:\/\/mm-test.digilicious.cloud\/wp-content\/uploads\/Folding-Carton-Volumetric-design-scaled-e1723480509541.jpg\" alt=\"Folding carton volumetric design\"\n                                        >\n                                                            <\/div>\n                                            <\/div>\n                <\/div>\n            <\/div> <!-- Cierre de la col-image -->\n            <div class=\"col-content\">\n                                <div class=\"swiper-container\">\n                    <div class=\"swiper\">\n                        <div class=\"swiper-wrapper\">\n                                                                                             <div class=\"swiper-slide\">\n                                    <div class=\"banner-info-content\"  data-aos=\"fade-up\" data-aos-duration=\"1000\">\n                                                                                    <div class=\"pretitle mb-[11px] accent-color\">Zweckm\u00e4\u00dfige Verpackung<\/div>\n                                                                                                                            <h2\n                                                class=\"mb-4  title \">\n                                                Verpackungsentwicklung &#038; Strukturelles Design<\/h2>\n                                                                                                                            <div class=\"banner_text custom-list\"><p><span data-sheets-root=\"1\">Wir unterst\u00fctzen bei der Entwicklung und dem strukturellen Design von individuellen Verpackungsl\u00f6sungen, die perfekt zu den Produkten unserer Kunden passen. Unser zentrales Innovationsteam arbeitet gemeinsam mit unseren Experten vor Ort an der Optimierung von Materialien und Prozessen, um kosteng\u00fcnstige und effiziente Verpackungsl\u00f6sungen zu gew\u00e4hrleisten. Wir beraten fachkundig \u00fcber den besten Einsatz von Materialien und Methoden, um eine m\u00f6glichst effiziente Verpackung zu erzielen.<\/span><\/p>\n<\/div>\n                                                                                                                                                                    <div class=\"mt-9 mb-3\">\n                                                <a class=\"btn btn-secondary\" href=\"https:\/\/mm-test.digilicious.cloud\/de\/kontakt\/\"\n                                                    target=\"\">\n                                                    <span>\n                                                        Kontaktieren Sie uns\n                                                                                                            <\/span>\n                                                <\/a>\n                                            <\/div>\n                                                                            <\/div>\n                                <\/div>\n                                                    <\/div>\n                    <\/div>\n                                    <\/div>\n            <\/div>\n            <\/div>\n<\/section>\n\n\n<section id=\"block_3a60f7b856a788b3ede6e1ac7fad1536\" data-block_3a60f7b856a788b3ede6e1ac7fad1536\n    class=\"banner-xl align light-pink  container-bg  \">\n    <div class=\"container\">\n            <\/div>\n    <div class=\"container container-wrapper  reverse \">\n                    <div class=\"col-image\">\n                <div class=\"swiper\">\n                    <div class=\"swiper-wrapper\">\n                                                                                                            <div class=\"swiper-slide \">\n                                                                    <img decoding=\"async\" loading=\"lazy\" width=\"549\" height=\"549\"\n                                        src=\"https:\/\/mm-test.digilicious.cloud\/wp-content\/uploads\/Walk-the-line-image_MM-Packaging-scaled-e1723480650513.webp\" alt=\"\"\n                                        >\n                                                            <\/div>\n                                            <\/div>\n                <\/div>\n            <\/div> <!-- Cierre de la col-image -->\n            <div class=\"col-content\">\n                                <div class=\"swiper-container\">\n                    <div class=\"swiper\">\n                        <div class=\"swiper-wrapper\">\n                                                                                             <div class=\"swiper-slide\">\n                                    <div class=\"banner-info-content\"  data-aos=\"fade-up\" data-aos-duration=\"1000\">\n                                                                                    <div class=\"pretitle mb-[11px] accent-color\">VERANTWORTUNGSVOLLE PRODUKTION<\/div>\n                                                                                                                            <h2\n                                                class=\"mb-4  title \">\n                                                Die gesamte Produktionslinie<\/h2>\n                                                                                                                            <div class=\"banner_text custom-list\"><p>Bei MM Packaging analysieren und liefern wir proaktiv ma\u00dfgeschneiderte Verpackungsl\u00f6sungen direkt an Ihre Produktionslinien. Unser Expertenteam besucht Ihren Betrieb, um die Verwendung von Verpackungen zu beobachten, die Leistung zu verbessern, die Effizienz zu steigern und Abfall zu reduzieren. Durch strategische Anpassungen Ihrer Sekund\u00e4rverpackungen sorgen wir f\u00fcr eine nahtlose Integration in Ihre Abl\u00e4ufe und erhebliche Prozessverbesserungen.<\/p>\n<p>&nbsp;<\/p>\n<p>Vorteile:<\/p>\n<ul>\n<li>Identifizieren Ihrer Anliegen und Bed\u00fcrfnisse, um unsere Unterst\u00fctzung f\u00fcr Sekund\u00e4rverpackungen ma\u00dfgeschneidert zu gestalten.<\/li>\n<li>Ausnutzen unseres umfassenden Fachwissens \u00fcber Verpackungsmaterialien, um Probleme schneller zu l\u00f6sen.<\/li>\n<li>Schnelle Reaktion auf neue gesch\u00e4ftliche Herausforderungen.<\/li>\n<li>Aufbauen st\u00e4rkerer Beziehungen durch besseres Verst\u00e4ndnis Ihres Unternehmens.<\/li>\n<\/ul>\n<\/div>\n                                                                                                                                                            <\/div>\n                                <\/div>\n                                                    <\/div>\n                    <\/div>\n                                    <\/div>\n            <\/div>\n            <\/div>\n<\/section>\n","protected":false},"excerpt":{"rendered":"","protected":false},"author":1,"featured_media":0,"parent":17536,"menu_order":0,"comment_status":"closed","ping_status":"closed","template":"","meta":{"_acf_changed":false,"inline_featured_image":false,"footnotes":""},"page-category":[],"class_list":["post-17611","page","type-page","status-publish","hentry"],"acf":[],"_links":{"self":[{"href":"https:\/\/mm-test.digilicious.cloud\/de\/wp-json\/wp\/v2\/pages\/17611","targetHints":{"allow":["GET"]}}],"collection":[{"href":"https:\/\/mm-test.digilicious.cloud\/de\/wp-json\/wp\/v2\/pages"}],"about":[{"href":"https:\/\/mm-test.digilicious.cloud\/de\/wp-json\/wp\/v2\/types\/page"}],"author":[{"embeddable":true,"href":"https:\/\/mm-test.digilicious.cloud\/de\/wp-json\/wp\/v2\/users\/1"}],"replies":[{"embeddable":true,"href":"https:\/\/mm-test.digilicious.cloud\/de\/wp-json\/wp\/v2\/comments?post=17611"}],"version-history":[{"count":1,"href":"https:\/\/mm-test.digilicious.cloud\/de\/wp-json\/wp\/v2\/pages\/17611\/revisions"}],"predecessor-version":[{"id":28591,"href":"https:\/\/mm-test.digilicious.cloud\/de\/wp-json\/wp\/v2\/pages\/17611\/revisions\/28591"}],"up":[{"embeddable":true,"href":"https:\/\/mm-test.digilicious.cloud\/de\/wp-json\/wp\/v2\/pages\/17536"}],"wp:attachment":[{"href":"https:\/\/mm-test.digilicious.cloud\/de\/wp-json\/wp\/v2\/media?parent=17611"}],"wp:term":[{"taxonomy":"page-category","embeddable":true,"href":"https:\/\/mm-test.digilicious.cloud\/de\/wp-json\/wp\/v2\/page-category?post=17611"}],"curies":[{"name":"wp","href":"https:\/\/api.w.org\/{rel}","templated":true}]}}