{"id":17616,"date":"2024-08-08T12:51:04","date_gmt":"2024-08-08T10:51:04","guid":{"rendered":"https:\/\/mm-live.digilicious.cloud\/packaging\/innovation\/network-collaboration\/"},"modified":"2024-09-19T14:46:30","modified_gmt":"2024-09-19T12:46:30","slug":"unser-netzwerk","status":"publish","type":"page","link":"https:\/\/mm-test.digilicious.cloud\/de\/packaging\/innovationen\/unser-netzwerk\/","title":{"rendered":"Unser Netzwerk"},"content":{"rendered":"<section id=\"block_3930ae59a6afefd5c88735ae95ca67d5\" data-block_3930ae59a6afefd5c88735ae95ca67d5 class=\"hero-page align superlight-pink  container-bg  page-subchild\">\n  <div class=\"container-big\">\n    <div class=\"container\">\n      <div class=\"col-info\">\n                                  <h1 class=\"title mb-2\">Unser Netzwerk\u00a0<\/h1>\n                          <div class=\"text\"><p>\u201eAlleine k\u00f6nnen wir so wenig tun; gemeinsam k\u00f6nnen wir so viel tun.\u201c<\/p>\n<p>Helen Keller<\/p>\n<\/div>\n                      <\/div>\n    <\/div>\n    <div class=\"col-imgs  patterns-full \">\n              <picture class=\"patterns\">\n          <source media=\"(min-width:1280px)\" srcset=\"https:\/\/mm-test.digilicious.cloud\/wp-content\/uploads\/hero-page-pattern-packaging-default-noimage-bigdesktop-2.svg\">\n          <source media=\"(min-width:768px)\" srcset=\"https:\/\/mm-test.digilicious.cloud\/wp-content\/uploads\/hero-page-pattern-packaging-default-noimage-smalldesktop-2.svg\">\n          <img fetchpriority=\"high\" src=\"https:\/\/mm-test.digilicious.cloud\/wp-content\/uploads\/hero-page-pattern-packaging-default-noimage-mobile-2.svg\" alt=\"\" width=\"776\" height=\"310\" loading=\"eager\" decoding=\"async\" >\n        <\/picture>      \n                <\/div>\n  <\/div>\n<\/section>\n<section class=\"section-breadcrumb container-bg\">\n        <div class=\"container\">\n            <nav aria-label=\"breadcrumbs\" class=\"rank-math-breadcrumb\"><p><a href=\"https:\/\/mm-test.digilicious.cloud\/de\/\">MM Group<\/a><span class=\"separator\"> \/ <\/span><a href=\"https:\/\/mm-test.digilicious.cloud\/de\/wp-json\/\">Wp Json<\/a><span class=\"separator\"> \/ <\/span><a href=\"https:\/\/mm-test.digilicious.cloud\/de\/wp-json\/wp\/\">Wp<\/a><span class=\"separator\"> \/ <\/span><a href=\"https:\/\/mm-test.digilicious.cloud\/de\/wp-json\/wp\/v2\/\">V2<\/a><span class=\"separator\"> \/ <\/span><a href=\"https:\/\/mm-test.digilicious.cloud\/de\/wp-json\/wp\/v2\/pages\/\">Pages<\/a><span class=\"separator\"> \/ <\/span><span class=\"last\">17616<\/span><\/p><\/nav>    \n        <\/div>\n    <\/section>\n\n\n<section id=\"features\" data-features\n    class=\"banner-xl align white  container-bg  \">\n    <div class=\"container\">\n            <\/div>\n    <div class=\"container container-wrapper \">\n                    <div class=\"col-image\">\n                <div class=\"swiper\">\n                    <div class=\"swiper-wrapper\">\n                                                                                                            <div class=\"swiper-slide \">\n                                                                    <img decoding=\"async\" loading=\"lazy\" width=\"1024\" height=\"1024\"\n                                        src=\"https:\/\/mm-test.digilicious.cloud\/wp-content\/uploads\/Collaboration.webp\" alt=\"\"\n                                        >\n                                                            <\/div>\n                                            <\/div>\n                <\/div>\n            <\/div> <!-- Cierre de la col-image -->\n            <div class=\"col-content\">\n                                <div class=\"swiper-container\">\n                    <div class=\"swiper\">\n                        <div class=\"swiper-wrapper\">\n                                                                                             <div class=\"swiper-slide\">\n                                    <div class=\"banner-info-content\"  data-aos=\"fade-up\" data-aos-duration=\"1000\">\n                                                                                    <div class=\"pretitle mb-[11px] accent-color\">UNSER NETZWERK<\/div>\n                                                                                                                            <h2\n                                                class=\"mb-4  title \">\n                                                Zusammenarbeit ist das A und O!<\/h2>\n                                                                                                                            <div class=\"banner_text custom-list\"><p>Zusammenarbeit ist zwar eine entscheidende Komponente der Innovation, aber nicht der einzige Schl\u00fcssel zum Erfolg. Bei MM wissen wir, wie wichtig kunden- und marktorientierte Innovationen sind. Unsere engagierten Innovationsteams konzentrieren sich auf verschiedene Gesch\u00e4ftsbereiche, in denen MM L\u00f6sungen anbietet.<\/p>\n<p>Wir setzen auf den Austausch bew\u00e4hrter Verfahren und die gemeinsame Nutzung von Ideen \u00fcber verschiedene Gesch\u00e4ftsbereiche hinweg, um unseren Kunden herausragende innovative Dienstleistungen zu bieten. Unser integratives und netzwerkbasiertes Innovationsmodell ist der Schl\u00fcssel zu unserem Erfolg. Durch einen projektbasierten Ansatz der Zusammenarbeit arbeiten wir eng mit unseren Kunden und Partnern zusammen, um L\u00f6sungen zu entwickeln, die genau auf ihre Bed\u00fcrfnisse zugeschnitten sind.<\/p>\n<p>Bei MM haben wir es uns zur Aufgabe gemacht, innovative Dienstleistungen zu bieten, die unseren Kunden helfen, der Konkurrenz immer einen Schritt voraus zu sein. Unser kooperativer Ansatz garantiert, dass wir stets an der Spitze der Innovation stehen und L\u00f6sungen liefern, die Ihre individuellen Anforderungen erf\u00fcllen. Begleiten Sie uns auf dieser spannenden Innovationsreise und lassen Sie uns gemeinsam Ihre Gesch\u00e4ftsziele erreichen.<\/p>\n<\/div>\n                                                                                                                                                            <\/div>\n                                <\/div>\n                                                    <\/div>\n                    <\/div>\n                                    <\/div>\n            <\/div>\n            <\/div>\n<\/section>\n\n\n<section id=\"block_fbe63ad470a7b635a66c2277d4d0318f\" data-block_fbe63ad470a7b635a66c2277d4d0318f class=\"image align light-pink  container-bg  relative block w-full overflow-hidden py-10\">\n  <div class=\"container\">\n    <div class=\"section-info mb-10 max-w-[833px] \">\n                    <div class=\"pretitle accent-color mb-3\">UNSER NETZWERK<\/div>\n                            <h2 class=\"title mb-4\">Inklusives und vernetztes Innovationsmodell<\/h2>\n                        \n            <\/div>\n  <\/div>\n  <div class=\" container \">\n                <img src=\"https:\/\/mm-test.digilicious.cloud\/wp-content\/uploads\/Innovation_image_mod_1606_25_s-01.png\" alt=\"\" width=\"1098\" height=\"608\" loading=\"lazy\" decoding=\"async\" class=\"mx-auto block\">\n          <\/div>\n<\/section>\n\n<section id=\"block_99510997b11ab9a12ba8056680ac1164\" data-block_99510997b11ab9a12ba8056680ac1164 class=\"separator-w-icon align white position-right  container-bg  \">\n  <div class=\"container\">\n    <div class=\"inner relative\" data-aos=\"fade-up\" data-aos-duration=\"1000\">\n      <picture>\n                  <source media=\"(min-width: 1024px)\" srcset=\"https:\/\/mm-test.digilicious.cloud\/wp-content\/uploads\/Group-1000004977-2.png\">\n                <img src=\"https:\/\/mm-test.digilicious.cloud\/wp-content\/uploads\/Group-1000004977-2.png\" alt=\"\" width=\"300\" height=\"200\" loading=\"lazy\" decoding=\"async\" class=\"bg-image\">\n    <\/picture>\n    <\/div>\n  <\/div>\n<\/section>\n\n<section id=\"block_b05a79df87d933b27e696f41259258b0\" data-block_b05a79df87d933b27e696f41259258b0\n    class=\"banner-cta-full align    dark-pink  container-bg\"\n        >\n    <div class=\"container\">\n                    <div class=\"section-info mb-10 max-w-[833px]\">\n                                    <div class=\"pretitle accent-color mb-3\">INNOVATION<\/div>\n                                                    <h2 class=\"title mb-4\">Brauchen Sie Hilfe?<\/h2>\n                                            <\/div>\n                            <div class=\"banner-links\">\n                                                                                                    <a class=\"btn  btn-primary \"\n                            href=\"https:\/\/mm-test.digilicious.cloud\/de\/kontakt\/\" target=\"\">\n                            <span>\n                                Kontaktieren Sie uns\n                                                            <\/span>\n                        <\/a>\n                                                                    <\/div>\n            <\/div>\n<\/section>\n","protected":false},"excerpt":{"rendered":"","protected":false},"author":1,"featured_media":0,"parent":17613,"menu_order":0,"comment_status":"closed","ping_status":"closed","template":"","meta":{"_acf_changed":false,"inline_featured_image":false,"footnotes":""},"page-category":[],"class_list":["post-17616","page","type-page","status-publish","hentry"],"acf":[],"_links":{"self":[{"href":"https:\/\/mm-test.digilicious.cloud\/de\/wp-json\/wp\/v2\/pages\/17616","targetHints":{"allow":["GET"]}}],"collection":[{"href":"https:\/\/mm-test.digilicious.cloud\/de\/wp-json\/wp\/v2\/pages"}],"about":[{"href":"https:\/\/mm-test.digilicious.cloud\/de\/wp-json\/wp\/v2\/types\/page"}],"author":[{"embeddable":true,"href":"https:\/\/mm-test.digilicious.cloud\/de\/wp-json\/wp\/v2\/users\/1"}],"replies":[{"embeddable":true,"href":"https:\/\/mm-test.digilicious.cloud\/de\/wp-json\/wp\/v2\/comments?post=17616"}],"version-history":[{"count":1,"href":"https:\/\/mm-test.digilicious.cloud\/de\/wp-json\/wp\/v2\/pages\/17616\/revisions"}],"predecessor-version":[{"id":30433,"href":"https:\/\/mm-test.digilicious.cloud\/de\/wp-json\/wp\/v2\/pages\/17616\/revisions\/30433"}],"up":[{"embeddable":true,"href":"https:\/\/mm-test.digilicious.cloud\/de\/wp-json\/wp\/v2\/pages\/17613"}],"wp:attachment":[{"href":"https:\/\/mm-test.digilicious.cloud\/de\/wp-json\/wp\/v2\/media?parent=17616"}],"wp:term":[{"taxonomy":"page-category","embeddable":true,"href":"https:\/\/mm-test.digilicious.cloud\/de\/wp-json\/wp\/v2\/page-category?post=17616"}],"curies":[{"name":"wp","href":"https:\/\/api.w.org\/{rel}","templated":true}]}}