{"id":17617,"date":"2024-08-08T12:51:29","date_gmt":"2024-08-08T10:51:29","guid":{"rendered":"https:\/\/mm-live.digilicious.cloud\/packaging\/innovation\/moulded-pulp\/"},"modified":"2025-12-15T16:22:15","modified_gmt":"2025-12-15T15:22:15","slug":"pharma-and-healthcare","status":"publish","type":"page","link":"https:\/\/mm-test.digilicious.cloud\/de\/packaging\/innovationen\/innovative-losungen\/pharma-and-healthcare\/","title":{"rendered":"Innovation Pharma &amp; Healthcare"},"content":{"rendered":"<section id=\"block_b2003ab0b8b943c25c0d05ded988e781\" data-block_b2003ab0b8b943c25c0d05ded988e781 class=\"hero-page align superlight-pink  container-bg  page-subchild\">\n  <div class=\"container-big\">\n    <div class=\"container\">\n      <div class=\"col-info\">\n                                  <h1 class=\"title mb-2\">Innovation f\u00fcr Pharma &#038; Healthcare <\/h1>\n                          <div class=\"text\"><p>Innovative Pharma &amp; Healthcare Verpackungen f\u00fcr Patientensicherheit, Effizienz und Nachhaltigkeit<\/p>\n<\/div>\n                      <\/div>\n    <\/div>\n    <div class=\"col-imgs \">\n              <picture class=\"patterns\">\n          <source media=\"(min-width:1280px)\" srcset=\"https:\/\/mm-test.digilicious.cloud\/wp-content\/uploads\/header-pattern-red-v1-desktop.svg\">\n          <source media=\"(min-width:768px)\" srcset=\"https:\/\/mm-test.digilicious.cloud\/wp-content\/uploads\/header-pattern-red-v1-tablet.svg\">\n          <img fetchpriority=\"high\" src=\"https:\/\/mm-test.digilicious.cloud\/wp-content\/uploads\/header-pattern-red-v1-mobile.svg\" alt=\"\" width=\"769\" height=\"256\" loading=\"eager\" decoding=\"async\" >\n        <\/picture>      \n                    <picture class=\"background-image\">\n          <source media=\"(min-width:1280px)\" srcset=\"https:\/\/mm-test.digilicious.cloud\/wp-content\/uploads\/MMP-P_HC-MadridS-08-1024px-x-1024px.jpg\">\n          <source media=\"(min-width:768px)\" srcset=\"https:\/\/mm-test.digilicious.cloud\/wp-content\/uploads\/MMP-P_HC-MadridS-08-772px-x-1024px.jpg\">\n          <img src=\"https:\/\/mm-test.digilicious.cloud\/wp-content\/uploads\/Header-small-1516px-x-512px-1.webp\" alt=\"Printing process with machinery and materials\" width=\"1516\" height=\"512\" loading=\"eager\" decoding=\"async\" >\n        <\/picture> \n          <\/div>\n  <\/div>\n<\/section>\n<section class=\"section-breadcrumb container-bg\">\n        <div class=\"container\">\n            <nav aria-label=\"breadcrumbs\" class=\"rank-math-breadcrumb\"><p><a href=\"https:\/\/mm-test.digilicious.cloud\/de\/\">MM Group<\/a><span class=\"separator\"> \/ <\/span><a href=\"https:\/\/mm-test.digilicious.cloud\/de\/wp-json\/\">Wp Json<\/a><span class=\"separator\"> \/ <\/span><a href=\"https:\/\/mm-test.digilicious.cloud\/de\/wp-json\/wp\/\">Wp<\/a><span class=\"separator\"> \/ <\/span><a href=\"https:\/\/mm-test.digilicious.cloud\/de\/wp-json\/wp\/v2\/\">V2<\/a><span class=\"separator\"> \/ <\/span><a href=\"https:\/\/mm-test.digilicious.cloud\/de\/wp-json\/wp\/v2\/pages\/\">Pages<\/a><span class=\"separator\"> \/ <\/span><span class=\"last\">17617<\/span><\/p><\/nav>    \n        <\/div>\n    <\/section>\n\n\n<section id=\"features\" data-features\n    class=\"banner-xl align white  container-bg  \">\n    <div class=\"container\">\n            <\/div>\n    <div class=\"container container-wrapper  reverse \">\n                    <div class=\"col-image\">\n                <div class=\"swiper\">\n                    <div class=\"swiper-wrapper\">\n                                                                                                            <div class=\"swiper-slide \">\n                                                                    <img decoding=\"async\" loading=\"lazy\" width=\"1024\" height=\"1024\"\n                                        src=\"https:\/\/mm-test.digilicious.cloud\/wp-content\/uploads\/MMP-P_HC-MO-Close-1024x1024-1.jpg\" alt=\"\"\n                                        >\n                                                            <\/div>\n                                            <\/div>\n                <\/div>\n            <\/div> <!-- Cierre de la col-image -->\n            <div class=\"col-content\">\n                                <div class=\"swiper-container\">\n                    <div class=\"swiper\">\n                        <div class=\"swiper-wrapper\">\n                                                                                             <div class=\"swiper-slide\">\n                                    <div class=\"banner-info-content\"  data-aos=\"fade-up\" data-aos-duration=\"1000\">\n                                                                                    <div class=\"pretitle mb-[11px] accent-color\">Innovation f\u00fcr Pharma &#038; Healthcare<\/div>\n                                                                                                                            <h2\n                                                class=\"mb-4  title \">\n                                                Crane Profound Micro-Optics <\/h2>\n                                                                                                                            <div class=\"banner_text custom-list\"><p>Unsere Partnerschaft mit Crane erm\u00f6glicht es uns, fortschrittliche mikrooptische Technologie in pharmazeutische Verpackungen zu integrieren. Diese Technologie, die urspr\u00fcnglich f\u00fcr die Sicherheit von Banknoten entwickelt wurde, bietet neue M\u00f6glichkeiten zum Schutz vor F\u00e4lschungen. Bei der Mikrooptik werden winzige Linsen auf der Verpackung angebracht, die dreidimensionale Effekte erzeugen und mit spezifischen Symbolen oder Designs versehen werden k\u00f6nnen. Diese Merkmale helfen bei der \u00dcberpr\u00fcfung der Produktechtheit und der \u00dcberwachung der Lagerbedingungen. Das Fachwissen von Crane im Bereich der Sicherheitsmerkmale und unsere Erfahrung mit Pharma &amp; Healtcare Verpackungen erm\u00f6glichen eine robuste L\u00f6sung, die den Markenschutz und die Patientensicherheit verbessert. Die Technologie bietet ein hohes Ma\u00df an Individualisierung und Sicherheit und macht es F\u00e4lschern schwer, sie zu kopieren. Durch diese Partnerschaft wird sichergestellt, dass die Verpackung nicht nur die Produkte sch\u00fctzt, sondern auch die R\u00fcckverfolgbarkeit unterst\u00fctzt und damit kritische Probleme in der pharmazeutischen Lieferkette angeht.<\/p>\n<\/div>\n                                                                                                                                                            <\/div>\n                                <\/div>\n                                                    <\/div>\n                    <\/div>\n                                    <\/div>\n            <\/div>\n            <\/div>\n<\/section>\n\n\n<section id=\"features\" data-features\n    class=\"banner-xl align white  container-bg  \">\n    <div class=\"container\">\n            <\/div>\n    <div class=\"container container-wrapper \">\n                    <div class=\"col-image\">\n                <div class=\"swiper\">\n                    <div class=\"swiper-wrapper\">\n                                                                                                            <div class=\"swiper-slide \">\n                                                                    <img decoding=\"async\" loading=\"lazy\" width=\"567\" height=\"567\"\n                                        src=\"https:\/\/mm-test.digilicious.cloud\/wp-content\/uploads\/2.4.3-Smart-Packaging.jpg\" alt=\"Green and white MM-branded cardboard box displayed on a light pink background\"\n                                        >\n                                                            <\/div>\n                                            <\/div>\n                <\/div>\n            <\/div> <!-- Cierre de la col-image -->\n            <div class=\"col-content\">\n                                <div class=\"swiper-container\">\n                    <div class=\"swiper\">\n                        <div class=\"swiper-wrapper\">\n                                                                                             <div class=\"swiper-slide\">\n                                    <div class=\"banner-info-content\"  data-aos=\"fade-up\" data-aos-duration=\"1000\">\n                                                                                    <div class=\"pretitle mb-[11px] accent-color\">Digital Dimension von Verpackungen<\/div>\n                                                                                                                            <h2\n                                                class=\"mb-4  title \">\n                                                Intelligente Verpackungsl\u00f6sungen<\/h2>\n                                                                                                                            <div class=\"banner_text custom-list\"><p>Wir entwickeln fortschrittliche intelligente Verpackungsl\u00f6sungen, die pharmazeutische Verpackungen in mehreren Dimensionen verbessern. Durch die Integration von NFC- und RFID-Technologien in Kartons und Etiketten verbessern wir die Nachverfolgungsm\u00f6glichkeiten, erh\u00f6hen die Sicherheit und unterst\u00fctzen die Therapietreue der Patienten. Unsere L\u00f6sungen beinhalten strenge pharmazeutische Qualit\u00e4tskontrollen, um digitale Vermischungen im Prozess zu verhindern, und verwenden modernste verschl\u00fcsselte Chips, um die Sicherheit des Inhalts zu gew\u00e4hrleisten. Bei der Entwicklung dieser Innovationen arbeiten wir eng mit Labors zusammen, um sicherzustellen, dass unsere Verpackungen den spezifischen Anforderungen entsprechen und eine verbesserte Funktionalit\u00e4t und Sicherheit bieten.<\/p>\n<\/div>\n                                                                                                                                                            <\/div>\n                                <\/div>\n                                                    <\/div>\n                    <\/div>\n                                    <\/div>\n            <\/div>\n            <\/div>\n<\/section>\n\n\n<section id=\"features\" data-features\n    class=\"banner-xl align light-pink  container-bg  \">\n    <div class=\"container\">\n            <\/div>\n    <div class=\"container container-wrapper  reverse \">\n                    <div class=\"col-image\">\n                <div class=\"swiper\">\n                    <div class=\"swiper-wrapper\">\n                                                                                                            <div class=\"swiper-slide \">\n                                                                    <img decoding=\"async\" loading=\"lazy\" width=\"640\" height=\"640\"\n                                        src=\"https:\/\/mm-test.digilicious.cloud\/wp-content\/uploads\/MMP-P_HC-Reflect_pink.webp\" alt=\"Packaging\"\n                                        >\n                                                            <\/div>\n                                            <\/div>\n                <\/div>\n            <\/div> <!-- Cierre de la col-image -->\n            <div class=\"col-content\">\n                                <div class=\"swiper-container\">\n                    <div class=\"swiper\">\n                        <div class=\"swiper-wrapper\">\n                                                                                             <div class=\"swiper-slide\">\n                                    <div class=\"banner-info-content\"  data-aos=\"fade-up\" data-aos-duration=\"1000\">\n                                                                                    <div class=\"pretitle mb-[11px] accent-color\">Nachhaltigere Metallic-Effekte<\/div>\n                                                                                                                            <h2\n                                                class=\"mb-4  title \">\n                                                Re*Flect<\/h2>\n                                                                                                                            <div class=\"banner_text custom-list\"><p>MM <span class=\"TextRun SCXW89652158 BCX0\" lang=\"EN-GB\" xml:lang=\"EN-GB\" data-contrast=\"auto\"><span class=\"NormalTextRun SCXW89652158 BCX0\">Re*Flect<\/span><\/span> Finishing Effect &#8211; unsere nachhaltige L\u00f6sung f\u00fcr metallische Veredelungen bei Pharmaverpackungen, die sowohl Qualit\u00e4t als auch \u00c4sthetik bewahrt. Unsere L\u00f6sung bietet eine umweltfreundliche Alternative zur herk\u00f6mmlichen metallisierten PET-Laminierung, die das gleiche auff\u00e4llige metallische Erscheinungsbild bietet, ohne die Umweltstandards zu beeintr\u00e4chtigen. Mit MM <span class=\"TextRun SCXW89652158 BCX0\" lang=\"EN-GB\" xml:lang=\"EN-GB\" data-contrast=\"auto\"><span class=\"NormalTextRun SCXW89652158 BCX0\">Re*Flect<\/span><\/span> erzielen Sie hochwertige, hochwirksame Veredelungen und reduzieren gleichzeitig Ihren \u00f6kologischen Fu\u00dfabdruck. Freuen Sie sich auf eine gr\u00fcnere Zukunft mit MM Re*flect Finishing Effects f\u00fcr Ihre pharmazeutischen Verpackungen.<\/p>\n<\/div>\n                                                                                                                                                                    <div class=\"mt-9 mb-3\">\n                                                <a class=\"btn btn-secondary\" href=\"https:\/\/mm-test.digilicious.cloud\/de\/packaging\/technologien\/heissfolienpraegung\/\"\n                                                    target=\"\">\n                                                    <span>\n                                                        Details ansehen\n                                                                                                            <\/span>\n                                                <\/a>\n                                            <\/div>\n                                                                            <\/div>\n                                <\/div>\n                                                    <\/div>\n                    <\/div>\n                                    <\/div>\n            <\/div>\n            <\/div>\n<\/section>\n\n\n<section id=\"block_e703a6948bb79e0d5a67fa11cd6f6d29\" data-block_e703a6948bb79e0d5a67fa11cd6f6d29\n    class=\"banner-xl align transparent  container-bg  \">\n    <div class=\"container\">\n            <\/div>\n    <div class=\"container container-wrapper \">\n                    <div class=\"col-image\">\n                <div class=\"swiper\">\n                    <div class=\"swiper-wrapper\">\n                                                                                                            <div class=\"swiper-slide \">\n                                                                    <img decoding=\"async\" loading=\"lazy\" width=\"640\" height=\"640\"\n                                        src=\"https:\/\/mm-test.digilicious.cloud\/wp-content\/uploads\/MMP-P_HC-Vial-Wrap_white.webp\" alt=\"Vial wrap label\"\n                                        >\n                                                            <\/div>\n                                            <\/div>\n                <\/div>\n            <\/div> <!-- Cierre de la col-image -->\n            <div class=\"col-content\">\n                                <div class=\"swiper-container\">\n                    <div class=\"swiper\">\n                        <div class=\"swiper-wrapper\">\n                                                                                             <div class=\"swiper-slide\">\n                                    <div class=\"banner-info-content\"  data-aos=\"fade-up\" data-aos-duration=\"1000\">\n                                                                                    <div class=\"pretitle mb-[11px] accent-color\">Fortschrittliche Kodierungstechnologie<\/div>\n                                                                                                                            <h2\n                                                class=\"mb-4  title \">\n                                                Clear Code\u00ae<\/h2>\n                                                                                                                            <div class=\"banner_text custom-list\"><p>Clear Code\u00ae wurde entwickelt, um den Kunden das Aufbringen komplexer variabler Codes einschlie\u00dflich 2D-Datamatrix sowie von Menschen lesbaren Textes zu erleichtern. MM versieht Kartons und Etiketten mit einer speziellen Beschichtung, die es den Kunden erm\u00f6glicht, ihre Codes mit ihren vorhandenen Bildgebungstechnologien wie CO2-Lasern, UV-Lasern und Thermotransfer einfacher und mit hohem Kontrast aufzubringen. Dieses System der n\u00e4chsten Generation stellt sicher, dass die Codes abrieb- und wischfest und immun gegen Umwelteinfl\u00fcsse sind. Clear Code reduziert Staub- und Abriebprobleme in Verpackungslinien und bietet eine sauberere, effizientere L\u00f6sung mit umfassender Substratkompatibilit\u00e4t, was es zu einer hervorragenden Wahl f\u00fcr moderne Serialisierungsanforderungen macht.<\/p>\n<\/div>\n                                                                                                                                                                    <div class=\"mt-9 mb-3\">\n                                                <a class=\"btn btn-secondary\" href=\"https:\/\/mm-test.digilicious.cloud\/de\/packaging\/technologien\/clear-code\/\"\n                                                    target=\"\">\n                                                    <span>\n                                                        Details ansehen\n                                                                                                            <\/span>\n                                                <\/a>\n                                            <\/div>\n                                                                            <\/div>\n                                <\/div>\n                                                    <\/div>\n                    <\/div>\n                                    <\/div>\n            <\/div>\n            <\/div>\n<\/section>\n\n\n<section id=\"block_1ab34a79fc29b94a878495608f2509fd\" data-block_1ab34a79fc29b94a878495608f2509fd class=\"separator-w-icon align white position-right  container-bg  \">\n  <div class=\"container\">\n    <div class=\"inner relative\" data-aos=\"fade-up\" data-aos-duration=\"1000\">\n      <picture>\n                  <source media=\"(min-width: 1024px)\" srcset=\"https:\/\/mm-test.digilicious.cloud\/wp-content\/uploads\/Group-1000004977-2.png\">\n                <img src=\"https:\/\/mm-test.digilicious.cloud\/wp-content\/uploads\/Group-1000004977-2.png\" alt=\"\" width=\"300\" height=\"200\" loading=\"lazy\" decoding=\"async\" class=\"bg-image\">\n    <\/picture>\n    <\/div>\n  <\/div>\n<\/section>\n\n<section id=\"block_e5b5e86a8844107264c480b631ebfbcc\" data-block_e5b5e86a8844107264c480b631ebfbcc\n    class=\"banner-cta-full align    dark-pink  container-bg\"\n        >\n    <div class=\"container\">\n                    <div class=\"section-info mb-10 max-w-[833px]\">\n                                                    <h2 class=\"title mb-4\">Brauchen Sie Hilfe?<\/h2>\n                                            <\/div>\n                            <div class=\"banner-links\">\n                                                                                                    <a class=\"btn  btn-primary \"\n                            href=\"https:\/\/mm-test.digilicious.cloud\/de\/kontakt\/\" target=\"\">\n                            <span>\n                                Kontaktieren Sie uns\n                                                            <\/span>\n                        <\/a>\n                                                                    <\/div>\n            <\/div>\n<\/section>\n\n\n<section id=\"block_180364f5dae3790a369af2e1e17d6a2a\" data-block_180364f5dae3790a369af2e1e17d6a2a\n    class=\"banner-cta-full align    superlight-pink  container-bg\"\n        >\n    <div class=\"container\">\n                    <div class=\"section-info mb-10 max-w-[833px]\">\n                                    <div class=\"pretitle accent-color mb-3\">PHARMA- &#038; GESUNDHEITSMAGAZIN<\/div>\n                                                    <h2 class=\"title mb-4\">Entdecken Sie unser Pharma- &#038; Gesundheitsmagazin<\/h2>\n                                                    <div class=\"section_text mb-4\"><p><span data-teams=\"true\">Entdecken Sie Einblicke, Trends, Innovationen und die neuesten Nachrichten im Bereich der sekund\u00e4ren Pharmaverpackung mit unserem Magazin.<\/span><\/p>\n<\/div>\n                            <\/div>\n                            <div class=\"banner-links\">\n                                                                                                    <a class=\"btn  btn-primary \"\n                            href=\"#form-id-50\" target=\"\">\n                            <span>\n                                Jetzt herunterladen\n                                                            <\/span>\n                        <\/a>\n                                                                    <\/div>\n            <\/div>\n<\/section>\n","protected":false},"excerpt":{"rendered":"","protected":false},"author":1,"featured_media":0,"parent":17634,"menu_order":0,"comment_status":"closed","ping_status":"closed","template":"","meta":{"_acf_changed":false,"inline_featured_image":false,"footnotes":""},"page-category":[],"class_list":["post-17617","page","type-page","status-publish","hentry"],"acf":[],"_links":{"self":[{"href":"https:\/\/mm-test.digilicious.cloud\/de\/wp-json\/wp\/v2\/pages\/17617","targetHints":{"allow":["GET"]}}],"collection":[{"href":"https:\/\/mm-test.digilicious.cloud\/de\/wp-json\/wp\/v2\/pages"}],"about":[{"href":"https:\/\/mm-test.digilicious.cloud\/de\/wp-json\/wp\/v2\/types\/page"}],"author":[{"embeddable":true,"href":"https:\/\/mm-test.digilicious.cloud\/de\/wp-json\/wp\/v2\/users\/1"}],"replies":[{"embeddable":true,"href":"https:\/\/mm-test.digilicious.cloud\/de\/wp-json\/wp\/v2\/comments?post=17617"}],"version-history":[{"count":1,"href":"https:\/\/mm-test.digilicious.cloud\/de\/wp-json\/wp\/v2\/pages\/17617\/revisions"}],"predecessor-version":[{"id":76081,"href":"https:\/\/mm-test.digilicious.cloud\/de\/wp-json\/wp\/v2\/pages\/17617\/revisions\/76081"}],"up":[{"embeddable":true,"href":"https:\/\/mm-test.digilicious.cloud\/de\/wp-json\/wp\/v2\/pages\/17634"}],"wp:attachment":[{"href":"https:\/\/mm-test.digilicious.cloud\/de\/wp-json\/wp\/v2\/media?parent=17617"}],"wp:term":[{"taxonomy":"page-category","embeddable":true,"href":"https:\/\/mm-test.digilicious.cloud\/de\/wp-json\/wp\/v2\/page-category?post=17617"}],"curies":[{"name":"wp","href":"https:\/\/api.w.org\/{rel}","templated":true}]}}