{"id":17634,"date":"2024-08-08T12:52:39","date_gmt":"2024-08-08T10:52:39","guid":{"rendered":"https:\/\/mm-live.digilicious.cloud\/packaging\/innovation\/innovative-solutions\/"},"modified":"2024-10-02T11:10:53","modified_gmt":"2024-10-02T09:10:53","slug":"innovative-losungen","status":"publish","type":"page","link":"https:\/\/mm-test.digilicious.cloud\/de\/packaging\/innovationen\/innovative-losungen\/","title":{"rendered":"Innovative L\u00f6sungen"},"content":{"rendered":"<section id=\"block_de294ae3285e46292116e717c8976fe2\" data-block_de294ae3285e46292116e717c8976fe2 class=\"hero-page align superlight-pink  container-bg  page-subchild\">\n  <div class=\"container-big\">\n    <div class=\"container\">\n      <div class=\"col-info\">\n                                  <h1 class=\"title mb-2\">Innovative L\u00f6sungen<\/h1>\n                          <div class=\"text\"><p>MM Packaging bietet eine umfassende Palette an innovativen und nachhaltigen Verpackungsl\u00f6sungen, die pr\u00e4zise auf die Anforderungen des Marktes und unserer Kunden abgestimmt sind.<\/p>\n<\/div>\n                      <\/div>\n    <\/div>\n    <div class=\"col-imgs  patterns-full \">\n              <picture class=\"patterns\">\n          <source media=\"(min-width:1280px)\" srcset=\"https:\/\/mm-test.digilicious.cloud\/wp-content\/uploads\/header-pattern-full-red-v1-desktop.svg\">\n          <source media=\"(min-width:768px)\" srcset=\"https:\/\/mm-test.digilicious.cloud\/wp-content\/uploads\/header-pattern-full-red-v1-tablet.svg\">\n          <img fetchpriority=\"high\" src=\"https:\/\/mm-test.digilicious.cloud\/wp-content\/uploads\/header-pattern-full-red-v1-mobile.svg\" alt=\"\" width=\"640\" height=\"256\" loading=\"eager\" decoding=\"async\" >\n        <\/picture>      \n                <\/div>\n  <\/div>\n<\/section>\n<section class=\"section-breadcrumb container-bg\">\n        <div class=\"container\">\n            <nav aria-label=\"breadcrumbs\" class=\"rank-math-breadcrumb\"><p><a href=\"https:\/\/mm-test.digilicious.cloud\/de\/\">MM Group<\/a><span class=\"separator\"> \/ <\/span><a href=\"https:\/\/mm-test.digilicious.cloud\/de\/wp-json\/\">Wp Json<\/a><span class=\"separator\"> \/ <\/span><a href=\"https:\/\/mm-test.digilicious.cloud\/de\/wp-json\/wp\/\">Wp<\/a><span class=\"separator\"> \/ <\/span><a href=\"https:\/\/mm-test.digilicious.cloud\/de\/wp-json\/wp\/v2\/\">V2<\/a><span class=\"separator\"> \/ <\/span><a href=\"https:\/\/mm-test.digilicious.cloud\/de\/wp-json\/wp\/v2\/pages\/\">Pages<\/a><span class=\"separator\"> \/ <\/span><span class=\"last\">17634<\/span><\/p><\/nav>    \n        <\/div>\n    <\/section>\n\n\n<section id=\"block_e7064d6e88b39fd776b4c90fab910904\" data-block_e7064d6e88b39fd776b4c90fab910904 class=\"basic-info align white  container-bg  \">\n  <div class=\"container\">\n    <div class=\"info_wrapper\" data-aos=\"fade-up\" data-aos-duration=\"1000\">\n                    <div class=\"basic_text title-small\"><p>Unser Erfolg und unsere F\u00e4higkeit, neue Produkte f\u00fcr unsere Kunden zu entwickeln, beruhen auf unserem Verst\u00e4ndnis von Markttrends und zuk\u00fcnftigen Entwicklungen.<\/p>\n<\/div>\n                <\/div>\n  <\/div>\n<\/section>\n\n<section id=\"block_5f91c3cbed116475b36f3d3c9600d768\" data-block_5f91c3cbed116475b36f3d3c9600d768 class=\"content-basic align superlight-pink  container-bg \">\n  <div class=\"container\">\n    <div class=\"info_basic \">\n      <div class=\"section-info mb-10 max-w-[833px] \">\n                    <div class=\"pretitle accent-color mb-3\">Innovative L\u00f6sungen<\/div>\n                            <h2 class=\"title mb-4\">Entdecken Sie unsere neuesten Innovationen f\u00fcr <\/h2>\n                        \n            <\/div>\n    <\/div>\n  <\/div>\n<\/section>\n\n<section id=\"block_2a40582b854daf4f9da1b8040da06f2a\" data-block_2a40582b854daf4f9da1b8040da06f2a class=\"list-icon-text align prevent-breadcrumb theme-pink  container-bg  dark-pink\">\n  <div class=\"container-big\">\n    <div class=\"list_wrapper\">\n              <div class=\"selector_wrapper\">\n                                         <a href=\"#block_2a40582b854daf4f9da1b8040da06f2a-info-wrapper\" target=\"_self\" class=\"selector_title  active \" data-selector=\"1\">\n                                      <img src=\"https:\/\/mm-test.digilicious.cloud\/wp-content\/uploads\/ecology-1.png\" alt=\"\" width=\"512\" height=\"512\" loading=\"lazy\" decoding=\"async\" class=\"icon\">\n                                    <span>Plastic Replacement<\/span>\n                <\/a>\n                                           <a href=\"#block_2a40582b854daf4f9da1b8040da06f2a-info-wrapper\" target=\"_self\" class=\"selector_title \" data-selector=\"2\">\n                                      <img src=\"https:\/\/mm-test.digilicious.cloud\/wp-content\/uploads\/beauty-products.svg\" alt=\"Symbol f\u00fcr Sch\u00f6nheitsprodukte\" width=\"1\" height=\"1\" loading=\"lazy\" decoding=\"async\" class=\"icon\">\n                                    <span>Beauty &#038; Personal Care<\/span>\n                <\/a>\n                                           <a href=\"#block_2a40582b854daf4f9da1b8040da06f2a-info-wrapper\" target=\"_self\" class=\"selector_title \" data-selector=\"3\">\n                                      <img src=\"https:\/\/mm-test.digilicious.cloud\/wp-content\/uploads\/food-2.svg\" alt=\"Symbol f\u00fcr Essen und Trinken\" width=\"512\" height=\"512\" loading=\"lazy\" decoding=\"async\" class=\"icon\">\n                                    <span>Essen &#038; Getr\u00e4nke<\/span>\n                <\/a>\n                                           <a href=\"#block_2a40582b854daf4f9da1b8040da06f2a-info-wrapper\" target=\"_self\" class=\"selector_title \" data-selector=\"4\">\n                                      <img src=\"https:\/\/mm-test.digilicious.cloud\/wp-content\/uploads\/medicine.svg\" alt=\"Icon f\u00fcr Pharmazeutische Industrie\" width=\"512\" height=\"512\" loading=\"lazy\" decoding=\"async\" class=\"icon\">\n                                    <span>Pharma &#038; Healthcare<\/span>\n                <\/a>\n                    <\/div>\n             \n        <div id=\"block_2a40582b854daf4f9da1b8040da06f2a-info-wrapper\" class=\"info_wrapper\">\n                                         <div class=\"selector_info   active \" data-selector=\"1\">\n                                      <p class=\"content-title\">Plastic replacement<\/p>\n                                    <div class=\"content-text text-\">\n                    <p>MM k\u00e4mpft gegen Plastikverschmutzung, indem wir nachhaltige und wiederverwertbare Verpackungsl\u00f6sungen entwickeln, die sowohl den Anforderungen von Markeninhabern als auch den Bed\u00fcrfnissen der Endverbraucher gerecht werden.<\/p>\n<p><a href=\"https:\/\/mm-test.digilicious.cloud\/de\/packaging\/innovationen\/innovative-losungen\/plastic-replacement\/\">Plastic Replacement<\/a><\/p>\n<p><img loading=\"lazy\" decoding=\"async\" class=\"alignnone size-full wp-image-22074\" src=\"https:\/\/mm-test.digilicious.cloud\/wp-content\/uploads\/plastic-replacement.webp\" alt=\"\" width=\"1024\" height=\"768\" \/><\/p>\n\n                  <\/div>\n                <\/div>\n                                           <div class=\"selector_info  \" data-selector=\"2\">\n                                      <p class=\"content-title\">Beauty &#038; Personal Care<\/p>\n                                    <div class=\"content-text text-\">\n                    <p>Nachhaltige und benutzerfreundliche Verpackungen mit hochwertigem Design.<\/p>\n<p><a href=\"https:\/\/mm-test.digilicious.cloud\/de\/packaging\/innovationen\/innovative-losungen\/beauty-personal-care\/\">Innovation f\u00fcr Beauty &amp; Personal Care<\/a><\/p>\n<p>&nbsp;<\/p>\n<p><img loading=\"lazy\" decoding=\"async\" class=\"alignnone size-full wp-image-22076\" src=\"https:\/\/mm-test.digilicious.cloud\/wp-content\/uploads\/reflact.webp\" alt=\"\" width=\"1024\" height=\"768\" \/><\/p>\n<p>&nbsp;<\/p>\n\n                  <\/div>\n                <\/div>\n                                           <div class=\"selector_info  \" data-selector=\"3\">\n                                      <p class=\"content-title\">Essen &#038; Getr\u00e4nke<\/p>\n                                    <div class=\"content-text text-\">\n                    <p>Nachhaltige und benutzerfreundliche Verpackungen, die den Anforderungen der FMCG-Industrie und der Endverbraucher gerecht werden.<\/p>\n<p><a href=\"https:\/\/mm-test.digilicious.cloud\/de\/packaging\/innovationen\/innovative-losungen\/food-and-beverages\/\">Innovation f\u00fcr Essen &amp; Getr\u00e4nke<\/a><\/p>\n<p><img loading=\"lazy\" decoding=\"async\" class=\"alignnone size-full wp-image-23056\" src=\"https:\/\/mm-test.digilicious.cloud\/wp-content\/uploads\/header-background-Packaging_Greenpeel-desktop.webp\" alt=\"\" width=\"1024\" height=\"1024\" \/><\/p>\n<p>&nbsp;<\/p>\n\n                  <\/div>\n                <\/div>\n                                           <div class=\"selector_info  \" data-selector=\"4\">\n                                      <p class=\"content-title\">Pharma &#038; Healthcare<\/p>\n                                    <div class=\"content-text text-\">\n                    <p>Innovative Pharmaverpackungen f\u00fcr Patientensicherheit, Effizienz und Nachhaltigkeit.<\/p>\n<p><a href=\"https:\/\/mm-test.digilicious.cloud\/de\/packaging\/innovationen\/innovative-losungen\/pharma-and-healthcare\/\">Innovation f\u00fcr Pharma &amp; Healthcare<\/a><\/p>\n<p><img loading=\"lazy\" decoding=\"async\" class=\"alignnone size-full wp-image-22072\" src=\"https:\/\/mm-test.digilicious.cloud\/wp-content\/uploads\/pharma.webp\" alt=\"\" width=\"1024\" height=\"768\" \/><\/p>\n<p>&nbsp;<\/p>\n<p>&nbsp;<\/p>\n\n                  <\/div>\n                <\/div>\n                    <\/div>\n          <\/div>\n  <\/div>\n<\/section>\n\n\n<section id=\"block_ad8b71c06a91b4eb6b3f75fc224e5a8d\" data-block_ad8b71c06a91b4eb6b3f75fc224e5a8d class=\"separator-w-icon align white position-right  container-bg  \">\n  <div class=\"container\">\n    <div class=\"inner relative\" data-aos=\"fade-up\" data-aos-duration=\"1000\">\n      <picture>\n                  <source media=\"(min-width: 1024px)\" srcset=\"https:\/\/mm-test.digilicious.cloud\/wp-content\/uploads\/Group-1000004977-2.png\">\n                <img src=\"https:\/\/mm-test.digilicious.cloud\/wp-content\/uploads\/Group-1000004977-2.png\" alt=\"\" width=\"300\" height=\"200\" loading=\"lazy\" decoding=\"async\" class=\"bg-image\">\n    <\/picture>\n    <\/div>\n  <\/div>\n<\/section>\n\n<section id=\"block_3cd989a2973d9a08539c4496fd5c085a\" data-block_3cd989a2973d9a08539c4496fd5c085a\n    class=\"banner-cta-full align    dark-pink  container-bg\"\n        >\n    <div class=\"container\">\n                    <div class=\"section-info mb-10 max-w-[833px]\">\n                                                    <h2 class=\"title mb-4\">Brauchen Sie Hilfe?<\/h2>\n                                            <\/div>\n                            <div class=\"banner-links\">\n                                                                                                    <a class=\"btn  btn-primary \"\n                            href=\"https:\/\/mm-test.digilicious.cloud\/de\/kontakt\/\" target=\"\">\n                            <span>\n                                Kontaktieren Sie uns\n                                                            <\/span>\n                        <\/a>\n                                                                    <\/div>\n            <\/div>\n<\/section>\n","protected":false},"excerpt":{"rendered":"","protected":false},"author":1,"featured_media":0,"parent":17613,"menu_order":0,"comment_status":"closed","ping_status":"closed","template":"","meta":{"_acf_changed":false,"inline_featured_image":false,"footnotes":""},"page-category":[],"class_list":["post-17634","page","type-page","status-publish","hentry"],"acf":[],"_links":{"self":[{"href":"https:\/\/mm-test.digilicious.cloud\/de\/wp-json\/wp\/v2\/pages\/17634","targetHints":{"allow":["GET"]}}],"collection":[{"href":"https:\/\/mm-test.digilicious.cloud\/de\/wp-json\/wp\/v2\/pages"}],"about":[{"href":"https:\/\/mm-test.digilicious.cloud\/de\/wp-json\/wp\/v2\/types\/page"}],"author":[{"embeddable":true,"href":"https:\/\/mm-test.digilicious.cloud\/de\/wp-json\/wp\/v2\/users\/1"}],"replies":[{"embeddable":true,"href":"https:\/\/mm-test.digilicious.cloud\/de\/wp-json\/wp\/v2\/comments?post=17634"}],"version-history":[{"count":1,"href":"https:\/\/mm-test.digilicious.cloud\/de\/wp-json\/wp\/v2\/pages\/17634\/revisions"}],"predecessor-version":[{"id":32706,"href":"https:\/\/mm-test.digilicious.cloud\/de\/wp-json\/wp\/v2\/pages\/17634\/revisions\/32706"}],"up":[{"embeddable":true,"href":"https:\/\/mm-test.digilicious.cloud\/de\/wp-json\/wp\/v2\/pages\/17613"}],"wp:attachment":[{"href":"https:\/\/mm-test.digilicious.cloud\/de\/wp-json\/wp\/v2\/media?parent=17634"}],"wp:term":[{"taxonomy":"page-category","embeddable":true,"href":"https:\/\/mm-test.digilicious.cloud\/de\/wp-json\/wp\/v2\/page-category?post=17634"}],"curies":[{"name":"wp","href":"https:\/\/api.w.org\/{rel}","templated":true}]}}