{"id":17943,"date":"2024-08-06T11:05:47","date_gmt":"2024-08-06T09:05:47","guid":{"rendered":"https:\/\/mm-live.digilicious.cloud\/company\/business-model\/packaging\/"},"modified":"2025-12-15T17:12:03","modified_gmt":"2025-12-15T16:12:03","slug":"packaging","status":"publish","type":"page","link":"https:\/\/mm-test.digilicious.cloud\/de\/unternehmen\/unser-geschaeftsmodell\/packaging\/","title":{"rendered":"Packaging"},"content":{"rendered":"<section id=\"block_d4360e484f0ebcf209bbd3aa27003e3c\" data-block_d4360e484f0ebcf209bbd3aa27003e3c class=\"hero-page align dark-pink  container-bg  page-subchild\">\n  <div class=\"container-big\">\n    <div class=\"container\">\n      <div class=\"col-info\">\n                                  <h1 class=\"title mb-2\">MM Packaging<\/h1>\n                          <div class=\"text\"><p>Leading in consumer packaging<\/p>\n<\/div>\n                      <\/div>\n    <\/div>\n    <div class=\"col-imgs \">\n              <picture class=\"patterns\">\n          <source media=\"(min-width:1280px)\" srcset=\"https:\/\/mm-test.digilicious.cloud\/wp-content\/uploads\/header-pattern-red-v4-desktop.svg\">\n          <source media=\"(min-width:768px)\" srcset=\"https:\/\/mm-test.digilicious.cloud\/wp-content\/uploads\/header-pattern-red-v4-tablet.svg\">\n          <img src=\"https:\/\/mm-test.digilicious.cloud\/wp-content\/uploads\/header-pattern-red-v4-mobile.svg\" alt=\"\" width=\"1\" height=\"1\" loading=\"eager\" decoding=\"async\" >\n        <\/picture>      \n                    <picture class=\"background-image\">\n          <source media=\"(min-width:1280px)\" srcset=\"https:\/\/mm-test.digilicious.cloud\/wp-content\/uploads\/header-background-Packaging_Two-piece-carton-desktop.webp\">\n          <source media=\"(min-width:768px)\" srcset=\"https:\/\/mm-test.digilicious.cloud\/wp-content\/uploads\/header-background-Packaging_Two-piece-carton-tablet.webp\">\n          <img fetchpriority=\"high\" src=\"https:\/\/mm-test.digilicious.cloud\/wp-content\/uploads\/header-background-Packaging_Two-piece-carton-mobile.webp\" alt=\"zweiteilige Kartonverpackung\" width=\"1516\" height=\"512\" loading=\"eager\" decoding=\"async\" >\n        <\/picture> \n          <\/div>\n  <\/div>\n<\/section>\n<section class=\"section-breadcrumb container-bg\">\n        <div class=\"container\">\n            <nav aria-label=\"breadcrumbs\" class=\"rank-math-breadcrumb\"><p><a href=\"https:\/\/mm-test.digilicious.cloud\/de\/\">MM Group<\/a><span class=\"separator\"> \/ <\/span><a href=\"https:\/\/mm-test.digilicious.cloud\/de\/wp-json\/\">Wp Json<\/a><span class=\"separator\"> \/ <\/span><a href=\"https:\/\/mm-test.digilicious.cloud\/de\/wp-json\/wp\/\">Wp<\/a><span class=\"separator\"> \/ <\/span><a href=\"https:\/\/mm-test.digilicious.cloud\/de\/wp-json\/wp\/v2\/\">V2<\/a><span class=\"separator\"> \/ <\/span><a href=\"https:\/\/mm-test.digilicious.cloud\/de\/wp-json\/wp\/v2\/pages\/\">Pages<\/a><span class=\"separator\"> \/ <\/span><span class=\"last\">17943<\/span><\/p><\/nav>    \n        <\/div>\n    <\/section>\n\n\n<section id=\"block_afb668daa740237ef3f14037e9e26a92\" data-block_afb668daa740237ef3f14037e9e26a92\n    class=\"banner-xl align transparent  container-bg  \">\n    <div class=\"container\">\n            <\/div>\n    <div class=\"container container-wrapper \">\n                    <div class=\"col-image\">\n                <div class=\"swiper\">\n                    <div class=\"swiper-wrapper\">\n                                                                                                            <div class=\"swiper-slide \">\n                                                                    <img decoding=\"async\" loading=\"lazy\" width=\"1024\" height=\"1024\"\n                                        src=\"https:\/\/mm-test.digilicious.cloud\/wp-content\/uploads\/header-background-company-our-organisational-structure-mm-food-premium-packaging-desktop.webp\" alt=\"Premium Packaging \"\n                                        >\n                                                            <\/div>\n                                            <\/div>\n                <\/div>\n            <\/div> <!-- Cierre de la col-image -->\n            <div class=\"col-content\">\n                                <div class=\"swiper-container\">\n                    <div class=\"swiper\">\n                        <div class=\"swiper-wrapper\">\n                                                                                             <div class=\"swiper-slide\">\n                                    <div class=\"banner-info-content\"  data-aos=\"fade-up\" data-aos-duration=\"1000\">\n                                                                                    <div class=\"pretitle mb-[11px] accent-color\">Think next<\/div>\n                                                                                                                            <h2\n                                                class=\"mb-4  title \">\n                                                Als Teil der MM Group engagiert sich MM Packaging f\u00fcr Innovation und Nachhaltigkeit in der Verpackungsindustrie<\/h2>\n                                                                                                                            <div class=\"banner_text custom-list\"><p>MM Packaging ist ein weltweit f\u00fchrender Hersteller von Faltschachteln f\u00fcr eine Vielzahl von Produkte.<\/p>\n<p>Mit einem umfassenden Netzwerk von 64 Standorten in 33 L\u00e4ndern sichern wir die zuverl\u00e4ssige Versorgung unserer vielf\u00e4ltigen Kundschaft. Wir sind in den Bereichen Food &amp; Specialities, Pharma &amp; Healthcare und Beauty &amp; Personal Care t\u00e4tig, die neben einem hohen Wachstumspotenzial auch ein solides Ma\u00df an Widerstandsf\u00e4higkeit bieten.<\/p>\n<p>Das umfassende Angebot an Verpackungsl\u00f6sungen von MM Packaging umfasst Faltschachteln auf Faserbasis, bei denen die Recyclingf\u00e4higkeit im Vordergrund steht. Dies erm\u00f6glich es unseren Kunden ihre Nachhaltigkeitsziele zu erreichen und einen Beitrag zu einer nachhaltigeren Zukunft zu leisten.<\/p>\n<\/div>\n                                                                                                                                                                    <div class=\"mt-9 mb-3\">\n                                                <a class=\"btn btn-secondary\" href=\"https:\/\/mm-test.digilicious.cloud\/de\/packaging\/\"\n                                                    target=\"\">\n                                                    <span>\n                                                        Weiter zu MM Packaging\n                                                                                                                    <svg width=\"20\" height=\"20\" viewBox=\"0 0 20 20\" fill=\"none\" xmlns=\"http:\/\/www.w3.org\/2000\/svg\">\n<path d=\"M17.9107 10.2096H0.375V9.78773H17.9107H18.9011L18.1591 9.13177L11.6132 3.34541L11.8926 3.02933L19.625 9.86453V10.1328L11.8926 16.968L11.6132 16.6519L18.1591 10.8656L18.9011 10.2096H17.9107Z\" fill=\"currentColor\" stroke=\"currentColor\" stroke-width=\"0.75\"\/>\n<\/svg>\n                                                                                                            <\/span>\n                                                <\/a>\n                                            <\/div>\n                                                                            <\/div>\n                                <\/div>\n                                                    <\/div>\n                    <\/div>\n                                    <\/div>\n            <\/div>\n            <\/div>\n<\/section>\n\n\n<section id=\"block_781d38228808b7c484d730f2b577016d\" data-block_781d38228808b7c484d730f2b577016d class=\"numbers-hover-image align dark-pink  container-bg \">\n  <div class=\"container right\">\n    <div class=\"section-info mb-10 max-w-[833px] \">\n                            <h2 class=\"title mb-4\">Zahlen und Fakten 2023<\/h2>\n                        \n            <\/div>\n          <div class=\"number-grid\">\n                             <div class=\"number-grid-item\">\n            <div class=\"number-grid-item-front\">\n                              <p class=\"number-grid-item-front-title accent-color counterup\">#1<\/p>\n                                            <div class=\"number-grid-item-front-text\"><p>Faltschachtelproduzent in Europa<\/p>\n<\/div>\n                          <\/div>\n                      <\/div>\n                             <div class=\"number-grid-item\">\n            <div class=\"number-grid-item-front\">\n                              <p class=\"number-grid-item-front-title accent-color counterup\">63<\/p>\n                                            <div class=\"number-grid-item-front-text\"><p>Werke weltweit<\/p>\n<\/div>\n                          <\/div>\n                      <\/div>\n                             <div class=\"number-grid-item\">\n            <div class=\"number-grid-item-front\">\n                              <p class=\"number-grid-item-front-title accent-color counterup\">4,0 <\/p>\n                                            <div class=\"number-grid-item-front-text\"><p>Mrd. produzierte Menge in m\u00b2<\/p>\n<\/div>\n                          <\/div>\n                      <\/div>\n                             <div class=\"number-grid-item\">\n            <div class=\"number-grid-item-front\">\n                              <p class=\"number-grid-item-front-title accent-color counterup\">10.508<\/p>\n                                            <div class=\"number-grid-item-front-text\"><p>Mitarbeiter weltweit<\/p>\n<\/div>\n                          <\/div>\n                      <\/div>\n              <\/div>\n      <\/div>\n<\/section>\n\n<section id=\"block_1fc3308bb90cffeea890ba3fc367b53c\" data-block_1fc3308bb90cffeea890ba3fc367b53c class=\"manual-products-list-packaging align transparent  container-bg  py-10 md:py-20\">\n  <div class=\"container\">\n    <div class=\"section-info mb-10 max-w-[833px] \">\n                            <h2 class=\"title mb-4\">Produkte<\/h2>\n                            <div class=\"section_text \"><p>Faltschachtelverpackungen f\u00fcr Produkte des t\u00e4glichen Bedarfes stehen im Mittelpunkt des Gesch\u00e4ftes von MM Packaging. Durch die Spezialisierung auf spezifische Markt- bzw. Produktsegmente und entsprechendes Know-how schaffen wir kontinuierliche Entwicklungsm\u00f6glichkeiten, aber auch Balance.<\/p>\n<p>Mit einem internationalen Netzwerk von 64 Standorten in Europa, Amerika und Asien versorgen wir unsere Kunden zuverl\u00e4ssig aus leistungsstarken, geografisch gut positionierten Produktionsst\u00e4tten.<\/p>\n<p>Technologisch engagierte Standorte und eine umfassende Marktexpertise erm\u00f6glichen es MM Packaging, sowohl f\u00fcr den gro\u00dfvolumigen Essen &amp; Getr\u00e4nke als auch f\u00fcr Pharma &amp; Healthcare, sowie f\u00fcr den Beauty &amp; Personal Care-Markt mit hochspezialisierten Druck- und Verpackungsdienstleistungen zu produzieren.<\/p>\n<\/div>\n                \n            <\/div>\n      <\/div>\n<\/section>\n\n<section id=\"block_5179dc0ca2a48bb3f6387ef572d590f0\" data-block_5179dc0ca2a48bb3f6387ef572d590f0 class=\"list-markets align light-pink  container-bg \">\n  <div class=\"container\">\n    <div class=\"section-info mb-10 max-w-[833px] \">\n                            <h2 class=\"title mb-4\">M\u00e4rkte<\/h2>\n                            <div class=\"section_text \"><p>MM Packaging ist in resilienten und profitablen M\u00e4rkten t\u00e4tig. Das Hauptabsatzgebiet sind Faltschachteln f\u00fcr Konsumg\u00fcter.<\/p>\n<p>Der \u00fcberwiegende Teil des Gesch\u00e4fts wird in Europa mit gro\u00dfen multinationalen Konsumg\u00fcterproduzenten erwirtschaftet. Dank eines hohen Spezialisierungsgrades ist MM Packaging ein zuverl\u00e4ssiger Lieferant f\u00fcr ein breites Portfolio der Konsumg\u00fcterindustrie.<\/p>\n<\/div>\n                \n            <\/div>\n    <div class=\"markets-wrapper\">\n                        <a href=\"https:\/\/mm-test.digilicious.cloud\/de\/packaging\/markte\/essen-getranke-packaging\/\" class=\"market-el\">\n            <div class=\"market-img\">\n              <img src=\"https:\/\/mm-test.digilicious.cloud\/wp-content\/uploads\/PackagingFood-Beverages.svg\" alt=\"Food and Beverages packaging icon\" width=\"192\" height=\"192\" loading=\"lazy\" decoding=\"async\" >\n            <\/div>\n            <div class=\"market-title\">Essen &#038; Getr\u00e4nke<\/div>\n          <\/a>\n                        <a href=\"https:\/\/mm-test.digilicious.cloud\/de\/packaging\/markte\/pet-food-packaging\/\" class=\"market-el\">\n            <div class=\"market-img\">\n              <img src=\"https:\/\/mm-test.digilicious.cloud\/wp-content\/uploads\/PackagingPet-Food-Care.svg\" alt=\"packaging pet food icon\" width=\"192\" height=\"192\" loading=\"lazy\" decoding=\"async\" >\n            <\/div>\n            <div class=\"market-title\">Pet Food &#038; Care<\/div>\n          <\/a>\n                        <a href=\"https:\/\/mm-test.digilicious.cloud\/de\/packaging\/markte\/pharma-packaging\/\" class=\"market-el\">\n            <div class=\"market-img\">\n              <img src=\"https:\/\/mm-test.digilicious.cloud\/wp-content\/uploads\/PackagingPharma-Healthcare.svg\" alt=\"\" width=\"192\" height=\"192\" loading=\"lazy\" decoding=\"async\" >\n            <\/div>\n            <div class=\"market-title\">Pharma &#038; Healthcare<\/div>\n          <\/a>\n                        <a href=\"https:\/\/mm-test.digilicious.cloud\/de\/packaging\/markte\/beauty-personal-care-packaging\/\" class=\"market-el\">\n            <div class=\"market-img\">\n              <img src=\"https:\/\/mm-test.digilicious.cloud\/wp-content\/uploads\/PackagingBeauty-Personal-Care.svg\" alt=\"\" width=\"192\" height=\"192\" loading=\"lazy\" decoding=\"async\" >\n            <\/div>\n            <div class=\"market-title\">Beauty &#038; Personal Care<\/div>\n          <\/a>\n                        <a href=\"https:\/\/mm-test.digilicious.cloud\/de\/packaging\/markte\/household-packaging\/\" class=\"market-el\">\n            <div class=\"market-img\">\n              <img src=\"https:\/\/mm-test.digilicious.cloud\/wp-content\/uploads\/PackagingHousehold.svg\" alt=\"\" width=\"192\" height=\"192\" loading=\"lazy\" decoding=\"async\" >\n            <\/div>\n            <div class=\"market-title\">Household &#038; Home<\/div>\n          <\/a>\n                        <a href=\"https:\/\/mm-test.digilicious.cloud\/de\/packaging\/markte\/ecommerce-packaging\/\" class=\"market-el\">\n            <div class=\"market-img\">\n              <img src=\"https:\/\/mm-test.digilicious.cloud\/wp-content\/uploads\/PackagingE-Commerce-Retail.svg\" alt=\"\" width=\"192\" height=\"192\" loading=\"lazy\" decoding=\"async\" >\n            <\/div>\n            <div class=\"market-title\">E-Commerce &#038; Retail<\/div>\n          <\/a>\n                <\/div>\n  <\/div>\n<\/section>\n\n<section id=\"block_a0d33129286b7fcf826738eb8c1beadf\" data-block_a0d33129286b7fcf826738eb8c1beadf\n    class=\"banner-boxed align \">\n    <div class=\"container\">\n        <section\n            class=\"banner_wrapper  dark-pink   wrapper-reverse \">\n            <div class=\"info_wrapper\">\n                <div class=\"section-info mb-10 max-w-[833px] \">\n                    <div class=\"pretitle accent-color mb-3\">Think next. Leading in sustainable packaging<\/div>\n                            <h2 class=\"title mb-4\">Wir bieten nachhaltige Produktinnovationen<\/h2>\n                            <div class=\"section_text \"><p>GreenPeel wurde als neue nachhaltigere Alternative aus Karton f\u00fcr Lebensmittelschalen mit deutlich reduziertem Kunststoffanteil in 2023 am Markt eingef\u00fchrt. MM Moulded Pulp ist ein neuer Schwerpunkt f\u00fcr stark individualisierte, faserbasierte und plastikfreie Verpackungen.<\/p>\n<\/div>\n                \n                    <div class=\"links-wrapper flex flex-wrap mt-8 gap-4\">\n                                                                                 <a class=\"btn  btn-secondary \" href=\"https:\/\/mm-test.digilicious.cloud\/de\/nachhaltigkeit\/sustainability-info-hub\/\" target=\"\">\n                            <span>\n                                Nachhaltige Produkte\n                                                            <\/span>\n                    <\/a>\n                                                <\/div>\n            <\/div>\n            <\/div>\n                            <div class=\"img_wrapper\">\n                    <picture class=\"patterns\">\n                        <source media=\"(min-width:1024px)\" srcset=\"https:\/\/mm-test.digilicious.cloud\/wp-content\/uploads\/Component-17-2.png\">\n                        <img src=\"https:\/\/mm-test.digilicious.cloud\/wp-content\/uploads\/Component-17-2.png\" alt=\"\" width=\"525\" height=\"525\" loading=\"lazy\" decoding=\"async\" >\n                    <\/picture>\n                <\/div>\n                    <\/section>\n    <\/div>\n<\/section>\n\n\n<section id=\"block_fbfc023237ede89a6cfeb9f5886173a6\" data-block_fbfc023237ede89a6cfeb9f5886173a6 class=\"faqs align transparent  container-bg \">\n  <div class=\"container\">\n                  <div class=\"handy_wrapper\">\n                            <button class=\"handy_el\" id=\"arrowHandy-block_fbfc023237ede89a6cfeb9f5886173a6-1\" type=\"button\" data-hc-control=\"handyCollapse-block_fbfc023237ede89a6cfeb9f5886173a6-1\" data-counter=\"block_fbfc023237ede89a6cfeb9f5886173a6-1\">\n            <div class=\"top_el\">\n                              <div class=\"el_title\">FAQ 1<\/div>\n                            <div id=\"plus-icon-block_fbfc023237ede89a6cfeb9f5886173a6-1\" class=\"ico-plus visible\"><svg width=\"20\" height=\"20\" viewBox=\"0 0 20 20\" fill=\"none\" xmlns=\"http:\/\/www.w3.org\/2000\/svg\">\n<line class=\"line-vertical\" x1=\"10\" y1=\"20\" x2=\"10\" stroke=\"black\"\/>\n<line class=\"line-horizontal\" y1=\"10\" x2=\"20\" y2=\"10\" stroke=\"black\"\/>\n<\/svg><\/div>\n            <\/div>\n            <div class=\"el_text\" data-hc-content=\"handyCollapse-block_fbfc023237ede89a6cfeb9f5886173a6-1\">\n<p>Lorem ipsum<\/p>\n<\/div>\n          <\/button>\n                            <button class=\"handy_el\" id=\"arrowHandy-block_fbfc023237ede89a6cfeb9f5886173a6-2\" type=\"button\" data-hc-control=\"handyCollapse-block_fbfc023237ede89a6cfeb9f5886173a6-2\" data-counter=\"block_fbfc023237ede89a6cfeb9f5886173a6-2\">\n            <div class=\"top_el\">\n                              <div class=\"el_title\">FAQ 2<\/div>\n                            <div id=\"plus-icon-block_fbfc023237ede89a6cfeb9f5886173a6-2\" class=\"ico-plus visible\"><svg width=\"20\" height=\"20\" viewBox=\"0 0 20 20\" fill=\"none\" xmlns=\"http:\/\/www.w3.org\/2000\/svg\">\n<line class=\"line-vertical\" x1=\"10\" y1=\"20\" x2=\"10\" stroke=\"black\"\/>\n<line class=\"line-horizontal\" y1=\"10\" x2=\"20\" y2=\"10\" stroke=\"black\"\/>\n<\/svg><\/div>\n            <\/div>\n            <div class=\"el_text\" data-hc-content=\"handyCollapse-block_fbfc023237ede89a6cfeb9f5886173a6-2\">\n<p>Lorem ipsum<\/p>\n<\/div>\n          <\/button>\n                \n      <\/div>\n      \n  <\/div>\n<\/section>","protected":false},"excerpt":{"rendered":"","protected":false},"author":1,"featured_media":0,"parent":16672,"menu_order":0,"comment_status":"closed","ping_status":"closed","template":"","meta":{"_acf_changed":false,"inline_featured_image":false,"footnotes":""},"page-category":[],"class_list":["post-17943","page","type-page","status-publish","hentry"],"acf":[],"_links":{"self":[{"href":"https:\/\/mm-test.digilicious.cloud\/de\/wp-json\/wp\/v2\/pages\/17943","targetHints":{"allow":["GET"]}}],"collection":[{"href":"https:\/\/mm-test.digilicious.cloud\/de\/wp-json\/wp\/v2\/pages"}],"about":[{"href":"https:\/\/mm-test.digilicious.cloud\/de\/wp-json\/wp\/v2\/types\/page"}],"author":[{"embeddable":true,"href":"https:\/\/mm-test.digilicious.cloud\/de\/wp-json\/wp\/v2\/users\/1"}],"replies":[{"embeddable":true,"href":"https:\/\/mm-test.digilicious.cloud\/de\/wp-json\/wp\/v2\/comments?post=17943"}],"version-history":[{"count":1,"href":"https:\/\/mm-test.digilicious.cloud\/de\/wp-json\/wp\/v2\/pages\/17943\/revisions"}],"predecessor-version":[{"id":76103,"href":"https:\/\/mm-test.digilicious.cloud\/de\/wp-json\/wp\/v2\/pages\/17943\/revisions\/76103"}],"up":[{"embeddable":true,"href":"https:\/\/mm-test.digilicious.cloud\/de\/wp-json\/wp\/v2\/pages\/16672"}],"wp:attachment":[{"href":"https:\/\/mm-test.digilicious.cloud\/de\/wp-json\/wp\/v2\/media?parent=17943"}],"wp:term":[{"taxonomy":"page-category","embeddable":true,"href":"https:\/\/mm-test.digilicious.cloud\/de\/wp-json\/wp\/v2\/page-category?post=17943"}],"curies":[{"name":"wp","href":"https:\/\/api.w.org\/{rel}","templated":true}]}}