{"id":17944,"date":"2024-05-14T20:39:12","date_gmt":"2024-05-14T18:39:12","guid":{"rendered":"https:\/\/mm-live.digilicious.cloud\/company\/business-model\/board-and-paper\/"},"modified":"2025-12-15T17:11:19","modified_gmt":"2025-12-15T16:11:19","slug":"board-and-paper","status":"publish","type":"page","link":"https:\/\/mm-test.digilicious.cloud\/de\/unternehmen\/unser-geschaeftsmodell\/board-and-paper\/","title":{"rendered":"Board &amp; Paper"},"content":{"rendered":"<section id=\"block_969a43fe05f57b120afe303c48789d96\" data-block_969a43fe05f57b120afe303c48789d96 class=\"hero-page align light-blue  container-bg  page-subchild\">\n  <div class=\"container-big\">\n    <div class=\"container\">\n      <div class=\"col-info\">\n                                  <h1 class=\"title mb-2\">MM Board &#038; Paper<\/h1>\n                          <div class=\"text\"><div dir=\"ltr\">\n<div class=\"input-box\" spellcheck=\"false\">\n<div id=\"waffle-rich-text-editor\" class=\"cell-input editable\" dir=\"ltr\" tabindex=\"0\" role=\"combobox\" contenteditable=\"true\" aria-autocomplete=\"list\" aria-label=\"E4\">Europas gr\u00f6\u00dfter Kartonproduzent mit hochwertigen Papiersortiment<\/div>\n<\/div>\n<\/div>\n<\/div>\n                      <\/div>\n    <\/div>\n    <div class=\"col-imgs \">\n              <picture class=\"patterns\">\n          <source media=\"(min-width:1280px)\" srcset=\"https:\/\/mm-test.digilicious.cloud\/wp-content\/uploads\/header-pattern-blue-v3-desktop.svg\">\n          <source media=\"(min-width:768px)\" srcset=\"https:\/\/mm-test.digilicious.cloud\/wp-content\/uploads\/header-pattern-blue-v3-tablet.svg\">\n          <img fetchpriority=\"high\" src=\"https:\/\/mm-test.digilicious.cloud\/wp-content\/uploads\/header-pattern-blue-v3-mobile.svg\" alt=\"\" width=\"769\" height=\"256\" loading=\"eager\" decoding=\"async\" >\n        <\/picture>      \n                    <picture class=\"background-image\">\n          <source media=\"(min-width:1280px)\" srcset=\"https:\/\/mm-test.digilicious.cloud\/wp-content\/uploads\/header-background-company-business-model-board-and-paper-desktop.webp\">\n          <source media=\"(min-width:768px)\" srcset=\"https:\/\/mm-test.digilicious.cloud\/wp-content\/uploads\/header-background-company-business-model-board-and-paper-tablet.webp\">\n          <img src=\"https:\/\/mm-test.digilicious.cloud\/wp-content\/uploads\/header-background-company-business-model-board-and-paper-mobile.webp\" alt=\"\" width=\"1516\" height=\"512\" loading=\"eager\" decoding=\"async\" >\n        <\/picture> \n          <\/div>\n  <\/div>\n<\/section>\n<section class=\"section-breadcrumb container-bg\">\n        <div class=\"container\">\n            <nav aria-label=\"breadcrumbs\" class=\"rank-math-breadcrumb\"><p><a href=\"https:\/\/mm-test.digilicious.cloud\/de\/\">MM Group<\/a><span class=\"separator\"> \/ <\/span><a href=\"https:\/\/mm-test.digilicious.cloud\/de\/wp-json\/\">Wp Json<\/a><span class=\"separator\"> \/ <\/span><a href=\"https:\/\/mm-test.digilicious.cloud\/de\/wp-json\/wp\/\">Wp<\/a><span class=\"separator\"> \/ <\/span><a href=\"https:\/\/mm-test.digilicious.cloud\/de\/wp-json\/wp\/v2\/\">V2<\/a><span class=\"separator\"> \/ <\/span><a href=\"https:\/\/mm-test.digilicious.cloud\/de\/wp-json\/wp\/v2\/pages\/\">Pages<\/a><span class=\"separator\"> \/ <\/span><span class=\"last\">17944<\/span><\/p><\/nav>    \n        <\/div>\n    <\/section>\n\n\n<section id=\"block_adf50fd7cd37b947f5f1e8c5adda8761\" data-block_adf50fd7cd37b947f5f1e8c5adda8761\n    class=\"banner-xl align transparent  container-bg  \">\n    <div class=\"container\">\n            <\/div>\n    <div class=\"container container-wrapper \">\n                    <div class=\"col-image\">\n                <div class=\"swiper\">\n                    <div class=\"swiper-wrapper\">\n                                                                                                            <div class=\"swiper-slide \">\n                                                                    <img decoding=\"async\" loading=\"lazy\" width=\"1506\" height=\"1504\"\n                                        src=\"https:\/\/mm-test.digilicious.cloud\/wp-content\/uploads\/ba733e17aabc1d02f75adfe025832230-scaled-e1722937559921.jpeg\" alt=\"paper machine\"\n                                        >\n                                                            <\/div>\n                                            <\/div>\n                <\/div>\n            <\/div> <!-- Cierre de la col-image -->\n            <div class=\"col-content\">\n                                <div class=\"swiper-container\">\n                    <div class=\"swiper\">\n                        <div class=\"swiper-wrapper\">\n                                                                                             <div class=\"swiper-slide\">\n                                    <div class=\"banner-info-content\"  data-aos=\"fade-up\" data-aos-duration=\"1000\">\n                                                                                    <div class=\"pretitle mb-[11px] accent-color\">Think next<\/div>\n                                                                                                                            <h2\n                                                class=\"mb-4  title \">\n                                                Als Teil der MM Group engagiert sich MM Board &#038; Paper f\u00fcr Innovation und Nachhaltigkeit in der Verpackungsindustrie<\/h2>\n                                                                                                                            <div class=\"banner_text custom-list\"><p>MM Board &amp; Paper ist Europas gr\u00f6\u00dfter Kartonproduzent* mit einem hochwertigen Sortiment an Kraftpapieren und ungestrichenen Feinpapieren.<br \/>\nMit sechs Kartonwerken ** und einem Absatz von rund 2 Millionen Tonnen pro Jahr engagieren wir uns in der Entwicklung innovativer Konzepte f\u00fcr den Ersatz von weniger nachhaltigen Materialien.<br \/>\nMM Board &amp; Paper ist auf Karton- und Papierprodukte f\u00fcr verschiedene Anwendungen ausgerichtet, mit besonderem Schwerpunkt auf der Konsumg\u00fcter-Verpackungsindustrie. Unser wettbewerbsf\u00e4higes Portfolio umfasst sowohl Recycling- wie auch Frischfaserprodukte und erf\u00fcllt damit die Anforderungen von Kund:innen, die hochwertige und zugleich nachhaltigere Verpackungsl\u00f6sungen suchen.<\/p>\n<p>*exkl. Fl\u00fcssigkeitskarton<br \/>\n** inkl. dem Holzstoffwerk MM FollaCell<\/p>\n<\/div>\n                                                                                                                                                                    <div class=\"mt-9 mb-3\">\n                                                <a class=\"btn btn-secondary\" href=\"https:\/\/mm-test.digilicious.cloud\/de\/board-paper\/\"\n                                                    target=\"\">\n                                                    <span>\n                                                        Weiter zu MM Board &#038; Paper\n                                                                                                            <\/span>\n                                                <\/a>\n                                            <\/div>\n                                                                            <\/div>\n                                <\/div>\n                                                    <\/div>\n                    <\/div>\n                                    <\/div>\n            <\/div>\n            <\/div>\n<\/section>\n\n\n<section id=\"block_0a41388a0d7af3eac94bed46d9fbb1b9\" data-block_0a41388a0d7af3eac94bed46d9fbb1b9 class=\"numbers-hover-image align dark-blue  container-bg \">\n  <div class=\"container bottom\">\n    <div class=\"section-info mb-10 max-w-[833px] \">\n                    <div class=\"pretitle accent-color mb-3\">MM Board &#038; Paper<\/div>\n                            <h2 class=\"title mb-4\">Zahlen und Fakten 2023<\/h2>\n                        \n            <\/div>\n          <div class=\"number-grid\">\n                             <div class=\"number-grid-item\">\n            <div class=\"number-grid-item-front\">\n                              <p class=\"number-grid-item-front-title accent-color counterup\">1,9 Mio.<\/p>\n                                            <div class=\"number-grid-item-front-text\"><p>Tonnen Verkauf Karton und Papier<\/p>\n<\/div>\n                          <\/div>\n                      <\/div>\n                             <div class=\"number-grid-item\">\n            <div class=\"number-grid-item-front\">\n                              <p class=\"number-grid-item-front-title accent-color counterup\">6<\/p>\n                                            <div class=\"number-grid-item-front-text\"><p>Kartonwerke in 5 L\u00e4ndern<\/p>\n<\/div>\n                          <\/div>\n                      <\/div>\n                             <div class=\"number-grid-item\">\n            <div class=\"number-grid-item-front\">\n                              <p class=\"number-grid-item-front-title accent-color counterup\">1<\/p>\n                                            <div class=\"number-grid-item-front-text\"><p>Holzstoff (CTMP\/BCTMP)-Werk<\/p>\n<\/div>\n                          <\/div>\n                      <\/div>\n                             <div class=\"number-grid-item\">\n            <div class=\"number-grid-item-front\">\n                              <p class=\"number-grid-item-front-title accent-color counterup\">10<\/p>\n                                            <div class=\"number-grid-item-front-text\"><p>Karton- und Papiermaschinen<\/p>\n<\/div>\n                          <\/div>\n                      <\/div>\n                             <div class=\"number-grid-item\">\n            <div class=\"number-grid-item-front\">\n                              <p class=\"number-grid-item-front-title accent-color counterup\">> 110<\/p>\n                                            <div class=\"number-grid-item-front-text\"><p>Exportl\u00e4nder<\/p>\n<\/div>\n                          <\/div>\n                      <\/div>\n                             <div class=\"number-grid-item\">\n            <div class=\"number-grid-item-front\">\n                              <p class=\"number-grid-item-front-title accent-color counterup\">4.579<\/p>\n                                            <div class=\"number-grid-item-front-text\"><p>Mitarbeiter<\/p>\n<\/div>\n                          <\/div>\n                      <\/div>\n              <\/div>\n      <\/div>\n<\/section>\n\n<section id=\"block_e0e4f6330ccd5ea2a02aa98489eb00ae\" data-block_e0e4f6330ccd5ea2a02aa98489eb00ae class=\"related-products-bp align transparent  container-bg \">\n  <div class=\"container\">\n      <div class=\"section-info mb-10 max-w-[833px] \">\n                            <h2 class=\"title mb-4\">Produkte<\/h2>\n                            <div class=\"section_text \"><p>Ein umfassendes Portfolio &#8211; MM Board &amp; Paper produziert Frischfaserkarton, Recyclingkarton, wei\u00df gestrichenen Recycling-Liner, Verpackungskraftpapier, Saturating Kraftpapier und ungestrichene Feinpapiere in sechs europ\u00e4ischen Werken in Kwidzyn (Polen), Kotka (Finnland), Kolicevo (Slowenien), Frohnleiten (\u00d6sterreich), Gernsbach und Neuss (Deutschland).<br \/>\nDie geographisch g\u00fcnstige Lage im europ\u00e4ischen Hauptmarkt garantiert kurze Transportwege, flexiblen Service und h\u00f6chste Liefersicherheit.<br \/>\nUnser norwegisches Zellstoffwerk MM FollaCell produziert Holzstoff (CTMP \/ BCTMP), der weltweit verkauft wird.<\/p>\n<\/div>\n                \n                    <div class=\"links-wrapper flex flex-wrap mt-8 gap-4\">\n                                                                                 <a class=\"btn  btn-primary \" href=\"https:\/\/mm-test.digilicious.cloud\/de\/board-paper\/\" target=\"\">\n                            <span>\n                                MM Board &#038; Paper Produkte\n                                                                    <svg width=\"20\" height=\"20\" viewBox=\"0 0 20 20\" fill=\"none\" xmlns=\"http:\/\/www.w3.org\/2000\/svg\">\n<path d=\"M17.9107 10.2096H0.375V9.78773H17.9107H18.9011L18.1591 9.13177L11.6132 3.34541L11.8926 3.02933L19.625 9.86453V10.1328L11.8926 16.968L11.6132 16.6519L18.1591 10.8656L18.9011 10.2096H17.9107Z\" fill=\"currentColor\" stroke=\"currentColor\" stroke-width=\"0.75\"\/>\n<\/svg>\n                                                            <\/span>\n                    <\/a>\n                                                <\/div>\n            <\/div>\n            <div class=\"related-products-wrapper swiper\">\n        <div class=\"swiper-wrapper\">\n                                  <div class=\"swiper-slide\">\n              <article class=\"card-bp-product\">\n    <a href=\"https:\/\/mm-test.digilicious.cloud\/de\/board-paper\/produkte\/frischfaserkarton\/\" class=\"card-bp-product-inner\">\n                    <div class=\"card-bp-product-img-wrapper\">\n                <img src=\"https:\/\/mm-test.digilicious.cloud\/wp-content\/uploads\/Category-image-BP-product-Virgin_Fibre_Cartonboard-386x386-1.webp\" alt=\"\" width=\"374\" height=\"374\" loading=\"lazy\" decoding=\"async\" >\n            <\/div>\n                <p class=\"card-bp-product-title\"> Frischfaserkarton<\/p>\n    <\/a>\n<\/article>            <\/div>\n                                  <div class=\"swiper-slide\">\n              <article class=\"card-bp-product\">\n    <a href=\"https:\/\/mm-test.digilicious.cloud\/de\/board-paper\/produkte\/ungestrichenes-feinpapier\/\" class=\"card-bp-product-inner\">\n                    <div class=\"card-bp-product-img-wrapper\">\n                <img src=\"https:\/\/mm-test.digilicious.cloud\/wp-content\/uploads\/Paper-UFP.png\" alt=\"Teaserimage_Paper-UFP\" width=\"748\" height=\"748\" loading=\"lazy\" decoding=\"async\" >\n            <\/div>\n                <p class=\"card-bp-product-title\"> Ungestrichenes Feinpapier<\/p>\n    <\/a>\n<\/article>            <\/div>\n                                  <div class=\"swiper-slide\">\n              <article class=\"card-bp-product\">\n    <a href=\"https:\/\/mm-test.digilicious.cloud\/de\/board-paper\/produkte\/liner\/\" class=\"card-bp-product-inner\">\n                    <div class=\"card-bp-product-img-wrapper\">\n                <img src=\"https:\/\/mm-test.digilicious.cloud\/wp-content\/uploads\/Category-image-BP-product-Liner-386x386-1.webp\" alt=\"\" width=\"374\" height=\"374\" loading=\"lazy\" decoding=\"async\" >\n            <\/div>\n                <p class=\"card-bp-product-title\"> Weiss gestrichener Recycling-Liner<\/p>\n    <\/a>\n<\/article>            <\/div>\n                                  <div class=\"swiper-slide\">\n              <article class=\"card-bp-product\">\n    <a href=\"https:\/\/mm-test.digilicious.cloud\/de\/board-paper\/produkte\/bctmp\/\" class=\"card-bp-product-inner\">\n                    <div class=\"card-bp-product-img-wrapper\">\n                <img src=\"https:\/\/mm-test.digilicious.cloud\/wp-content\/uploads\/Category-image-BP-product-Pulp-386x386-1.webp\" alt=\"\" width=\"374\" height=\"374\" loading=\"lazy\" decoding=\"async\" >\n            <\/div>\n                <p class=\"card-bp-product-title\"> (B)CTMP<\/p>\n    <\/a>\n<\/article>            <\/div>\n                            <\/div>\n        <div class=\"swiper-pagination\"><\/div>\n        <div class=\"swiper-footer\">\n          <button title=\"Previous slide\" class=\"swiper-button-prev small accent-color\"><svg width=\"60\" height=\"60\" viewBox=\"0 0 60 60\" fill=\"none\" xmlns=\"http:\/\/www.w3.org\/2000\/svg\">\n<path d=\"M24.42 52.4961L26.7484 49.8621L6.26789 31.7579L60 31.7579L60 28.2423L6.26789 28.2423L26.7484 10.1381L24.42 7.50406L2.04617e-06 29.0906L1.88715e-06 30.9096L24.42 52.4961Z\" fill=\"currentColor\"\/>\n<\/svg><\/button>\n          <div class=\"swiper-scrollbar\"><\/div>\n          <button title=\"Next slide\" class=\"swiper-button-next small accent-color\"><svg width=\"60\" height=\"60\" viewBox=\"0 0 60 60\" fill=\"none\" xmlns=\"http:\/\/www.w3.org\/2000\/svg\">\n<path d=\"M24.42 52.4961L26.7484 49.8621L6.26789 31.7579L60 31.7579L60 28.2423L6.26789 28.2423L26.7484 10.1381L24.42 7.50406L2.04617e-06 29.0906L1.88715e-06 30.9096L24.42 52.4961Z\" fill=\"currentColor\"\/>\n<\/svg><\/button>\n        <\/div>\n      <\/div>\n      \n  <\/div>\n<\/section>\n\n<section id=\"block_bd10d1bed5a5f381bc61ce3f27755c3a\" data-block_bd10d1bed5a5f381bc61ce3f27755c3a class=\"card-bg-image-grid-list align light-blue  container-bg \">\n    <div class=\"container\">\n      <div class=\"section-info mb-10 max-w-[833px] \">\n                    <div class=\"pretitle accent-color mb-3\">MM Board &#038; Paper<\/div>\n                            <h2 class=\"title mb-4\">Anwendungen<\/h2>\n                            <div class=\"section_text \"><p>MM Board &amp; Paper bietet die optimale L\u00f6sung f\u00fcr eine Vielzahl von Anwendungen.<\/p>\n<p>Unsere faserbasierten Produkte werden in vielen Bereichen eingesetzt, wie zum Beispiel in der Lebensmittelverpackung, der Verpackung f\u00fcr Pharmazeutika und Gesundheitsprodukte, der Verpackung f\u00fcr K\u00f6rperpflegeprodukte, im B\u00fcro- und kommerziellen Druck sowie in Hochdrucklaminaten.<\/p>\n<p>Die Hauptkunden sind Kartonverarbeiter in der stark fragmentierten europ\u00e4ischen Faltschachtelindustrie sowie Markeninhaber und Einzelh\u00e4ndler.<\/p>\n<\/div>\n                \n            <\/div>\n      <div class=\"grid-list\" style=\"--gridColumns: 2\">\n                             <div class=\"card-w-bg-image  bg-color \" style=\"--bgColor: #ffffff; --textColor:;\">\n            <a href=\"https:\/\/mm-test.digilicious.cloud\/de\/board-paper\/anwendungen\/\" class=\"card-inner\" title=\"\"  target=\"\">\n      \n          \n                    <h3 class=\"card-w-bg-image-title\">Food<\/h3>\n          \n        <div class=\"card-w-bg-image-footer\">\n                        <div class=\"card-w-bg-image-img\">\n                <img src=\"https:\/\/mm-test.digilicious.cloud\/wp-content\/uploads\/icon-bp-food.svg\" alt=\"\" width=\"200\" height=\"200\" loading=\"lazy\" decoding=\"async\" class=\"card-w-bg-image-img\">\n            <\/div>\n                                        <div class=\"card-w-bg-image-svg-wrapper animation-rounded-scale\">\n                    <svg width=\"60\" height=\"60\" viewBox=\"0 0 60 60\" fill=\"none\" xmlns=\"http:\/\/www.w3.org\/2000\/svg\">\n<path d=\"M24.42 52.4961L26.7484 49.8621L6.26789 31.7579L60 31.7579L60 28.2423L6.26789 28.2423L26.7484 10.1381L24.42 7.50406L2.04617e-06 29.0906L1.88715e-06 30.9096L24.42 52.4961Z\" fill=\"currentColor\"\/>\n<\/svg>\n                <\/div>\n                    <\/div>\n            <\/a>\n        \n    <\/div>                             <div class=\"card-w-bg-image  bg-color \" style=\"--bgColor: #ffffff; --textColor:;\">\n            <a href=\"https:\/\/mm-test.digilicious.cloud\/de\/board-paper\/applications\/#non-food\" class=\"card-inner\" title=\"\"  target=\"\">\n      \n          \n                    <h3 class=\"card-w-bg-image-title\">Non-food<\/h3>\n          \n        <div class=\"card-w-bg-image-footer\">\n                        <div class=\"card-w-bg-image-img\">\n                <img src=\"https:\/\/mm-test.digilicious.cloud\/wp-content\/uploads\/icon-bp-non-food.svg\" alt=\"\" width=\"200\" height=\"200\" loading=\"lazy\" decoding=\"async\" class=\"card-w-bg-image-img\">\n            <\/div>\n                                        <div class=\"card-w-bg-image-svg-wrapper animation-rounded-scale\">\n                    <svg width=\"60\" height=\"60\" viewBox=\"0 0 60 60\" fill=\"none\" xmlns=\"http:\/\/www.w3.org\/2000\/svg\">\n<path d=\"M24.42 52.4961L26.7484 49.8621L6.26789 31.7579L60 31.7579L60 28.2423L6.26789 28.2423L26.7484 10.1381L24.42 7.50406L2.04617e-06 29.0906L1.88715e-06 30.9096L24.42 52.4961Z\" fill=\"currentColor\"\/>\n<\/svg>\n                <\/div>\n                    <\/div>\n            <\/a>\n        \n    <\/div>              <\/div>\n    <\/div>\n  <\/section>\n\n\n<section id=\"block_6f51db59cbef3db87f68fcaa72137125\" data-block_6f51db59cbef3db87f68fcaa72137125\n    class=\"banner-xl align transparent  container-bg  \">\n    <div class=\"container\">\n            <\/div>\n    <div class=\"container container-wrapper  reverse \">\n                    <div class=\"col-image\">\n                <div class=\"swiper\">\n                    <div class=\"swiper-wrapper\">\n                                                                                                            <div class=\"swiper-slide \">\n                                                                    <img decoding=\"async\" loading=\"lazy\" width=\"640\" height=\"640\"\n                                        src=\"https:\/\/mm-test.digilicious.cloud\/wp-content\/uploads\/487e0be40a2d475917b82835f9446287-scaled-e1722948425731.webp\" alt=\"\"\n                                        >\n                                                            <\/div>\n                                            <\/div>\n                <\/div>\n            <\/div> <!-- Cierre de la col-image -->\n            <div class=\"col-content\">\n                                <div class=\"swiper-container\">\n                    <div class=\"swiper\">\n                        <div class=\"swiper-wrapper\">\n                                                                                             <div class=\"swiper-slide\">\n                                    <div class=\"banner-info-content\"  data-aos=\"fade-up\" data-aos-duration=\"1000\">\n                                                                                    <div class=\"pretitle mb-[11px] accent-color\">Think next. Multi-Mill-Konzept<\/div>\n                                                                                                                            <h2\n                                                class=\"mb-4  title \">\n                                                Wir bieten unseren Kunden h\u00f6chste Versorgungssicherheit mit unserem Muli-Mill-Konzept<\/h2>\n                                                                                                                            <div class=\"banner_text custom-list\"><p>Die Produktion bestimmter Kartonqualit\u00e4ten in mehreren Fabriken garantiert zuverl\u00e4ssige Lieferung, stabile Qualit\u00e4t und kurze Lieferzeiten.<\/p>\n<\/div>\n                                                                                                                                                            <\/div>\n                                <\/div>\n                                                    <\/div>\n                    <\/div>\n                                    <\/div>\n            <\/div>\n            <\/div>\n<\/section>\n\n\n<section id=\"block_a8bdfe410539232c9709c0904d76dade\" data-block_a8bdfe410539232c9709c0904d76dade class=\"faqs align transparent  container-bg \">\n  <div class=\"container\">\n                  <div class=\"handy_wrapper\">\n                            <button class=\"handy_el\" id=\"arrowHandy-block_a8bdfe410539232c9709c0904d76dade-1\" type=\"button\" data-hc-control=\"handyCollapse-block_a8bdfe410539232c9709c0904d76dade-1\" data-counter=\"block_a8bdfe410539232c9709c0904d76dade-1\">\n            <div class=\"top_el\">\n                              <div class=\"el_title\">FAQ 1<\/div>\n                            <div id=\"plus-icon-block_a8bdfe410539232c9709c0904d76dade-1\" class=\"ico-plus visible\"><svg width=\"20\" height=\"20\" viewBox=\"0 0 20 20\" fill=\"none\" xmlns=\"http:\/\/www.w3.org\/2000\/svg\">\n<line class=\"line-vertical\" x1=\"10\" y1=\"20\" x2=\"10\" stroke=\"black\"\/>\n<line class=\"line-horizontal\" y1=\"10\" x2=\"20\" y2=\"10\" stroke=\"black\"\/>\n<\/svg><\/div>\n            <\/div>\n            <div class=\"el_text\" data-hc-content=\"handyCollapse-block_a8bdfe410539232c9709c0904d76dade-1\">\n<p>Lorem ipsum<\/p>\n<\/div>\n          <\/button>\n                            <button class=\"handy_el\" id=\"arrowHandy-block_a8bdfe410539232c9709c0904d76dade-2\" type=\"button\" data-hc-control=\"handyCollapse-block_a8bdfe410539232c9709c0904d76dade-2\" data-counter=\"block_a8bdfe410539232c9709c0904d76dade-2\">\n            <div class=\"top_el\">\n                              <div class=\"el_title\">FAQ 2<\/div>\n                            <div id=\"plus-icon-block_a8bdfe410539232c9709c0904d76dade-2\" class=\"ico-plus visible\"><svg width=\"20\" height=\"20\" viewBox=\"0 0 20 20\" fill=\"none\" xmlns=\"http:\/\/www.w3.org\/2000\/svg\">\n<line class=\"line-vertical\" x1=\"10\" y1=\"20\" x2=\"10\" stroke=\"black\"\/>\n<line class=\"line-horizontal\" y1=\"10\" x2=\"20\" y2=\"10\" stroke=\"black\"\/>\n<\/svg><\/div>\n            <\/div>\n            <div class=\"el_text\" data-hc-content=\"handyCollapse-block_a8bdfe410539232c9709c0904d76dade-2\">\n<p>Lorem ipsum<\/p>\n<\/div>\n          <\/button>\n                \n      <\/div>\n      \n  <\/div>\n<\/section>","protected":false},"excerpt":{"rendered":"","protected":false},"author":1,"featured_media":0,"parent":16672,"menu_order":65,"comment_status":"closed","ping_status":"closed","template":"","meta":{"_acf_changed":false,"inline_featured_image":false,"footnotes":""},"page-category":[],"class_list":["post-17944","page","type-page","status-publish","hentry"],"acf":[],"_links":{"self":[{"href":"https:\/\/mm-test.digilicious.cloud\/de\/wp-json\/wp\/v2\/pages\/17944","targetHints":{"allow":["GET"]}}],"collection":[{"href":"https:\/\/mm-test.digilicious.cloud\/de\/wp-json\/wp\/v2\/pages"}],"about":[{"href":"https:\/\/mm-test.digilicious.cloud\/de\/wp-json\/wp\/v2\/types\/page"}],"author":[{"embeddable":true,"href":"https:\/\/mm-test.digilicious.cloud\/de\/wp-json\/wp\/v2\/users\/1"}],"replies":[{"embeddable":true,"href":"https:\/\/mm-test.digilicious.cloud\/de\/wp-json\/wp\/v2\/comments?post=17944"}],"version-history":[{"count":1,"href":"https:\/\/mm-test.digilicious.cloud\/de\/wp-json\/wp\/v2\/pages\/17944\/revisions"}],"predecessor-version":[{"id":76101,"href":"https:\/\/mm-test.digilicious.cloud\/de\/wp-json\/wp\/v2\/pages\/17944\/revisions\/76101"}],"up":[{"embeddable":true,"href":"https:\/\/mm-test.digilicious.cloud\/de\/wp-json\/wp\/v2\/pages\/16672"}],"wp:attachment":[{"href":"https:\/\/mm-test.digilicious.cloud\/de\/wp-json\/wp\/v2\/media?parent=17944"}],"wp:term":[{"taxonomy":"page-category","embeddable":true,"href":"https:\/\/mm-test.digilicious.cloud\/de\/wp-json\/wp\/v2\/page-category?post=17944"}],"curies":[{"name":"wp","href":"https:\/\/api.w.org\/{rel}","templated":true}]}}