{"id":18334,"date":"2024-09-04T10:55:45","date_gmt":"2024-09-04T08:55:45","guid":{"rendered":"https:\/\/mm-live.digilicious.cloud\/mm-integrity-line\/"},"modified":"2025-10-06T10:48:25","modified_gmt":"2025-10-06T08:48:25","slug":"mm-integrity-line","status":"publish","type":"page","link":"https:\/\/mm-test.digilicious.cloud\/de\/mm-integrity-line\/","title":{"rendered":"MM Integrity Line"},"content":{"rendered":"<section id=\"block_c7ff0519e07f3ec54dabe63711a30b73\" data-block_c7ff0519e07f3ec54dabe63711a30b73 class=\"hero-small darker-green page-parent\">\n  <div class=\"container-big\">\n    <div class=\"container\">\n      <div class=\"col-info\">\n                          <h1 class=\"title \">MM Integrity Line<\/h1>\n                      <\/div>\n    <\/div>\n    <div class=\"col-imgs\">\n              <picture class=\"patterns\">\n          <source media=\"(min-width:1280px)\" srcset=\"https:\/\/mm-test.digilicious.cloud\/wp-content\/uploads\/hero-pattern-774x259-1.svg\">\n          <source media=\"(min-width:1024px)\" srcset=\"https:\/\/mm-test.digilicious.cloud\/wp-content\/uploads\/pattern-privacy-statement-desktop-s.png\">\n          <source media=\"(min-width:480px)\" srcset=\"https:\/\/mm-test.digilicious.cloud\/wp-content\/uploads\/hero-pattern-1024x259-1.svg\">\n          <img src=\"https:\/\/mm-test.digilicious.cloud\/wp-content\/uploads\/pattern-privacy-statement-desktop-s.png\" alt=\"green white pattern privacy\" width=\"1000\" height=\"518\" loading=\"lazy\" decoding=\"async\" >\n        <\/picture>      \n          <\/div>\n  <\/div>\n<\/section>\n\n<section id=\"block_be3ca355489bba5d81afc183ea90a1f9\" data-block_be3ca355489bba5d81afc183ea90a1f9 class=\"content-basic align white  container-bg \">\n  <div class=\"container\">\n    <div class=\"info_basic \">\n      <div class=\"section-info mb-10 max-w-[833px] \">\n                            <h2 class=\"title mb-4\">MM Integrity Line<\/h2>\n                            <div class=\"section_text \"><p>MM steht f\u00fcr eine verantwortungsvolle Unternehmensf\u00fchrung. Geleitet von den Grunds\u00e4tzen der Integrit\u00e4t, Ehrlichkeit und Transparenz ist MM bestrebt, mit seinen Vertragspartnern die h\u00f6chstm\u00f6glichen Standards in Bezug auf Qualit\u00e4t, Sicherheit und Nachhaltigkeit zu erf\u00fcllen.<\/p>\n<p>Wir sind davon \u00fcberzeugt, dass die Einhaltung h\u00f6chster ethischer Standards uns auch in Zukunft helfen wird, erfolgreiche langfristige Beziehungen mit unseren Gesch\u00e4ftspartnern und Mitarbeitern zu pflegen. Sollten Ihnen jedoch in der Zusammenarbeit mit MM Verhaltensweisen oder Umst\u00e4nde auffallen, die Sie als Fehlverhalten ansehen, bitten wir Sie, uns diese zu melden.<\/p>\n<p><strong>Bitte nutzen Sie dazu unsere \u201eMM Integrity Line\u201c. Meldungen k\u00f6nnen v\u00f6llig anonym erfolgen.<\/strong><\/p>\n<\/div>\n                \n                    <div class=\"links-wrapper flex flex-wrap mt-8 gap-4\">\n                                                                                 <a class=\"btn  btn-secondary \" href=\"https:\/\/mmgroup.integrityline.com\/\" target=\"_blank\" rel=\"nofollow noopener\">\n                            <span>\n                                MM Integrity Line\n                                                                    <svg width=\"20\" height=\"20\" viewBox=\"0 0 20 20\" fill=\"none\" xmlns=\"http:\/\/www.w3.org\/2000\/svg\">\n<path d=\"M17.9107 10.2096H0.375V9.78773H17.9107H18.9011L18.1591 9.13177L11.6132 3.34541L11.8926 3.02933L19.625 9.86453V10.1328L11.8926 16.968L11.6132 16.6519L18.1591 10.8656L18.9011 10.2096H17.9107Z\" fill=\"currentColor\" stroke=\"currentColor\" stroke-width=\"0.75\"\/>\n<\/svg>\n                                                            <\/span>\n                    <\/a>\n                                                <\/div>\n            <\/div>\n    <\/div>\n  <\/div>\n<\/section>","protected":false},"excerpt":{"rendered":"","protected":false},"author":1,"featured_media":0,"parent":0,"menu_order":0,"comment_status":"closed","ping_status":"closed","template":"","meta":{"_acf_changed":false,"inline_featured_image":false,"footnotes":""},"page-category":[],"class_list":["post-18334","page","type-page","status-publish","hentry"],"acf":[],"_links":{"self":[{"href":"https:\/\/mm-test.digilicious.cloud\/de\/wp-json\/wp\/v2\/pages\/18334","targetHints":{"allow":["GET"]}}],"collection":[{"href":"https:\/\/mm-test.digilicious.cloud\/de\/wp-json\/wp\/v2\/pages"}],"about":[{"href":"https:\/\/mm-test.digilicious.cloud\/de\/wp-json\/wp\/v2\/types\/page"}],"author":[{"embeddable":true,"href":"https:\/\/mm-test.digilicious.cloud\/de\/wp-json\/wp\/v2\/users\/1"}],"replies":[{"embeddable":true,"href":"https:\/\/mm-test.digilicious.cloud\/de\/wp-json\/wp\/v2\/comments?post=18334"}],"version-history":[{"count":1,"href":"https:\/\/mm-test.digilicious.cloud\/de\/wp-json\/wp\/v2\/pages\/18334\/revisions"}],"predecessor-version":[{"id":59387,"href":"https:\/\/mm-test.digilicious.cloud\/de\/wp-json\/wp\/v2\/pages\/18334\/revisions\/59387"}],"wp:attachment":[{"href":"https:\/\/mm-test.digilicious.cloud\/de\/wp-json\/wp\/v2\/media?parent=18334"}],"wp:term":[{"taxonomy":"page-category","embeddable":true,"href":"https:\/\/mm-test.digilicious.cloud\/de\/wp-json\/wp\/v2\/page-category?post=18334"}],"curies":[{"name":"wp","href":"https:\/\/api.w.org\/{rel}","templated":true}]}}