{"id":35175,"date":"2024-11-19T14:40:49","date_gmt":"2024-11-19T13:40:49","guid":{"rendered":"https:\/\/mm-test.digilicious.cloud\/?page_id=35175"},"modified":"2024-11-27T14:19:15","modified_gmt":"2024-11-27T13:19:15","slug":"carton-cavity-system","status":"publish","type":"page","link":"https:\/\/mm-test.digilicious.cloud\/de\/packaging\/innovationen\/innovative-losungen\/carton-cavity-system\/","title":{"rendered":"Carton Cavity System"},"content":{"rendered":"<section id=\"block_f333ef353f8fc702ebfa27fe375d939c\" data-block_f333ef353f8fc702ebfa27fe375d939c class=\"hero-page align superlight-pink  container-bg  page-subchild\">\n  <div class=\"container-big\">\n    <div class=\"container\">\n      <div class=\"col-info\">\n                          <div class=\"pretitle mb-2\">Innovative L\u00f6sungen<\/div>\n                          <h1 class=\"title mb-2\">Carton Cavity System<\/h1>\n                          <div class=\"text\"><p>Entdecken Sie unsere innovative L\u00f6sung mit nahezu unbegrenzten M\u00f6glichkeiten!<br \/>\nWir bieten ma\u00dfgeschneiderte L\u00f6sungen, die perfekt auf Ihre Anforderungen abgestimmt sind.<br \/>\nSind Sie bereit, uns herauszufordern?<\/p>\n<\/div>\n                      <\/div>\n    <\/div>\n    <div class=\"col-imgs \">\n              <picture class=\"patterns\">\n          <source media=\"(min-width:1280px)\" srcset=\"https:\/\/mm-test.digilicious.cloud\/wp-content\/uploads\/header-pattern-red-v4-desktop-1.svg\">\n          <source media=\"(min-width:768px)\" srcset=\"https:\/\/mm-test.digilicious.cloud\/wp-content\/uploads\/header-pattern-red-v4-tablet-1.svg\">\n          <img fetchpriority=\"high\" src=\"https:\/\/mm-test.digilicious.cloud\/wp-content\/uploads\/header-pattern-red-v4-mobile-1.svg\" alt=\"\" width=\"769\" height=\"256\" loading=\"eager\" decoding=\"async\" >\n        <\/picture>      \n                    <picture class=\"background-image\">\n          <source media=\"(min-width:1280px)\" srcset=\"https:\/\/mm-test.digilicious.cloud\/wp-content\/uploads\/confectionery_hi_1024x1024.jpg\">\n          <source media=\"(min-width:768px)\" srcset=\"https:\/\/mm-test.digilicious.cloud\/wp-content\/uploads\/confectionery_hi_772x1024.jpg\">\n          <img src=\"https:\/\/mm-test.digilicious.cloud\/wp-content\/uploads\/confectionery_hi_1516x512.jpg\" alt=\"MM packaging confectionery\" width=\"1516\" height=\"512\" loading=\"eager\" decoding=\"async\" >\n        <\/picture> \n          <\/div>\n  <\/div>\n<\/section>\n<section class=\"section-breadcrumb container-bg\">\n        <div class=\"container\">\n            <nav aria-label=\"breadcrumbs\" class=\"rank-math-breadcrumb\"><p><a href=\"https:\/\/mm-test.digilicious.cloud\/de\/\">MM Group<\/a><span class=\"separator\"> \/ <\/span><a href=\"https:\/\/mm-test.digilicious.cloud\/de\/wp-json\/\">Wp Json<\/a><span class=\"separator\"> \/ <\/span><a href=\"https:\/\/mm-test.digilicious.cloud\/de\/wp-json\/wp\/\">Wp<\/a><span class=\"separator\"> \/ <\/span><a href=\"https:\/\/mm-test.digilicious.cloud\/de\/wp-json\/wp\/v2\/\">V2<\/a><span class=\"separator\"> \/ <\/span><a href=\"https:\/\/mm-test.digilicious.cloud\/de\/wp-json\/wp\/v2\/pages\/\">Pages<\/a><span class=\"separator\"> \/ <\/span><span class=\"last\">35175<\/span><\/p><\/nav>    \n        <\/div>\n    <\/section>\n\n\n<section id=\"features\" data-features\n    class=\"banner-xl align white  container-bg   banner-xl-slider \">\n    <div class=\"container\">\n            <\/div>\n    <div class=\"container container-wrapper  reverse \">\n                    <div class=\"col-image\">\n                <div class=\"swiper\">\n                    <div class=\"swiper-wrapper\">\n                                                                                                            <div class=\"swiper-slide \">\n                                                                    <img decoding=\"async\" loading=\"lazy\" width=\"1100\" height=\"1100\"\n                                        src=\"https:\/\/mm-test.digilicious.cloud\/wp-content\/uploads\/Confectionnary.png\" alt=\"\"\n                                        >\n                                                            <\/div>\n                                                                                                            <div class=\"swiper-slide \">\n                                                                    <img decoding=\"async\" loading=\"lazy\" width=\"1100\" height=\"1100\"\n                                        src=\"https:\/\/mm-test.digilicious.cloud\/wp-content\/uploads\/ccs05-.png\" alt=\"carton cavity system \"\n                                        >\n                                                            <\/div>\n                                                                                                            <div class=\"swiper-slide \">\n                                                                    <img decoding=\"async\" loading=\"lazy\" width=\"1100\" height=\"1100\"\n                                        src=\"https:\/\/mm-test.digilicious.cloud\/wp-content\/uploads\/CCS06-.png\" alt=\"\"\n                                        >\n                                                            <\/div>\n                                                                                                            <div class=\"swiper-slide \">\n                                                                    <img decoding=\"async\" loading=\"lazy\" width=\"1100\" height=\"1100\"\n                                        src=\"https:\/\/mm-test.digilicious.cloud\/wp-content\/uploads\/CCS07.png\" alt=\"circular floral packaging\"\n                                        >\n                                                            <\/div>\n                                            <\/div>\n                <\/div>\n            <\/div> <!-- Cierre de la col-image -->\n            <div class=\"col-content\">\n                                    <div class=\"swiper-pagination\"><\/div>\n                                <div class=\"swiper-container\">\n                    <div class=\"swiper\">\n                        <div class=\"swiper-wrapper\">\n                                                                                             <div class=\"swiper-slide\">\n                                    <div class=\"banner-info-content\"  data-aos=\"fade-up\" data-aos-duration=\"1000\">\n                                                                                    <div class=\"pretitle mb-[11px] accent-color\">Carton Cavity System<\/div>\n                                                                                                                            <h2\n                                                class=\"mb-4  title-small \">\n                                                Vielseitigkeit<\/h2>\n                                                                                                                            <div class=\"banner_text custom-list\"><p>Das CCS ist sowohl in positiven als auch negativen Variationen erh\u00e4ltlich, entweder mit oder ohne Rahmen. Lieferung als gestapelte Eins\u00e4tze oder im flachen Format. Hochwertiger Druck und Veredelung sind ebenfalls m\u00f6glich.<\/p>\n<\/div>\n                                                                                                                                                            <\/div>\n                                <\/div>\n                                                                                             <div class=\"swiper-slide\">\n                                    <div class=\"banner-info-content\"  data-aos=\"fade-up\" data-aos-duration=\"1000\">\n                                                                                    <div class=\"pretitle mb-[11px] accent-color\">Carton Cavity System<\/div>\n                                                                                                                            <h2\n                                                class=\"mb-4  title-small \">\n                                                Das Prinzip<\/h2>\n                                                                                                                            <div class=\"banner_text custom-list\"><p>Ein Passepartout (als Zuschnitt oder Rahmen) + einzelne Kavit\u00e4ten sind miteinander verbunden. Die Tiefe der Kavit\u00e4ten kann variieren, solange die Zusammensetzung symmetrisch ist.<\/p>\n<\/div>\n                                                                                                                                                            <\/div>\n                                <\/div>\n                                                                                             <div class=\"swiper-slide\">\n                                    <div class=\"banner-info-content\"  data-aos=\"fade-up\" data-aos-duration=\"1000\">\n                                                                                    <div class=\"pretitle mb-[11px] accent-color\">Carton Cavity System<\/div>\n                                                                                                                            <h2\n                                                class=\"mb-4  title-small \">\n                                                Barriere<\/h2>\n                                                                                                                            <div class=\"banner_text custom-list\"><p>Verschiedene Optionen f\u00fcr die Barriereanwendung sind in Kombination mit dem Carton Cavity System verf\u00fcgbar.<\/p>\n<p>Barriere via:<\/p>\n<ul>\n<li>Lacke<\/li>\n<li>Spezialkarton<\/li>\n<li>PE Coating<\/li>\n<\/ul>\n<\/div>\n                                                                                                                                                            <\/div>\n                                <\/div>\n                                                                                             <div class=\"swiper-slide\">\n                                    <div class=\"banner-info-content\"  data-aos=\"fade-up\" data-aos-duration=\"1000\">\n                                                                                    <div class=\"pretitle mb-[11px] accent-color\">Carton Cavity System<\/div>\n                                                                                                                            <h2\n                                                class=\"mb-4  title-small \">\n                                                Integration<\/h2>\n                                                                                                                            <div class=\"banner_text custom-list\"><p>Basierend auf unseren Erfahrungen waren beim Ersetzen von Plastikschalen durch die CCS-L\u00f6sung keine gro\u00dfen Anpassungen an den bestehenden Abf\u00fcllmaschinen erforderlich.<\/p>\n<\/div>\n                                                                                                                                                            <\/div>\n                                <\/div>\n                                                    <\/div>\n                    <\/div>\n                                            <div class=\"navigation-buttons\">\n                            <button title=\"Previous slide\" class=\"swiper-button-prev accent-color\"><svg width=\"60\" height=\"60\" viewBox=\"0 0 60 60\" fill=\"none\" xmlns=\"http:\/\/www.w3.org\/2000\/svg\">\n<path d=\"M24.42 52.4961L26.7484 49.8621L6.26789 31.7579L60 31.7579L60 28.2423L6.26789 28.2423L26.7484 10.1381L24.42 7.50406L2.04617e-06 29.0906L1.88715e-06 30.9096L24.42 52.4961Z\" fill=\"currentColor\"\/>\n<\/svg><\/button>\n                            <button title=\"Next slide\" class=\"swiper-button-next accent-color\"><svg width=\"60\" height=\"60\" viewBox=\"0 0 60 60\" fill=\"none\" xmlns=\"http:\/\/www.w3.org\/2000\/svg\">\n<path d=\"M24.42 52.4961L26.7484 49.8621L6.26789 31.7579L60 31.7579L60 28.2423L6.26789 28.2423L26.7484 10.1381L24.42 7.50406L2.04617e-06 29.0906L1.88715e-06 30.9096L24.42 52.4961Z\" fill=\"currentColor\"\/>\n<\/svg><\/button>\n                        <\/div>\n                                    <\/div>\n            <\/div>\n            <\/div>\n<\/section>\n\n\n<section id=\"block_98ae49a4fd3965eb5d0e62a5afe1e130\" data-block_98ae49a4fd3965eb5d0e62a5afe1e130 class=\"slider-card-icon-number align dark-pink  container-bg \">\n  <div class=\"container\">\n    <div class=\"section-info mb-10 max-w-[833px] \">\n                            <h2 class=\"title mb-4\">verwandter Markt<\/h2>\n                        \n            <\/div>\n          <div class=\" swiper\">\n        <div class=\"swiper-wrapper\">\n                                   <div class=\"swiper-slide\">\n              <div class=\"card-w-icon-number  card-center \"  >\n            <img src=\"https:\/\/mm-test.digilicious.cloud\/wp-content\/uploads\/beauty-products.png\" alt=\"\" width=\"512\" height=\"512\" loading=\"lazy\" decoding=\"async\" class=\"icon\">\n                    <h3 class=\"card-w-icon-number-title\">Beauty &#038; Personal Care<\/h3>\n                    <div class=\"card-w-icon-number-link\">\n            <a class=\"btn btn-secondary\" href=\"https:\/\/mm-test.digilicious.cloud\/de\/packaging\/markte\/beauty-personal-care-packaging\/\" target=\"\"\n                title=\"\">\n                <span><svg width=\"60\" height=\"60\" viewBox=\"0 0 60 60\" fill=\"none\" xmlns=\"http:\/\/www.w3.org\/2000\/svg\">\n<path d=\"M24.42 52.4961L26.7484 49.8621L6.26789 31.7579L60 31.7579L60 28.2423L6.26789 28.2423L26.7484 10.1381L24.42 7.50406L2.04617e-06 29.0906L1.88715e-06 30.9096L24.42 52.4961Z\" fill=\"currentColor\"\/>\n<\/svg><\/span>\n            <\/a>\n        <\/div>\n    <\/div>\n            <\/div>\n                                   <div class=\"swiper-slide\">\n              <div class=\"card-w-icon-number  card-center \"  >\n            <img src=\"https:\/\/mm-test.digilicious.cloud\/wp-content\/uploads\/food-1.png\" alt=\"\" width=\"512\" height=\"512\" loading=\"lazy\" decoding=\"async\" class=\"icon\">\n                    <h3 class=\"card-w-icon-number-title\">Essen &#038; Getr\u00e4nke<\/h3>\n                    <div class=\"card-w-icon-number-link\">\n            <a class=\"btn btn-secondary\" href=\"https:\/\/mm-test.digilicious.cloud\/de\/packaging\/markte\/essen-getranke-packaging\/\" target=\"\"\n                title=\"\">\n                <span><svg width=\"60\" height=\"60\" viewBox=\"0 0 60 60\" fill=\"none\" xmlns=\"http:\/\/www.w3.org\/2000\/svg\">\n<path d=\"M24.42 52.4961L26.7484 49.8621L6.26789 31.7579L60 31.7579L60 28.2423L6.26789 28.2423L26.7484 10.1381L24.42 7.50406L2.04617e-06 29.0906L1.88715e-06 30.9096L24.42 52.4961Z\" fill=\"currentColor\"\/>\n<\/svg><\/span>\n            <\/a>\n        <\/div>\n    <\/div>\n            <\/div>\n                                   <div class=\"swiper-slide\">\n              <div class=\"card-w-icon-number  card-center \"  >\n            <img src=\"https:\/\/mm-test.digilicious.cloud\/wp-content\/uploads\/pharma.png\" alt=\"\" width=\"512\" height=\"512\" loading=\"lazy\" decoding=\"async\" class=\"icon\">\n                    <h3 class=\"card-w-icon-number-title\">Pharma &#038; Healthcare<\/h3>\n                    <div class=\"card-w-icon-number-link\">\n            <a class=\"btn btn-secondary\" href=\"https:\/\/mm-test.digilicious.cloud\/de\/packaging\/markte\/pharma-packaging\/\" target=\"\"\n                title=\"\">\n                <span><svg width=\"60\" height=\"60\" viewBox=\"0 0 60 60\" fill=\"none\" xmlns=\"http:\/\/www.w3.org\/2000\/svg\">\n<path d=\"M24.42 52.4961L26.7484 49.8621L6.26789 31.7579L60 31.7579L60 28.2423L6.26789 28.2423L26.7484 10.1381L24.42 7.50406L2.04617e-06 29.0906L1.88715e-06 30.9096L24.42 52.4961Z\" fill=\"currentColor\"\/>\n<\/svg><\/span>\n            <\/a>\n        <\/div>\n    <\/div>\n            <\/div>\n                  <\/div>\n        <div class=\"swiper-pagination\"><\/div>\n        <div class=\"swiper-footer\">\n          <button title=\"Previous slide\" class=\"swiper-button-prev small accent-color\"><svg width=\"60\" height=\"60\" viewBox=\"0 0 60 60\" fill=\"none\" xmlns=\"http:\/\/www.w3.org\/2000\/svg\">\n<path d=\"M24.42 52.4961L26.7484 49.8621L6.26789 31.7579L60 31.7579L60 28.2423L6.26789 28.2423L26.7484 10.1381L24.42 7.50406L2.04617e-06 29.0906L1.88715e-06 30.9096L24.42 52.4961Z\" fill=\"currentColor\"\/>\n<\/svg><\/button>\n          <div class=\"swiper-scrollbar\"><\/div>\n          <button title=\"Next slide\" class=\"swiper-button-next small accent-color\"><svg width=\"60\" height=\"60\" viewBox=\"0 0 60 60\" fill=\"none\" xmlns=\"http:\/\/www.w3.org\/2000\/svg\">\n<path d=\"M24.42 52.4961L26.7484 49.8621L6.26789 31.7579L60 31.7579L60 28.2423L6.26789 28.2423L26.7484 10.1381L24.42 7.50406L2.04617e-06 29.0906L1.88715e-06 30.9096L24.42 52.4961Z\" fill=\"currentColor\"\/>\n<\/svg><\/button>\n        <\/div>\n        \n      <\/div>\n      \n  <\/div>\n<\/section>\n\n<section id=\"block_2c07aa655821a1d886442fcc1fed8d56\" data-block_2c07aa655821a1d886442fcc1fed8d56 class=\"separator-w-icon align dark-pink position-right  container-bg  \">\n  <div class=\"container\">\n    <div class=\"inner relative\" data-aos=\"fade-up\" data-aos-duration=\"1000\">\n      <picture>\n                  <source media=\"(min-width: 1024px)\" srcset=\"https:\/\/mm-test.digilicious.cloud\/wp-content\/uploads\/Group-1000004977-2.png\">\n                <img src=\"https:\/\/mm-test.digilicious.cloud\/wp-content\/uploads\/Group-1000004977-2.png\" alt=\"\" width=\"300\" height=\"200\" loading=\"lazy\" decoding=\"async\" class=\"bg-image\">\n    <\/picture>\n    <\/div>\n  <\/div>\n<\/section>\n\n<section id=\"block_c85917280530152bf3442a94c6847866\" data-block_c85917280530152bf3442a94c6847866\n    class=\"banner-cta-full align    superlight-pink  container-bg\"\n        >\n    <div class=\"container\">\n                    <div class=\"section-info mb-10 max-w-[833px]\">\n                                                    <h2 class=\"title mb-4\">Ben\u00f6tigen Sie Unterst\u00fctzung?<\/h2>\n                                            <\/div>\n                            <div class=\"banner-links\">\n                                                                                                    <a class=\"btn  btn-primary \"\n                            href=\"mailto:ccs.mmpv@mm.group\" target=\"\">\n                            <span>\n                                Kontaktieren Sie uns\n                                                            <\/span>\n                        <\/a>\n                                                                    <\/div>\n            <\/div>\n<\/section>\n","protected":false},"excerpt":{"rendered":"","protected":false},"author":3,"featured_media":0,"parent":17634,"menu_order":0,"comment_status":"closed","ping_status":"closed","template":"","meta":{"_acf_changed":false,"inline_featured_image":false,"footnotes":""},"page-category":[],"class_list":["post-35175","page","type-page","status-publish","hentry"],"acf":[],"_links":{"self":[{"href":"https:\/\/mm-test.digilicious.cloud\/de\/wp-json\/wp\/v2\/pages\/35175","targetHints":{"allow":["GET"]}}],"collection":[{"href":"https:\/\/mm-test.digilicious.cloud\/de\/wp-json\/wp\/v2\/pages"}],"about":[{"href":"https:\/\/mm-test.digilicious.cloud\/de\/wp-json\/wp\/v2\/types\/page"}],"author":[{"embeddable":true,"href":"https:\/\/mm-test.digilicious.cloud\/de\/wp-json\/wp\/v2\/users\/3"}],"replies":[{"embeddable":true,"href":"https:\/\/mm-test.digilicious.cloud\/de\/wp-json\/wp\/v2\/comments?post=35175"}],"version-history":[{"count":1,"href":"https:\/\/mm-test.digilicious.cloud\/de\/wp-json\/wp\/v2\/pages\/35175\/revisions"}],"predecessor-version":[{"id":35399,"href":"https:\/\/mm-test.digilicious.cloud\/de\/wp-json\/wp\/v2\/pages\/35175\/revisions\/35399"}],"up":[{"embeddable":true,"href":"https:\/\/mm-test.digilicious.cloud\/de\/wp-json\/wp\/v2\/pages\/17634"}],"wp:attachment":[{"href":"https:\/\/mm-test.digilicious.cloud\/de\/wp-json\/wp\/v2\/media?parent=35175"}],"wp:term":[{"taxonomy":"page-category","embeddable":true,"href":"https:\/\/mm-test.digilicious.cloud\/de\/wp-json\/wp\/v2\/page-category?post=35175"}],"curies":[{"name":"wp","href":"https:\/\/api.w.org\/{rel}","templated":true}]}}