{"id":71561,"date":"2025-11-21T10:01:36","date_gmt":"2025-11-21T09:01:36","guid":{"rendered":"https:\/\/mm-test.digilicious.cloud\/?page_id=71561"},"modified":"2025-11-21T10:01:55","modified_gmt":"2025-11-21T09:01:55","slug":"we-invent","status":"publish","type":"page","link":"https:\/\/mm-test.digilicious.cloud\/de\/we-invent\/","title":{"rendered":"we.invent"},"content":{"rendered":"<section id=\"block_1730761dc633181217001775e279d1b2\" data-block_1730761dc633181217001775e279d1b2 class=\"hero-page align darker-green  container-bg  page-parent\">\n  <div class=\"container-big\">\n    <div class=\"container\">\n      <div class=\"col-info\">\n                          <div class=\"pretitle mb-2\">Willkommen bei \u201ewe.invent \u2013 Open Innovation\u201c!<\/div>\n                          <h1 class=\"title mb-2\">Bereit, die Zukunft zu gestalten?<\/h1>\n                              <\/div>\n    <\/div>\n    <div class=\"col-imgs  patterns-full \">\n              <picture class=\"patterns\">\n          <source media=\"(min-width:1280px)\" srcset=\"https:\/\/mm-test.digilicious.cloud\/wp-content\/uploads\/header-pattern-full-desktop-1.webp\">\n          <source media=\"(min-width:768px)\" srcset=\"https:\/\/mm-test.digilicious.cloud\/wp-content\/uploads\/header-pattern-full-tablet-2.svg\">\n          <img fetchpriority=\"high\" src=\"https:\/\/mm-test.digilicious.cloud\/wp-content\/uploads\/header-pattern-full-mobile.png\" alt=\"\" width=\"776\" height=\"310\" loading=\"eager\" decoding=\"async\" >\n        <\/picture>      \n                    <picture class=\"background-image\">\n          <source media=\"(min-width:1280px)\" srcset=\"https:\/\/mm-test.digilicious.cloud\/wp-content\/uploads\/1024x1024-Header-Square.png\">\n          <source media=\"(min-width:768px)\" srcset=\"https:\/\/mm-test.digilicious.cloud\/wp-content\/uploads\/base_772x1024px-1.jpg\">\n          <img src=\"https:\/\/mm-test.digilicious.cloud\/wp-content\/uploads\/769x256-Smartphone.png\" alt=\"\" width=\"769\" height=\"256\" loading=\"eager\" decoding=\"async\" >\n        <\/picture> \n          <\/div>\n  <\/div>\n<\/section>\n<section class=\"section-breadcrumb container-bg\">\n        <div class=\"container\">\n            <nav aria-label=\"breadcrumbs\" class=\"rank-math-breadcrumb\"><p><a href=\"https:\/\/mm-test.digilicious.cloud\/de\/\">MM Group<\/a><span class=\"separator\"> \/ <\/span><a href=\"https:\/\/mm-test.digilicious.cloud\/de\/wp-json\/\">Wp Json<\/a><span class=\"separator\"> \/ <\/span><a href=\"https:\/\/mm-test.digilicious.cloud\/de\/wp-json\/wp\/\">Wp<\/a><span class=\"separator\"> \/ <\/span><a href=\"https:\/\/mm-test.digilicious.cloud\/de\/wp-json\/wp\/v2\/\">V2<\/a><span class=\"separator\"> \/ <\/span><a href=\"https:\/\/mm-test.digilicious.cloud\/de\/wp-json\/wp\/v2\/pages\/\">Pages<\/a><span class=\"separator\"> \/ <\/span><span class=\"last\">71561<\/span><\/p><\/nav>    \n        <\/div>\n    <\/section>\n\n\n<section id=\"block_857ba48250d9f3a1310a91e4d82d0464\" data-block_857ba48250d9f3a1310a91e4d82d0464\n    class=\"banner-xl align transparent  container-bg  \">\n    <div class=\"container\">\n            <\/div>\n    <div class=\"container container-wrapper \">\n                    <div class=\"col-image\">\n                <div class=\"swiper\">\n                    <div class=\"swiper-wrapper\">\n                                                                                                            <div class=\"swiper-slide \">\n                                                                    <img decoding=\"async\" loading=\"lazy\" width=\"1024\" height=\"1024\"\n                                        src=\"https:\/\/mm-test.digilicious.cloud\/wp-content\/uploads\/1024x1024-Header-Square.png\" alt=\"\"\n                                         style=\"width: 100%\" >\n                                                            <\/div>\n                                            <\/div>\n                <\/div>\n            <\/div> <!-- Cierre de la col-image -->\n            <div class=\"col-content\">\n                                <div class=\"swiper-container\">\n                    <div class=\"swiper\">\n                        <div class=\"swiper-wrapper\">\n                                                                                             <div class=\"swiper-slide\">\n                                    <div class=\"banner-info-content\"  data-aos=\"fade-up\" data-aos-duration=\"1000\">\n                                                                                                                            <h2\n                                                class=\"mb-4  title \">\n                                                Innovation starts with you!<\/h2>\n                                                                                                                            <div class=\"banner_text custom-list\"><p>Mit <em>we.invent<\/em> laden wir Mitarbeiter*innen und externe Partner ein, kreative Ideen einzubringen, um neue Produkte, Services und L\u00f6sungen zu entwickeln. Ob kleine Verbesserung oder gro\u00dfe Vision \u2013 <strong>dein Beitrag z\u00e4hlt<\/strong>.<\/p>\n<\/div>\n                                                                                                                                                            <\/div>\n                                <\/div>\n                                                    <\/div>\n                    <\/div>\n                                    <\/div>\n            <\/div>\n            <\/div>\n<\/section>\n\n\n<section id=\"vision\" data-vision class=\"list-cards align light-green  container-bg \">\n  <div class=\"container\">\n    <div class=\"section-info mb-10 max-w-[833px] \">\n                            <h2 class=\"title mb-4\">Was wir suchen <\/h2>\n                            <div class=\"section_text \"><p>Du hast eine gute Idee? Wir freuen uns \u00fcber Produkt- und Servicekonzepte, die zu unserem Kerngesch\u00e4ft \u2013 der Herstellung und Verarbeitung von Karton und Papier \u2013 passen.<br \/>\nAuf der we.invent Plattform kannst du deine Ideen auf unterschiedlichen Wegen einreichen:<br \/>\nEgal ob du neue Produkte und Services f\u00fcr <strong>MM Board &amp; Paper<\/strong> oder <strong>MM Packaging<\/strong> entwickelst, kreative Ideen im <strong>Open Idea Space<\/strong> teilst oder vision\u00e4re Konzepte in der <strong>Gamechanger-Zone<\/strong> einreichst \u2013 hier findet jede Idee ihren Platz.<br \/>\nEntdecke die Kategorien unten und w\u00e4hle den Weg, der am besten zu deiner Idee passt.<\/p>\n<\/div>\n                \n            <\/div>\n          <div class=\"cards-wrapper horizontal\" style=\"--totalCols: 2\">\n                             <div class=\"card_el \">\n                          <img src=\"https:\/\/mm-test.digilicious.cloud\/wp-content\/uploads\/idee.png\" alt=\"\" width=\"256\" height=\"256\" loading=\"lazy\" decoding=\"async\" >\n                                    <div class=\"el_info flex flex-col gap-2\">\n                              <div class=\"el_title\">MM BOARD &#038; PAPER new product &#038; service ideas<\/div>\n                                            <div class=\"el_text\"> Diese MMBP-Ideenzone dient dazu, Vorschl\u00e4ge f\u00fcr neue Karton- und Papierideen einzureichen und zu sammeln.  Im Fokus stehen neue Produkte und Services f\u00fcr MMBP oder die Optimierung bestehender \u2013 ganz gleich, ob schrittweise oder disruptiv.<\/div>\n                          <\/div>  \n          <\/div>\n                             <div class=\"card_el \">\n                          <img src=\"https:\/\/mm-test.digilicious.cloud\/wp-content\/uploads\/idee.png\" alt=\"\" width=\"256\" height=\"256\" loading=\"lazy\" decoding=\"async\" >\n                                    <div class=\"el_info flex flex-col gap-2\">\n                              <div class=\"el_title\">MM PACKAGING new product &#038; service ideas<\/div>\n                                            <div class=\"el_text\">Diese MMP-Ideenzone ist f\u00fcr Vorschl\u00e4ge rund um neue Verpackungsideen gedacht.  Im Mittelpunkt stehen neue Produkt- und Serviceideen f\u00fcr MMP oder die Weiterentwicklung bestehender L\u00f6sungen \u2013 ob evolution\u00e4r oder revolution\u00e4r. <\/div>\n                          <\/div>  \n          <\/div>\n                             <div class=\"card_el \">\n                          <img src=\"https:\/\/mm-test.digilicious.cloud\/wp-content\/uploads\/kreativitat.png\" alt=\"\" width=\"256\" height=\"256\" loading=\"lazy\" decoding=\"async\" >\n                                    <div class=\"el_info flex flex-col gap-2\">\n                              <div class=\"el_title\">Open Ideas <\/div>\n                                            <div class=\"el_text\">Der Open Idea Space ist der kreative Freiraum auf unserer Ideenplattform \u2013 ein Bereich, der bewusst offen gestaltet ist, um Ideen Raum zu geben, die in keine bestehende Kategorie passen.  Hier geht es um ungefilterte Kreativit\u00e4t, neue Ans\u00e4tze und ungew\u00f6hnliche Perspektiven. <\/div>\n                          <\/div>  \n          <\/div>\n                             <div class=\"card_el \">\n                          <img src=\"https:\/\/mm-test.digilicious.cloud\/wp-content\/uploads\/schach.png\" alt=\"\" width=\"256\" height=\"256\" loading=\"lazy\" decoding=\"async\" >\n                                    <div class=\"el_info flex flex-col gap-2\">\n                              <div class=\"el_title\">Gamechanger-Zone<\/div>\n                                            <div class=\"el_text\">Die Gamechanger-Zone ist f\u00fcr mutige, unkonventionelle Ideen gedacht, die das Potenzial haben, bestehende Denk- und Arbeitsweisen bei MM grundlegend zu ver\u00e4ndern. <\/div>\n                          <\/div>  \n          <\/div>\n              <\/div>\n      <\/div>\n<\/section>\n\n<section id=\"block_a50806dce5e28bc9e047f447ba1fbc1b\" data-block_a50806dce5e28bc9e047f447ba1fbc1b\n    class=\"banner-xl align transparent  container-bg  \">\n    <div class=\"container\">\n            <\/div>\n    <div class=\"container container-wrapper  reverse \">\n                    <div class=\"col-image\">\n                <div class=\"swiper\">\n                    <div class=\"swiper-wrapper\">\n                                                                                                            <div class=\"swiper-slide \">\n                                                                    <img decoding=\"async\" loading=\"lazy\" width=\"2048\" height=\"2048\"\n                                        src=\"https:\/\/mm-test.digilicious.cloud\/wp-content\/uploads\/lightbulb_compressed_approx300.jpg\" alt=\"\"\n                                         style=\"width: 100%\" >\n                                                            <\/div>\n                                            <\/div>\n                <\/div>\n            <\/div> <!-- Cierre de la col-image -->\n            <div class=\"col-content\">\n                                <div class=\"swiper-container\">\n                    <div class=\"swiper\">\n                        <div class=\"swiper-wrapper\">\n                                                                                             <div class=\"swiper-slide\">\n                                    <div class=\"banner-info-content\"  data-aos=\"fade-up\" data-aos-duration=\"1000\">\n                                                                                                                            <h2\n                                                class=\"mb-4  title \">\n                                                So einfach geht\u2019s<\/h2>\n                                                                                                                            <div class=\"banner_text custom-list\"><ol>\n<li><strong>1. Plattform besuchen<\/strong> \u2013 Geh auf die we.invent \u2013 Open Innovation Plattform und starte dort deine Einreichung.<\/li>\n<li><strong>2. Idee teilen<\/strong> \u2013 Gib deiner Idee einen klaren Titel und beschreibe sie so ausf\u00fchrlich, dass wir deine Vision vollst\u00e4ndig verstehen k\u00f6nnen.<\/li>\n<li><strong>3. Mehrwert aufzeigen<\/strong> \u2013 Erkl\u00e4re, welche Kundensegmente profitieren k\u00f6nnten, wie sich die Idee einer Produktkategorie oder einem Ideentyp zuordnen l\u00e4sst und an welchem Produktionsstandort oder an welcher Maschine sie umgesetzt werden k\u00f6nnte.<\/li>\n<li><strong>4. Absenden &amp; Feedback erhalten<\/strong> \u2013 Unser Expert*innen-Team pr\u00fcft jede Einreichung sorgf\u00e4ltig und informiert dich \u00fcber die Bewertung und die n\u00e4chsten Schritte.<\/li>\n<\/ol>\n<\/div>\n                                                                                                                                                                    <div class=\"mt-9 mb-3\">\n                                                <a class=\"btn btn-secondary\" href=\"https:\/\/my.edison365.com\/MMGroup\/Weinvent\/home\" target=\"_blank\" rel=\"nofollow noopener\">\n                                                    <span>\n                                                        Jetzt Idee einreichen\n                                                                                                            <\/span>\n                                                <\/a>\n                                            <\/div>\n                                                                            <\/div>\n                                <\/div>\n                                                    <\/div>\n                    <\/div>\n                                    <\/div>\n            <\/div>\n            <\/div>\n<\/section>\n\n\n<section id=\"block_afc5b05116b50a4871581cd4b7f04568\" data-block_afc5b05116b50a4871581cd4b7f04568\n    class=\"banner-cta-full align    light-green  container-bg\"\n        >\n    <div class=\"container\">\n                    <div class=\"section-info mb-10 max-w-[833px]\">\n                                                    <h2 class=\"title mb-4\">Du hast Fragen oder m\u00f6chtest mehr \u00fcber we.invent erfahren?<\/h2>\n                                                    <div class=\"section_text mb-4\"><p>Unser <strong>Innovationsteam<\/strong> unterst\u00fctzt dich gerne \u2013 melde dich bei uns und wir kommen ins Gespr\u00e4ch.<\/p>\n<\/div>\n                            <\/div>\n                            <div class=\"banner-links\">\n                                                                                                    <a class=\"btn  btn-primary \"\n                            href=\"mailto:we.invent@mm.group\" target=\"\">\n                            <span>\n                                Kontakt aufnehmen\n                                                            <\/span>\n                        <\/a>\n                                                                    <\/div>\n            <\/div>\n<\/section>\n","protected":false},"excerpt":{"rendered":"","protected":false},"author":3,"featured_media":0,"parent":0,"menu_order":55,"comment_status":"closed","ping_status":"closed","template":"","meta":{"_acf_changed":false,"inline_featured_image":false,"footnotes":""},"page-category":[],"class_list":["post-71561","page","type-page","status-publish","hentry"],"acf":[],"_links":{"self":[{"href":"https:\/\/mm-test.digilicious.cloud\/de\/wp-json\/wp\/v2\/pages\/71561","targetHints":{"allow":["GET"]}}],"collection":[{"href":"https:\/\/mm-test.digilicious.cloud\/de\/wp-json\/wp\/v2\/pages"}],"about":[{"href":"https:\/\/mm-test.digilicious.cloud\/de\/wp-json\/wp\/v2\/types\/page"}],"author":[{"embeddable":true,"href":"https:\/\/mm-test.digilicious.cloud\/de\/wp-json\/wp\/v2\/users\/3"}],"replies":[{"embeddable":true,"href":"https:\/\/mm-test.digilicious.cloud\/de\/wp-json\/wp\/v2\/comments?post=71561"}],"version-history":[{"count":1,"href":"https:\/\/mm-test.digilicious.cloud\/de\/wp-json\/wp\/v2\/pages\/71561\/revisions"}],"predecessor-version":[{"id":71563,"href":"https:\/\/mm-test.digilicious.cloud\/de\/wp-json\/wp\/v2\/pages\/71561\/revisions\/71563"}],"wp:attachment":[{"href":"https:\/\/mm-test.digilicious.cloud\/de\/wp-json\/wp\/v2\/media?parent=71561"}],"wp:term":[{"taxonomy":"page-category","embeddable":true,"href":"https:\/\/mm-test.digilicious.cloud\/de\/wp-json\/wp\/v2\/page-category?post=71561"}],"curies":[{"name":"wp","href":"https:\/\/api.w.org\/{rel}","templated":true}]}}